{"id":3255,"date":"2023-12-05T21:23:34","date_gmt":"2023-12-06T03:23:34","guid":{"rendered":"https:\/\/at2e-usa.com\/product\/idg-1-indicador-de-diametro-interior-para-capsulas\/"},"modified":"2024-10-12T07:17:07","modified_gmt":"2024-10-12T12:17:07","slug":"idg-1-indicador-de-diametro-interior-para-capsulas","status":"publish","type":"product","link":"https:\/\/at2e-usa.com\/es\/producto\/idg-1-indicador-de-diametro-interior-para-capsulas\/","title":{"rendered":"IDG-1 &#8211; Indicador de di\u00e1metro interior para capsulas"},"content":{"rendered":"<p>El objetivo de esta unidad es probar si el di\u00e1metro interno de la cubierta de la corona est\u00e1 calificado.<\/p>\n<p>Para determinar si la muestra cumple con el est\u00e1ndar, el extremo peque\u00f1o debe encajar en el c\u00edrculo interno de las muestras, mientras que el extremo m\u00e1s grande no.<\/p>\n<p>Se fabrica a medida con diferentes di\u00e1metros. Los clientes deben especificar el rango de di\u00e1metro deseado.<\/p>\n","protected":false},"excerpt":{"rendered":"<p><strong>Medidor simple para verificar el di\u00e1metro de la muestra<\/strong><\/p>\n","protected":false},"featured_media":2606,"comment_status":"closed","ping_status":"closed","template":"","meta":[],"product_brand":[],"product_cat":[65],"product_tag":[],"class_list":{"0":"post-3255","1":"product","2":"type-product","3":"status-publish","4":"has-post-thumbnail","6":"product_cat-gorra-de-corona","8":"first","9":"instock","10":"shipping-taxable","11":"product-type-simple"},"_links":{"self":[{"href":"https:\/\/at2e-usa.com\/es\/wp-json\/wp\/v2\/product\/3255","targetHints":{"allow":["GET"]}}],"collection":[{"href":"https:\/\/at2e-usa.com\/es\/wp-json\/wp\/v2\/product"}],"about":[{"href":"https:\/\/at2e-usa.com\/es\/wp-json\/wp\/v2\/types\/product"}],"replies":[{"embeddable":true,"href":"https:\/\/at2e-usa.com\/es\/wp-json\/wp\/v2\/comments?post=3255"}],"version-history":[{"count":1,"href":"https:\/\/at2e-usa.com\/es\/wp-json\/wp\/v2\/product\/3255\/revisions"}],"predecessor-version":[{"id":10065,"href":"https:\/\/at2e-usa.com\/es\/wp-json\/wp\/v2\/product\/3255\/revisions\/10065"}],"wp:featuredmedia":[{"embeddable":true,"href":"https:\/\/at2e-usa.com\/es\/wp-json\/wp\/v2\/media\/2606"}],"wp:attachment":[{"href":"https:\/\/at2e-usa.com\/es\/wp-json\/wp\/v2\/media?parent=3255"}],"wp:term":[{"taxonomy":"product_brand","embeddable":true,"href":"https:\/\/at2e-usa.com\/es\/wp-json\/wp\/v2\/product_brand?post=3255"},{"taxonomy":"product_cat","embeddable":true,"href":"https:\/\/at2e-usa.com\/es\/wp-json\/wp\/v2\/product_cat?post=3255"},{"taxonomy":"product_tag","embeddable":true,"href":"https:\/\/at2e-usa.com\/es\/wp-json\/wp\/v2\/product_tag?post=3255"}],"curies":[{"name":"wp","href":"https:\/\/api.w.org\/{rel}","templated":true}]}}