{"id":3256,"date":"2023-12-05T21:22:35","date_gmt":"2023-12-06T03:22:35","guid":{"rendered":"https:\/\/at2e-usa.com\/product\/hwbc-2-cortador-de-botellas-con-hilo-caliente\/"},"modified":"2024-10-12T07:17:32","modified_gmt":"2024-10-12T12:17:32","slug":"hwbc-2-cortador-de-botellas-con-hilo-caliente","status":"publish","type":"product","link":"https:\/\/at2e-usa.com\/es\/producto\/hwbc-2-cortador-de-botellas-con-hilo-caliente\/","title":{"rendered":"HWBC-2 &#8211; Cortador de Botellas con Hilo Caliente"},"content":{"rendered":"<p>La popular e innovadora\u00a0<strong>HWBC-2 &#8211; Cortador de Botellas con Hilo Caliente<\/strong>\u00a0de AT2E es una m\u00e1quina cortadora de botellas de pl\u00e1stico autom\u00e1tica y rentable que permite un an\u00e1lisis replicable del peso de las secciones. Los cables calentados cortan limpiamente las botellas de PET para garantizar que las secciones sean exactamente del mismo tama\u00f1o que en la prueba anterior.<\/p>\n<p>Es necesario un corte preciso y repetible para el an\u00e1lisis adecuado de las diferentes secciones de las botellas.<\/p>\n<p>El usuario puede personalizar la temperatura del alambre y la velocidad de corte para mayor flexibilidad. Los cables y soportes se pueden mover haciendo posible un corte tan fino como 25 mm (0,98 pulgadas).<\/p>\n<p>Con un extractor de aire incorporado y un dise\u00f1o de puerta de seguridad, los gases nocivos pueden alejarse del operador durante o despu\u00e9s del corte.<\/p>\n<p>Una botella de PET se puede cortar hasta 5 secciones predeterminadas bajo una fuerza constante. Luego se pueden comprobar los planos de secci\u00f3n recortados con precisi\u00f3n para garantizar que se ajusten exactamente al peso especificado.<\/p>\n<p>Para precisi\u00f3n, seguridad y eficiencia al cortar botellas, la HWBC-2 es la soluci\u00f3n inteligente.<\/p>\n<p><strong><u>Caracter\u00edsticas:<\/u><\/strong><\/p>\n<ul>\n<li>El proceso de corte autom\u00e1tico y preciso ofrece un modo de operaci\u00f3n muy sencillo<\/li>\n<li>La potencia de calentamiento\/potencia en espera\/velocidad de corte\/velocidad de retorno del cable y el retraso de corte son ajustables<\/li>\n<li>Dise\u00f1o que ahorra energ\u00eda<\/li>\n<li>Dise\u00f1o duradero de acero inoxidable<\/li>\n<li>La pantalla t\u00e1ctil ofrece un funcionamiento sencillo y f\u00e1cil de usar<\/li>\n<li>Hasta 5 secciones cortadas y adecuadas para botellas de hasta 2 L<\/li>\n<li>Dise\u00f1o de puerta de seguridad y ventilador de extracci\u00f3n que expulsa los gases lejos del operador<\/li>\n<li>Excelente repetibilidad<\/li>\n<li>Soportes regulables para botellas durante el proceso de corte<\/li>\n<li>Las reglas graduadas permiten un posicionamiento preciso de los cables<\/li>\n<\/ul>\n<p><strong><u>Especificaciones t\u00e9cnicas:<\/u><\/strong><\/p>\n<ul>\n<li>Rango de muestra:\n<ul>\n<li>Altura m\u00e1xima: 2\u201d \/ 360 mm<\/li>\n<li>Di\u00e1metro m\u00e1ximo: 3\u201d \/ 110 mm<\/li>\n<\/ul>\n<\/li>\n<li>Fuente de alimentaci\u00f3n: 115 o 220 VCA \/ 60 Hz<\/li>\n<li>Dimensi\u00f3n: 20\u201d x 23\u201d x 24\u201d \/ 470 x 510 x 350 mm (largo x ancho x alto)<\/li>\n<li>Peso neto: 110 lbs \/ 50 kg<\/li>\n<\/ul>\n","protected":false},"excerpt":{"rendered":"<p class=\" translation-block\"><strong>Instrumento autom\u00e1tico para an\u00e1lisis de peso en secciones de botellas PET<\/strong><\/p>\n<p class=\" translation-block\">El popular e innovador cortador de botellas de alambre caliente\u00a0<strong>HWBC-2<\/strong>\u00a0de AT2E es una m\u00e1quina cortadora de botellas de pl\u00e1stico autom\u00e1tica y rentable que permite realizar an\u00e1lisis de peso de secciones replicables. Los cables calentados cortan limpiamente las botellas de PET para garantizar que las secciones sean exactamente del mismo tama\u00f1o que en la prueba anterior.<\/p>\n","protected":false},"featured_media":9100,"comment_status":"closed","ping_status":"closed","template":"","meta":[],"product_brand":[],"product_cat":[71,77],"product_tag":[],"class_list":{"0":"post-3256","1":"product","2":"type-product","3":"status-publish","4":"has-post-thumbnail","6":"product_cat-botellas-de-plastico-pet","7":"product_cat-corte-de-envases","9":"first","10":"instock","11":"shipping-taxable","12":"product-type-simple"},"_links":{"self":[{"href":"https:\/\/at2e-usa.com\/es\/wp-json\/wp\/v2\/product\/3256","targetHints":{"allow":["GET"]}}],"collection":[{"href":"https:\/\/at2e-usa.com\/es\/wp-json\/wp\/v2\/product"}],"about":[{"href":"https:\/\/at2e-usa.com\/es\/wp-json\/wp\/v2\/types\/product"}],"replies":[{"embeddable":true,"href":"https:\/\/at2e-usa.com\/es\/wp-json\/wp\/v2\/comments?post=3256"}],"version-history":[{"count":1,"href":"https:\/\/at2e-usa.com\/es\/wp-json\/wp\/v2\/product\/3256\/revisions"}],"predecessor-version":[{"id":10066,"href":"https:\/\/at2e-usa.com\/es\/wp-json\/wp\/v2\/product\/3256\/revisions\/10066"}],"wp:featuredmedia":[{"embeddable":true,"href":"https:\/\/at2e-usa.com\/es\/wp-json\/wp\/v2\/media\/9100"}],"wp:attachment":[{"href":"https:\/\/at2e-usa.com\/es\/wp-json\/wp\/v2\/media?parent=3256"}],"wp:term":[{"taxonomy":"product_brand","embeddable":true,"href":"https:\/\/at2e-usa.com\/es\/wp-json\/wp\/v2\/product_brand?post=3256"},{"taxonomy":"product_cat","embeddable":true,"href":"https:\/\/at2e-usa.com\/es\/wp-json\/wp\/v2\/product_cat?post=3256"},{"taxonomy":"product_tag","embeddable":true,"href":"https:\/\/at2e-usa.com\/es\/wp-json\/wp\/v2\/product_tag?post=3256"}],"curies":[{"name":"wp","href":"https:\/\/api.w.org\/{rel}","templated":true}]}}