{"id":3257,"date":"2023-12-05T21:21:00","date_gmt":"2023-12-06T03:21:00","guid":{"rendered":"https:\/\/at2e-usa.com\/product\/hwbc-1-cortador-de-botellas-de-alambre-caliente\/"},"modified":"2024-10-12T07:17:55","modified_gmt":"2024-10-12T12:17:55","slug":"cortador-de-botellas-de-alambre-caliente-hwbc-1","status":"publish","type":"product","link":"https:\/\/at2e-usa.com\/es\/producto\/cortador-de-botellas-de-alambre-caliente-hwbc-1\/","title":{"rendered":"Cortador de botellas de alambre caliente &#8211; HWBC-1"},"content":{"rendered":"<p>El\u00a0<strong>HWBC-1\u00a0<\/strong><strong>Alambre<\/strong><strong>\u00a0Cortador de Botellas<\/strong><strong>\u00a0ofrece una manera f\u00e1cil y rentable de cortar contenedores por peso en secciones an\u00e1lisis. Se obtendr\u00e1 r\u00e1pidamente una secci\u00f3n limpia y sin deformaciones cortando la botella con alambres calientes calentados. Es f\u00e1cil lograr un corte preciso y replicable y, a menudo, es un componente necesario para un an\u00e1lisis adecuado del soplado de botellas.<\/strong><\/p>\n<p>Con la HWBC-1, se puede cortar una botella de PET con hasta 5 secciones predeterminadas, lo que permite verificar cada secci\u00f3n para garantizar que se ajuste al peso exacto especificado.<\/p>\n<p>HWBC-1 se ofrece en dos versiones, para muestras de di\u00e1metro est\u00e1ndar y grande.<\/p>\n<p><strong><u>Ventajas:<\/u><\/strong><\/p>\n<ul>\n<li>Corte preciso de botellas<\/li>\n<li>Cables de calentamiento r\u00e1pido<\/li>\n<li>Dise\u00f1o que ahorra energ\u00eda<\/li>\n<li>Interruptor de temperatura (3 posiciones)<\/li>\n<li>Corta hasta 5 secciones predeterminadas<\/li>\n<li>Dise\u00f1o duradero<\/li>\n<li>F\u00e1cil de operar<\/li>\n<li>Equipado con una cubierta de seguridad, dise\u00f1ada para mantener los gases de escape alejados de la cara del operador<\/li>\n<li>Excelente replicabilidad<\/li>\n<li>El modo de calefacci\u00f3n dual ahorra energ\u00eda y prolonga la vida \u00fatil de los cables<\/li>\n<li>Soportes regulables para botellas durante el proceso de corte<\/li>\n<li>Soporte de acabado universal<\/li>\n<li>Las reglas graduadas permiten un posicionamiento preciso de los cables<\/li>\n<\/ul>\n<p><strong><u>Especificaciones t\u00e9cnicas:<\/u><\/strong><\/p>\n<ul>\n<li>Tama\u00f1o de acabado: 0,7\u201d a 1,5\u201d \/ 17 a 40 mm \u00d8<\/li>\n<li>Altura m\u00e1xima de la muestra: 16\u201d \/ 410 mm<\/li>\n<li>Di\u00e1metro m\u00e1ximo de la muestra:\n<ul>\n<li>5\u201d \/ 125 mm (<strong>modelo est\u00e1ndar<\/strong>)<\/li>\n<li>25\u201d \/ 210 mm (<strong>modelo grande<\/strong>)<\/li>\n<\/ul>\n<\/li>\n<li>Fuente de alimentaci\u00f3n: 115 o 220 VCA \/ 60 Hz<\/li>\n<li>Dimensi\u00f3n: 21\u201d x 20,25\u201d x 15,75\u201d \/ 535 x 515 x 400 mm (largo x ancho x alto)<\/li>\n<li>Peso neto: 44 libras\/20 kg<\/li>\n<\/ul>\n","protected":false},"excerpt":{"rendered":"<p><strong>Cortador de secciones de botellas: dispositivo para cortar botellas de PET en secciones para an\u00e1lisis de peso<\/strong><\/p>\n<p class=\" translation-block\">El cortador de botellas de alambre caliente\u00a0<strong>HWBC-1<\/strong>\u00a0ofrece una manera f\u00e1cil y rentable de cortar contenedores en secciones para realizar an\u00e1lisis de peso. Se obtiene una secci\u00f3n limpia y sin deformaciones cortando la botella con alambres calentados. Es f\u00e1cil lograr un corte preciso y repetible y es necesario para un an\u00e1lisis de calidad exhaustivo.<\/p>\n","protected":false},"featured_media":9094,"comment_status":"open","ping_status":"closed","template":"","meta":[],"product_brand":[],"product_cat":[71,77],"product_tag":[],"class_list":{"0":"post-3257","1":"product","2":"type-product","3":"status-publish","4":"has-post-thumbnail","6":"product_cat-botellas-de-plastico-pet","7":"product_cat-corte-de-envases","9":"first","10":"instock","11":"shipping-taxable","12":"product-type-simple"},"_links":{"self":[{"href":"https:\/\/at2e-usa.com\/es\/wp-json\/wp\/v2\/product\/3257","targetHints":{"allow":["GET"]}}],"collection":[{"href":"https:\/\/at2e-usa.com\/es\/wp-json\/wp\/v2\/product"}],"about":[{"href":"https:\/\/at2e-usa.com\/es\/wp-json\/wp\/v2\/types\/product"}],"replies":[{"embeddable":true,"href":"https:\/\/at2e-usa.com\/es\/wp-json\/wp\/v2\/comments?post=3257"}],"version-history":[{"count":1,"href":"https:\/\/at2e-usa.com\/es\/wp-json\/wp\/v2\/product\/3257\/revisions"}],"predecessor-version":[{"id":10067,"href":"https:\/\/at2e-usa.com\/es\/wp-json\/wp\/v2\/product\/3257\/revisions\/10067"}],"wp:featuredmedia":[{"embeddable":true,"href":"https:\/\/at2e-usa.com\/es\/wp-json\/wp\/v2\/media\/9094"}],"wp:attachment":[{"href":"https:\/\/at2e-usa.com\/es\/wp-json\/wp\/v2\/media?parent=3257"}],"wp:term":[{"taxonomy":"product_brand","embeddable":true,"href":"https:\/\/at2e-usa.com\/es\/wp-json\/wp\/v2\/product_brand?post=3257"},{"taxonomy":"product_cat","embeddable":true,"href":"https:\/\/at2e-usa.com\/es\/wp-json\/wp\/v2\/product_cat?post=3257"},{"taxonomy":"product_tag","embeddable":true,"href":"https:\/\/at2e-usa.com\/es\/wp-json\/wp\/v2\/product_tag?post=3257"}],"curies":[{"name":"wp","href":"https:\/\/api.w.org\/{rel}","templated":true}]}}