{"id":3261,"date":"2023-12-05T21:15:21","date_gmt":"2023-12-06T03:15:21","guid":{"rendered":"https:\/\/at2e-usa.com\/product\/gcg-calibrador-de-centrado\/"},"modified":"2024-10-12T07:19:18","modified_gmt":"2024-10-12T12:19:18","slug":"gcg-calibrador-de-centrado","status":"publish","type":"product","link":"https:\/\/at2e-usa.com\/es\/producto\/gcg-calibrador-de-centrado\/","title":{"rendered":"GCG &#8211; Calibrador de Centrado"},"content":{"rendered":"<p class=\" translation-block\">El<strong>\u00a0GCG\u00a0<\/strong>Gate Center Gauge sirve para verificar r\u00e1pida y f\u00e1cilmente la centralidad del punto de inyecci\u00f3n de una botella soplada. El<br \/>\nLa abrazadera de centrado ajustable y la escala de f\u00e1cil observaci\u00f3n permiten una operaci\u00f3n r\u00e1pida y sencilla.<br \/>\n\u200b<br \/>\n<strong>Especificaciones t\u00e9cnicas:<\/strong><\/p>\n<ul>\n<li>Rango de di\u00e1metro de botella: hasta 85 mm (consulte con AT2E para di\u00e1metros mayores)<\/li>\n<li>Peso: 4 kg<\/li>\n<\/ul>\n","protected":false},"excerpt":{"rendered":"<h2 class=\"wsite-content-title\"><strong><span style=\"font-size: medium;\">Para verificar f\u00e1cil y r\u00e1pidamente la centricidad del punto de inyecci\u00f3n de una botella soplada<\/span><\/strong><\/h2>\n","protected":false},"featured_media":2593,"comment_status":"closed","ping_status":"closed","template":"","meta":[],"product_brand":[],"product_cat":[66],"product_tag":[],"class_list":{"0":"post-3261","1":"product","2":"type-product","3":"status-publish","4":"has-post-thumbnail","6":"product_cat-dimensional-es","8":"first","9":"instock","10":"shipping-taxable","11":"product-type-simple"},"_links":{"self":[{"href":"https:\/\/at2e-usa.com\/es\/wp-json\/wp\/v2\/product\/3261","targetHints":{"allow":["GET"]}}],"collection":[{"href":"https:\/\/at2e-usa.com\/es\/wp-json\/wp\/v2\/product"}],"about":[{"href":"https:\/\/at2e-usa.com\/es\/wp-json\/wp\/v2\/types\/product"}],"replies":[{"embeddable":true,"href":"https:\/\/at2e-usa.com\/es\/wp-json\/wp\/v2\/comments?post=3261"}],"version-history":[{"count":1,"href":"https:\/\/at2e-usa.com\/es\/wp-json\/wp\/v2\/product\/3261\/revisions"}],"predecessor-version":[{"id":10071,"href":"https:\/\/at2e-usa.com\/es\/wp-json\/wp\/v2\/product\/3261\/revisions\/10071"}],"wp:featuredmedia":[{"embeddable":true,"href":"https:\/\/at2e-usa.com\/es\/wp-json\/wp\/v2\/media\/2593"}],"wp:attachment":[{"href":"https:\/\/at2e-usa.com\/es\/wp-json\/wp\/v2\/media?parent=3261"}],"wp:term":[{"taxonomy":"product_brand","embeddable":true,"href":"https:\/\/at2e-usa.com\/es\/wp-json\/wp\/v2\/product_brand?post=3261"},{"taxonomy":"product_cat","embeddable":true,"href":"https:\/\/at2e-usa.com\/es\/wp-json\/wp\/v2\/product_cat?post=3261"},{"taxonomy":"product_tag","embeddable":true,"href":"https:\/\/at2e-usa.com\/es\/wp-json\/wp\/v2\/product_tag?post=3261"}],"curies":[{"name":"wp","href":"https:\/\/api.w.org\/{rel}","templated":true}]}}