{"id":3262,"date":"2023-12-05T21:13:53","date_gmt":"2023-12-06T03:13:53","guid":{"rendered":"https:\/\/at2e-usa.com\/product\/gbit-probador-de-resistencia-al-impacto-para-botella-de-vidrio\/"},"modified":"2024-10-12T07:19:37","modified_gmt":"2024-10-12T12:19:37","slug":"gbit-probador-de-resistencia-al-impacto-para-botella-de-vidrio","status":"publish","type":"product","link":"https:\/\/at2e-usa.com\/es\/producto\/gbit-probador-de-resistencia-al-impacto-para-botella-de-vidrio\/","title":{"rendered":"GBIT &#8211; Probador de Resistencia al Impacto para Botella de Vidrio"},"content":{"rendered":"<p><strong><u>Caracteri\u0301sticas:<\/u><\/strong><\/p>\n<ul>\n<li>La abrazadera de muestra puede moverse con flexibilidad tanto en direcci\u00f3n vertical como horizontal, lo que resulta conveniente para ajustar la posici\u00f3n de la muestra.<\/li>\n<li>El instrumento est\u00e1 dise\u00f1ado de acuerdo con la ley de conservaci\u00f3n de la energ\u00eda, lo que garantiza una alta precisi\u00f3n y confiabilidad de las pruebas.<\/li>\n<li>Un p\u00e9ndulo estable y preciso capaz de girar y soltarse libremente.<\/li>\n<li>Incluye un escudo de seguridad de acero inoxidable.<\/li>\n<li>Dise\u00f1o f\u00e1cil de usar para una operaci\u00f3n sencilla.<\/li>\n<\/ul>\n<div class=\"paragraph translation-block\"><strong><u>Principio<\/u><\/strong><br \/>\nBasado en la ley de conservaci\u00f3n de la energ\u00eda, la energ\u00eda cuando el p\u00e9ndulo impacta la botella est\u00e1 determinada por la energ\u00eda potencial del lugar donde estaba colgada. Cuando el p\u00e9ndulo se cuelga en un \u00e1ngulo determinado, su energ\u00eda potencial corresponde a un valor determinado, al igual que la energ\u00eda del impacto sobre la botella. Utilizando la relaci\u00f3n de conversi\u00f3n del \u00e1ngulo de suspensi\u00f3n del p\u00e9ndulo y su energ\u00eda de impacto de valores de energ\u00eda predefinidos, podemos liberarlo y observar si la botella se da\u00f1\u00f3 o no.<\/div>\n<div>\n<div><\/div>\n<hr class=\"styled-hr\" \/>\n<div><\/div>\n<\/div>\n<div>\n<div id=\"755695730233740047\" class=\"wcustomhtml\" align=\"left\">\n<div class=\"tg-wrap\">\n<table class=\"tg\">\n<tbody>\n<tr>\n<th class=\"tg-yw4l\" colspan=\"2\">Especificaciones Te\u0301cnicas:<\/th>\n<\/tr>\n<tr>\n<td class=\"tg-yw4l\">Rango de di\u00e1metro<\/td>\n<td class=\"tg-yw4l\">\u042420 -130 mm (otros mordazas disponibles)<\/td>\n<\/tr>\n<tr>\n<td class=\"tg-yw4l\">Eneria de impacto Max<\/td>\n<td class=\"tg-yw4l\">2J<\/td>\n<\/tr>\n<tr>\n<td class=\"tg-yw4l\">Resoluci\u00f3n<\/td>\n<td class=\"tg-yw4l\">0.1J para cada lattice (cuando impacto superior a 0.6J)<\/td>\n<\/tr>\n<tr>\n<td class=\"tg-yw4l\"><\/td>\n<td class=\"tg-yw4l\">0.05J para cada lattice (cuando impacto inferior 0.6J)<\/td>\n<\/tr>\n<tr>\n<td class=\"tg-yw4l\">Perdida de energ\u00eda<\/td>\n<td class=\"tg-yw4l\">\u22641.5%FS<\/td>\n<\/tr>\n<tr>\n<td class=\"tg-yw4l\">Dimensiones<\/td>\n<td class=\"tg-yw4l\">530 mm *350 mm *700 mm<\/td>\n<\/tr>\n<\/tbody>\n<\/table>\n<\/div>\n<\/div>\n<\/div>\n","protected":false},"excerpt":{"rendered":"<p><strong>para probar una botella mediante impactos de fuerza constante<\/strong><\/p>\n<p class=\" translation-block\">El\u00a0<strong>Probador de resistencia al impacto de botellas de vidrio GBIT<\/strong>\u00a0es un instrumento para probar la resistencia al impacto de botellas y frascos de vidrio mediante un golpe de p\u00e9ndulo sobre la muestra.<\/p>\n","protected":false},"featured_media":9173,"comment_status":"open","ping_status":"closed","template":"","meta":[],"product_brand":[],"product_cat":[69,68],"product_tag":[],"class_list":{"0":"post-3262","1":"product","2":"type-product","3":"status-publish","4":"has-post-thumbnail","6":"product_cat-botella-de-vidrio","7":"product_cat-fuerza-compresion","9":"first","10":"instock","11":"shipping-taxable","12":"product-type-simple"},"_links":{"self":[{"href":"https:\/\/at2e-usa.com\/es\/wp-json\/wp\/v2\/product\/3262","targetHints":{"allow":["GET"]}}],"collection":[{"href":"https:\/\/at2e-usa.com\/es\/wp-json\/wp\/v2\/product"}],"about":[{"href":"https:\/\/at2e-usa.com\/es\/wp-json\/wp\/v2\/types\/product"}],"replies":[{"embeddable":true,"href":"https:\/\/at2e-usa.com\/es\/wp-json\/wp\/v2\/comments?post=3262"}],"version-history":[{"count":1,"href":"https:\/\/at2e-usa.com\/es\/wp-json\/wp\/v2\/product\/3262\/revisions"}],"predecessor-version":[{"id":10072,"href":"https:\/\/at2e-usa.com\/es\/wp-json\/wp\/v2\/product\/3262\/revisions\/10072"}],"wp:featuredmedia":[{"embeddable":true,"href":"https:\/\/at2e-usa.com\/es\/wp-json\/wp\/v2\/media\/9173"}],"wp:attachment":[{"href":"https:\/\/at2e-usa.com\/es\/wp-json\/wp\/v2\/media?parent=3262"}],"wp:term":[{"taxonomy":"product_brand","embeddable":true,"href":"https:\/\/at2e-usa.com\/es\/wp-json\/wp\/v2\/product_brand?post=3262"},{"taxonomy":"product_cat","embeddable":true,"href":"https:\/\/at2e-usa.com\/es\/wp-json\/wp\/v2\/product_cat?post=3262"},{"taxonomy":"product_tag","embeddable":true,"href":"https:\/\/at2e-usa.com\/es\/wp-json\/wp\/v2\/product_tag?post=3262"}],"curies":[{"name":"wp","href":"https:\/\/api.w.org\/{rel}","templated":true}]}}