{"id":3263,"date":"2023-12-05T21:12:29","date_gmt":"2023-12-06T03:12:29","guid":{"rendered":"https:\/\/at2e-usa.com\/product\/gbbt-auto-probador-automatico-de-explosion-de-botellas-de-vidrio\/"},"modified":"2024-10-12T07:19:57","modified_gmt":"2024-10-12T12:19:57","slug":"gbbt-auto-probador-automatico-de-explosion-de-botellas-de-vidrio","status":"publish","type":"product","link":"https:\/\/at2e-usa.com\/es\/producto\/gbbt-auto-probador-automatico-de-explosion-de-botellas-de-vidrio\/","title":{"rendered":"GBBT-AUTO &#8211; Probador Automa\u0301tico de Explosio\u0301n de Botellas de Vidrio"},"content":{"rendered":"<div class=\"paragraph translation-block\">La prueba de presi\u00f3n de los contenedores se realiza hasta un punto de presi\u00f3n predefinido (pasa prueba) o hasta su destrucci\u00f3n o alcanza la presi\u00f3n m\u00e1xima de prueba. La tasa de aumento de presi\u00f3n personalizable lo hace m\u00e1s flexible para diferentes requisitos de prueba. Diferentes configuraciones de ciclo, hasta 16 ciclos prealmacenados, los usuarios pueden seleccionar el ciclo correspondiente r\u00e1pidamente seg\u00fan diferentes productos sin modificar la configuraci\u00f3n. Es capaz de configurar hasta 4 pasos para las pruebas.<br \/>\n\u200b<br \/>\nComo instrumento de control de calidad est\u00e1ndar para la industria de envases de vidrio, ofrece una referencia t\u00e9cnica importante a los fabricantes para mantener o mejorar la calidad y el rendimiento del producto.<\/div>\n<div class=\"paragraph\">\n<p><u><strong>Caracter\u00edsticas:<\/strong><\/u><\/p>\n<ul>\n<li>Pruebas autom\u00e1ticas, proceso sin supervisi\u00f3n, rentable y m\u00e1s eficiente.<\/li>\n<li>Resultados enviados autom\u00e1ticamente al software o sistema de adquisici\u00f3n de datos, m\u00e1s precisos y confiables.<\/li>\n<li>PLC integrado, con pantalla t\u00e1ctil, simple e intuitivo.<\/li>\n<li>Diferentes ajustes de ciclo, hasta 16 ciclos prealmacenados. Es capaz de configurar hasta 4 pasos (4 niveles de presi\u00f3n y tiempo de retenci\u00f3n,<\/li>\n<li>el nivel de presi\u00f3n y el tiempo de retenci\u00f3n son personalizables), m\u00e1s flexible hacia diferentes requisitos de prueba.<\/li>\n<li>Ciclos prealmacenados, selecci\u00f3n f\u00e1cil y conveniente.<\/li>\n<li>Funciona con l\u00ednea de presi\u00f3n.<\/li>\n<li>Puede guardar 10 operadores y 30 productos.<\/li>\n<li>El usuario define el n\u00famero de lote del producto y el n\u00famero de secuencia.<\/li>\n<li>Valida en tiempo real el comportamiento de la curva.<\/li>\n<li>El dise\u00f1o de acero inoxidable garantiza la durabilidad del probador.<\/li>\n<li>Dise\u00f1o avanzado de puerta de seguridad, garantiza la seguridad del operador.<\/li>\n<li>Protecci\u00f3n contra sobrecarga.<\/li>\n<\/ul>\n<\/div>\n<div class=\"paragraph\">\n<p><u>Especificaciones te\u0301cnicas:<\/u><\/p>\n<ul>\n<li>Rango de medici\u00f3n: 0-60 bar\u00a0\u2022\u00a0Resoluci\u00f3n: 0.1 bar<\/li>\n<li>Unidades: bar\/psi<\/li>\n<li>Alimentaci\u00f3n: 220 V \/ 50 Hz<\/li>\n<li>Potencia disipada: 1000 VA<\/li>\n<li>Suministro de aire: 6~8 bar<\/li>\n<li>Suministro de agua: Agua del grifo, \u22651.5 bar<\/li>\n<li>Rango de muestra: Capacidad m\u00e1xima: 3.5 L<\/li>\n<li>Dimensiones del acabado: Dimensi\u00f3n interna: 15 mm, Di\u00e1metro externo: 32 mm<\/li>\n<li>Dimensiones del cuello: 25-33 mm<\/li>\n<\/ul>\n<\/div>\n<div class=\"paragraph\"><em>POR FAVOR CONSULTAR AT2E PARA OTRAS RANGOS<\/em><\/div>\n<div class=\"paragraph\">\n<ul>\n<li>Salida de datos: puerto serie est\u00e1ndar, conecte PC o miniimpresora especificada por AT2E<\/li>\n<li>Dimensiones: 1020 x 800 x 1250 mm (solo probador, el sistema de transporte debe estar sujeto a la situaci\u00f3n real)<\/li>\n<li>Peso neto: 230 kg (solo probador, el sistema de transporte debe estar sujeto a la situaci\u00f3n real)<\/li>\n<\/ul>\n<\/div>\n","protected":false},"excerpt":{"rendered":"<p><strong>GBBT-AUTO Probador Automa\u0301tico de Explosio\u0301n de Botellas de Vidrio<\/strong>\u00a0es un instrumento completamente autom\u00e1tico para probar la resistencia a la presi\u00f3n interna de recipientes de vidrio. El GBBT-AUTO adopta un sistema de control totalmente automatizado, no se requiere ning\u00fan operador durante el proceso de prueba y los datos de la prueba se enviar\u00e1n autom\u00e1ticamente al sistema de adquisici\u00f3n de datos, lo que hace que el procedimiento de prueba sea m\u00e1s f\u00e1cil y eficiente.<\/p>\n<p>Dise\u00f1ado para una f\u00e1cil operaci\u00f3n y mantenimiento, cumple con el est\u00e1ndar de prueba de\u00a0<strong>ISO 7458:2004<\/strong>.<\/p>\n","protected":false},"featured_media":2574,"comment_status":"closed","ping_status":"closed","template":"","meta":[],"product_brand":[],"product_cat":[69,62],"product_tag":[],"class_list":{"0":"post-3263","1":"product","2":"type-product","3":"status-publish","4":"has-post-thumbnail","6":"product_cat-botella-de-vidrio","7":"product_cat-prueba-de-explosion","9":"first","10":"instock","11":"shipping-taxable","12":"product-type-simple"},"_links":{"self":[{"href":"https:\/\/at2e-usa.com\/es\/wp-json\/wp\/v2\/product\/3263","targetHints":{"allow":["GET"]}}],"collection":[{"href":"https:\/\/at2e-usa.com\/es\/wp-json\/wp\/v2\/product"}],"about":[{"href":"https:\/\/at2e-usa.com\/es\/wp-json\/wp\/v2\/types\/product"}],"replies":[{"embeddable":true,"href":"https:\/\/at2e-usa.com\/es\/wp-json\/wp\/v2\/comments?post=3263"}],"version-history":[{"count":1,"href":"https:\/\/at2e-usa.com\/es\/wp-json\/wp\/v2\/product\/3263\/revisions"}],"predecessor-version":[{"id":10073,"href":"https:\/\/at2e-usa.com\/es\/wp-json\/wp\/v2\/product\/3263\/revisions\/10073"}],"wp:featuredmedia":[{"embeddable":true,"href":"https:\/\/at2e-usa.com\/es\/wp-json\/wp\/v2\/media\/2574"}],"wp:attachment":[{"href":"https:\/\/at2e-usa.com\/es\/wp-json\/wp\/v2\/media?parent=3263"}],"wp:term":[{"taxonomy":"product_brand","embeddable":true,"href":"https:\/\/at2e-usa.com\/es\/wp-json\/wp\/v2\/product_brand?post=3263"},{"taxonomy":"product_cat","embeddable":true,"href":"https:\/\/at2e-usa.com\/es\/wp-json\/wp\/v2\/product_cat?post=3263"},{"taxonomy":"product_tag","embeddable":true,"href":"https:\/\/at2e-usa.com\/es\/wp-json\/wp\/v2\/product_tag?post=3263"}],"curies":[{"name":"wp","href":"https:\/\/api.w.org\/{rel}","templated":true}]}}