{"id":3264,"date":"2023-12-05T21:10:13","date_gmt":"2023-12-06T03:10:13","guid":{"rendered":"https:\/\/at2e-usa.com\/product\/gbbt-2-probador-de-explosion-vidrio\/"},"modified":"2024-10-12T07:20:07","modified_gmt":"2024-10-12T12:20:07","slug":"gbbt-2-probador-de-explosion-vidrio","status":"publish","type":"product","link":"https:\/\/at2e-usa.com\/es\/producto\/gbbt-2-probador-de-explosion-vidrio\/","title":{"rendered":"GBBT-2 Probador de Explosi\u00f3n Vidrio"},"content":{"rendered":"<p>Dise\u00f1ado para una f\u00e1cil operaci\u00f3n y mantenimiento, cumple con las normas de prueba de ISO 7458: 2004.<\/p>\n<p>El ensayo de presi\u00f3n de los envases se realiza hasta un punto de presi\u00f3n predefinido (prueba de ensayo) o hasta su destrucci\u00f3n.<\/p>\n<p><strong><u>Caracter\u00edsticas:<\/u><\/strong><br \/>\n\u2022 Estaci\u00f3n doble que lo hace m\u00e1s eficiente para pruebas ininterrumpidas<br \/>\n\u2022 Pantalla t\u00e1ctil con PLC integrado<br \/>\n\u2022 Ciclos pre-programados (hasta 4 etapas de presi\u00f3n y tiempo de espera)<br \/>\n\u2022 Sistema de sujeci\u00f3n y llenado autom\u00e1tico<br \/>\n\u2022 Uso f\u00e1cil<br \/>\n\u2022 F\u00e1cil colocaci\u00f3n de muestras<br \/>\n\u2022 Trabaja con l\u00ednea de presi\u00f3n<br \/>\n\u2022 Memoriza 10 operarios, 30 productos, N\u00b0 de lotes, muestra, umbrales, etc<br \/>\n\u2022 N\u00fameros de lote y n\u00fameros de secuencia de productos definidos por el usuario<br \/>\n\u2022 Grafica en tiempo real estado de la prueba<br \/>\n\u2022 El dise\u00f1o de acero inoxidable garantiza la durabilidad del probador.<br \/>\n\u2022 Avanzado sistema de puerta dise\u00f1ado para la seguridad del operador durante la prueba<br \/>\n\u2022 Dise\u00f1o de dep\u00f3sito especial que facilita la recolecci\u00f3n de residuos de vidrio<br \/>\n\u2022 Salida RS 232 C<br \/>\n\u2022 Conexi\u00f3n para impresora o computador.<\/p>\n","protected":false},"excerpt":{"rendered":"<p><strong>Instrumento dual para controlar la resistencia a la explosi\u00f3n de vidrio<\/strong><\/p>\n<p class=\" translation-block\">El\u00a0<strong>GBBT-2<\/strong>\u00a0es un instrumento para probar la resistencia a la presi\u00f3n interna de los envases de vidrio. Ha sido ampliamente utilizado por los fabricantes de envases de vidrio y usuarios. Como instrumento de prueba est\u00e1ndar para la industria de vidrio, ofrece una importante referencia t\u00e9cnica a los fabricantes para mantener o mejorar la calidad y el rendimiento del producto.<\/p>\n","protected":false},"featured_media":7866,"comment_status":"open","ping_status":"closed","template":"","meta":[],"product_brand":[],"product_cat":[69,62],"product_tag":[],"class_list":{"0":"post-3264","1":"product","2":"type-product","3":"status-publish","4":"has-post-thumbnail","6":"product_cat-botella-de-vidrio","7":"product_cat-prueba-de-explosion","9":"first","10":"instock","11":"shipping-taxable","12":"product-type-simple"},"_links":{"self":[{"href":"https:\/\/at2e-usa.com\/es\/wp-json\/wp\/v2\/product\/3264","targetHints":{"allow":["GET"]}}],"collection":[{"href":"https:\/\/at2e-usa.com\/es\/wp-json\/wp\/v2\/product"}],"about":[{"href":"https:\/\/at2e-usa.com\/es\/wp-json\/wp\/v2\/types\/product"}],"replies":[{"embeddable":true,"href":"https:\/\/at2e-usa.com\/es\/wp-json\/wp\/v2\/comments?post=3264"}],"version-history":[{"count":1,"href":"https:\/\/at2e-usa.com\/es\/wp-json\/wp\/v2\/product\/3264\/revisions"}],"predecessor-version":[{"id":10074,"href":"https:\/\/at2e-usa.com\/es\/wp-json\/wp\/v2\/product\/3264\/revisions\/10074"}],"wp:featuredmedia":[{"embeddable":true,"href":"https:\/\/at2e-usa.com\/es\/wp-json\/wp\/v2\/media\/7866"}],"wp:attachment":[{"href":"https:\/\/at2e-usa.com\/es\/wp-json\/wp\/v2\/media?parent=3264"}],"wp:term":[{"taxonomy":"product_brand","embeddable":true,"href":"https:\/\/at2e-usa.com\/es\/wp-json\/wp\/v2\/product_brand?post=3264"},{"taxonomy":"product_cat","embeddable":true,"href":"https:\/\/at2e-usa.com\/es\/wp-json\/wp\/v2\/product_cat?post=3264"},{"taxonomy":"product_tag","embeddable":true,"href":"https:\/\/at2e-usa.com\/es\/wp-json\/wp\/v2\/product_tag?post=3264"}],"curies":[{"name":"wp","href":"https:\/\/api.w.org\/{rel}","templated":true}]}}