{"id":3265,"date":"2023-12-05T21:09:13","date_gmt":"2023-12-06T03:09:13","guid":{"rendered":"https:\/\/at2e-usa.com\/product\/gbbt-1-probador-de-explosion-vidrio\/"},"modified":"2024-10-12T07:20:15","modified_gmt":"2024-10-12T12:20:15","slug":"gbbt-1-probador-de-explosion-vidrio","status":"publish","type":"product","link":"https:\/\/at2e-usa.com\/es\/producto\/gbbt-1-probador-de-explosion-vidrio\/","title":{"rendered":"GBBT-1 Probador de Explosi\u00f3n Vidrio"},"content":{"rendered":"<p>Dise\u00f1ado para una f\u00e1cil operaci\u00f3n y mantenimiento, cumple con las normas de prueba de ISO 7458: 2004.<\/p>\n<p>El ensayo de presi\u00f3n de los envases se realiza hasta un punto de presi\u00f3n predefinido (prueba de ensayo) o hasta su destrucci\u00f3n.<\/p>\n<p><strong><u>Caracter\u00edsticas:<\/u><\/strong><\/p>\n<ul>\n<li>Pantalla t\u00e1ctil con PLC integrado<\/li>\n<li>Ciclos pre-programados (hasta 4 etapas de presi\u00f3n y tiempo de espera)<\/li>\n<li>Sistema de sujeci\u00f3n y llenado autom\u00e1tico<\/li>\n<li>Uso f\u00e1cil<\/li>\n<li>F\u00e1cil colocaci\u00f3n de muestras<\/li>\n<li>Trabaja con l\u00ednea de presi\u00f3n<\/li>\n<li>Puede guardar 10 operadores y 30 productos<\/li>\n<li>N\u00fameros de lote y n\u00fameros de secuencia del producto definidos por el usuario<\/li>\n<li>Grafica en tiempo real estado de la prueba<\/li>\n<li>El dise\u00f1o de acero inoxidable garantiza la durabilidad de la unidad<\/li>\n<li>Avanzado sistema de puerta dise\u00f1ado para la seguridad del operador durante la prueba<\/li>\n<li>Dise\u00f1o de dep\u00f3sito especial que facilita la recolecci\u00f3n de residuos de vidrio<\/li>\n<li>Salida RS 232 C<\/li>\n<li>Conexi\u00f3n para impresora o computador<\/li>\n<\/ul>\n<p><strong><u><br \/>\nEspecificaciones te\u0301cnicas:<\/u><\/strong><\/p>\n<ul>\n<li>Rango de medici\u00f3n: 0-57bar<\/li>\n<li>Resoluci\u00f3n: 0,1 bar<\/li>\n<li>Rango de muestra: Por pedido<\/li>\n<li>Alimentaci\u00f3n: 115 V \/ 230 V, 50-60Hz<\/li>\n<li>Dimensiones: L 620 x l 570 x H 820mm<\/li>\n<li>Peso neto: 70 kg<\/li>\n<\/ul>\n<p><strong><u>Accesorios opcionales:<\/u><\/strong><\/p>\n<ul>\n<li>Sistema de sujeci\u00f3n universal<\/li>\n<li>Programa GBBT-1<\/li>\n<\/ul>\n","protected":false},"excerpt":{"rendered":"<div class=\"paragraph\"><strong>Instrumento para controlar la resistencia a la explosi\u00f3n de vidrio<\/strong><\/div>\n<div>\n<div class=\"wsite-multicol\">\n<div class=\"wsite-multicol-table-wrap\">Contenedor de recogida de fragmentos de vidrio \/ con dep\u00f3sito de recogida de agua debajo<\/div>\n<div><\/div>\n<\/div>\n<div class=\" translation-block\">El\u00a0<strong>GBBT-1<\/strong>\u00a0es un instrumento para probar la resistencia a la presi\u00f3n interna de los envases de vidrio. Ha sido ampliamente utilizado por los fabricantes de envases de vidrio y usuarios. Como instrumento de prueba est\u00e1ndar para la industria de vidrio, ofrece una importante referencia t\u00e9cnica a los fabricantes para mantener o mejorar la calidad y el rendimiento del producto.<\/div>\n<\/div>\n","protected":false},"featured_media":9127,"comment_status":"closed","ping_status":"closed","template":"","meta":[],"product_brand":[],"product_cat":[69,62],"product_tag":[],"class_list":{"0":"post-3265","1":"product","2":"type-product","3":"status-publish","4":"has-post-thumbnail","6":"product_cat-botella-de-vidrio","7":"product_cat-prueba-de-explosion","9":"first","10":"instock","11":"shipping-taxable","12":"product-type-simple"},"_links":{"self":[{"href":"https:\/\/at2e-usa.com\/es\/wp-json\/wp\/v2\/product\/3265","targetHints":{"allow":["GET"]}}],"collection":[{"href":"https:\/\/at2e-usa.com\/es\/wp-json\/wp\/v2\/product"}],"about":[{"href":"https:\/\/at2e-usa.com\/es\/wp-json\/wp\/v2\/types\/product"}],"replies":[{"embeddable":true,"href":"https:\/\/at2e-usa.com\/es\/wp-json\/wp\/v2\/comments?post=3265"}],"version-history":[{"count":1,"href":"https:\/\/at2e-usa.com\/es\/wp-json\/wp\/v2\/product\/3265\/revisions"}],"predecessor-version":[{"id":10075,"href":"https:\/\/at2e-usa.com\/es\/wp-json\/wp\/v2\/product\/3265\/revisions\/10075"}],"wp:featuredmedia":[{"embeddable":true,"href":"https:\/\/at2e-usa.com\/es\/wp-json\/wp\/v2\/media\/9127"}],"wp:attachment":[{"href":"https:\/\/at2e-usa.com\/es\/wp-json\/wp\/v2\/media?parent=3265"}],"wp:term":[{"taxonomy":"product_brand","embeddable":true,"href":"https:\/\/at2e-usa.com\/es\/wp-json\/wp\/v2\/product_brand?post=3265"},{"taxonomy":"product_cat","embeddable":true,"href":"https:\/\/at2e-usa.com\/es\/wp-json\/wp\/v2\/product_cat?post=3265"},{"taxonomy":"product_tag","embeddable":true,"href":"https:\/\/at2e-usa.com\/es\/wp-json\/wp\/v2\/product_tag?post=3265"}],"curies":[{"name":"wp","href":"https:\/\/api.w.org\/{rel}","templated":true}]}}