{"id":3266,"date":"2023-12-05T21:07:37","date_gmt":"2023-12-06T03:07:37","guid":{"rendered":"https:\/\/at2e-usa.com\/product\/fwg-1-medidor-de-ancho-para-borde-de-lata\/"},"modified":"2024-10-12T07:20:23","modified_gmt":"2024-10-12T12:20:23","slug":"fwg-1-medidor-de-ancho-para-borde-de-lata","status":"publish","type":"product","link":"https:\/\/at2e-usa.com\/es\/producto\/fwg-1-medidor-de-ancho-para-borde-de-lata\/","title":{"rendered":"FWG-1 Medidor de Ancho para Borde de Lata"},"content":{"rendered":"<div class=\"paragraph\">Para evitar el error de registro manual, el medidor puede conectarse al sistema SPC o al software \u00abSeamCheck\u00bb de AT2E con la caja de transporte de datos DTB-1 y el cable. As\u00ed los datos puedan ser transferidos al software \u00abSeamCheck\u00bb a trav\u00e9s del DTB-1 y cable.<\/div>\n<div>\n<div id=\"427205512702465003\" class=\"wcustomhtml\" align=\"left\">\n<table class=\"tg\">\n<tbody>\n<tr>\n<th class=\"tg-yw4l\" colspan=\"2\">Especificaciones te\u0301cnicas:<\/th>\n<\/tr>\n<tr>\n<td class=\"tg-yw4l\">Rango de medici\u00f3n<\/td>\n<td class=\"tg-yw4l\">0-5 mm<\/td>\n<\/tr>\n<tr>\n<td class=\"tg-yw4l\">Resoluci\u00f3n<\/td>\n<td class=\"tg-yw4l\">0.01 mm<\/td>\n<\/tr>\n<tr>\n<td class=\"tg-yw4l\">Precisi\u00f3n<\/td>\n<td class=\"tg-yw4l\">\u00b10.01 mm<\/td>\n<\/tr>\n<tr>\n<td class=\"tg-yw4l\">Rango de muestra<\/td>\n<td class=\"tg-yw4l\">Latas de 2 y 3 piezas<\/td>\n<\/tr>\n<tr>\n<td class=\"tg-yw4l\">Capacidad<\/td>\n<td class=\"tg-yw4l\">Latas di\u00e1metro 50 hasta 90 mm (superior bajo pedido)<\/td>\n<\/tr>\n<tr>\n<td class=\"tg-yw4l\">Dimensiones<\/td>\n<td class=\"tg-yw4l\">180(L) x 103(A) x 108(H) mm<\/td>\n<\/tr>\n<tr>\n<td class=\"tg-yw4l\">Peso neto<\/td>\n<td class=\"tg-yw4l\">1 kg<\/td>\n<\/tr>\n<\/tbody>\n<\/table>\n<\/div>\n<\/div>\n","protected":false},"excerpt":{"rendered":"<p><strong>Para medir el ancho de brida de las latas de aluminio<\/strong><\/p>\n<p class=\" translation-block\"><strong>FWG-1 Medidor de Ancho para Borde de Lata<\/strong>\u00a0se utiliza para medir el ancho del borde o brida de las latas vac\u00edas.<\/p>\n<p>El dise\u00f1o de f\u00e1cil operaci\u00f3n ofrece una medici\u00f3n r\u00e1pida y precisa.<\/p>\n","protected":false},"featured_media":9156,"comment_status":"closed","ping_status":"closed","template":"","meta":[],"product_brand":[],"product_cat":[63,66],"product_tag":[],"class_list":{"0":"post-3266","1":"product","2":"type-product","3":"status-publish","4":"has-post-thumbnail","6":"product_cat-costura-de-latas","7":"product_cat-dimensional-es","9":"first","10":"instock","11":"shipping-taxable","12":"product-type-simple"},"_links":{"self":[{"href":"https:\/\/at2e-usa.com\/es\/wp-json\/wp\/v2\/product\/3266","targetHints":{"allow":["GET"]}}],"collection":[{"href":"https:\/\/at2e-usa.com\/es\/wp-json\/wp\/v2\/product"}],"about":[{"href":"https:\/\/at2e-usa.com\/es\/wp-json\/wp\/v2\/types\/product"}],"replies":[{"embeddable":true,"href":"https:\/\/at2e-usa.com\/es\/wp-json\/wp\/v2\/comments?post=3266"}],"version-history":[{"count":1,"href":"https:\/\/at2e-usa.com\/es\/wp-json\/wp\/v2\/product\/3266\/revisions"}],"predecessor-version":[{"id":10076,"href":"https:\/\/at2e-usa.com\/es\/wp-json\/wp\/v2\/product\/3266\/revisions\/10076"}],"wp:featuredmedia":[{"embeddable":true,"href":"https:\/\/at2e-usa.com\/es\/wp-json\/wp\/v2\/media\/9156"}],"wp:attachment":[{"href":"https:\/\/at2e-usa.com\/es\/wp-json\/wp\/v2\/media?parent=3266"}],"wp:term":[{"taxonomy":"product_brand","embeddable":true,"href":"https:\/\/at2e-usa.com\/es\/wp-json\/wp\/v2\/product_brand?post=3266"},{"taxonomy":"product_cat","embeddable":true,"href":"https:\/\/at2e-usa.com\/es\/wp-json\/wp\/v2\/product_cat?post=3266"},{"taxonomy":"product_tag","embeddable":true,"href":"https:\/\/at2e-usa.com\/es\/wp-json\/wp\/v2\/product_tag?post=3266"}],"curies":[{"name":"wp","href":"https:\/\/api.w.org\/{rel}","templated":true}]}}