{"id":3267,"date":"2023-12-05T21:06:20","date_gmt":"2023-12-06T03:06:20","guid":{"rendered":"https:\/\/at2e-usa.com\/product\/ft-1-probador-de-fatiga\/"},"modified":"2024-10-12T07:20:37","modified_gmt":"2024-10-12T12:20:37","slug":"ft-1-probador-de-fatiga","status":"publish","type":"product","link":"https:\/\/at2e-usa.com\/es\/producto\/ft-1-probador-de-fatiga\/","title":{"rendered":"FT-1 Probador de Fatiga"},"content":{"rendered":"<div class=\"paragraph\">\n<p><strong><u>Ventajas:<\/u><\/strong><\/p>\n<ul>\n<li>Totalmente en acero inoxidable con puerta de seguridad.<\/li>\n<li>Regla graduada para posici\u00f3n.<\/li>\n<li>Pantalla digital que muestra en tiempo real los picos y variaciones de fuerza<\/li>\n<li>Pantalla t\u00e1ctil de 4.3\u201d ofrece una interface amigable al operador.<\/li>\n<li>Pruebas de compresi\u00f3n o tensi\u00f3n.<\/li>\n<li>Modo manual o autom\u00e1tico.<\/li>\n<li>Entregado con programa para manejo de datos.<\/li>\n<\/ul>\n<\/div>\n<div>\n<div><\/div>\n<\/div>\n<div class=\"paragraph\">\n<p><strong><u>Especificaciones te\u0301cnicas:<\/u><\/strong><\/p>\n<ul>\n<li>Rango de medici\u00f3n (superiores bajo pedido):<\/li>\n<\/ul>\n<p>\u2013 Para compresi\u00f3n: 200 mm de alto<br \/>\n\u2013 Para tracci\u00f3n: 120 mm de alto<\/p>\n<ul>\n<li>Resoluci\u00f3n: 0.1 N<\/li>\n<li>Unidades: N \/ Kgf \/ lbf<\/li>\n<li>Fuerza accesorio: +\/- 0.5% F.S<\/li>\n<li>Fuerza sensor de medida: 0-200 N (superior bajo pedido)<\/li>\n<li>Alimentaci\u00f3n: AC 220V<\/li>\n<li>L\u00ednea de aire: 6-8 bares<\/li>\n<li>Idioma: Ingles<\/li>\n<li>Dimensiones: 410 x 250 x 590 mm<\/li>\n<li>Peso neto: 25 Kg<\/li>\n<\/ul>\n<p><strong><u>Accesorios opcionales:<\/u><\/strong><\/p>\n<ul>\n<li>Dispositivos para pruebas de tracci\u00f3n.<\/li>\n<\/ul>\n<\/div>\n","protected":false},"excerpt":{"rendered":"<p><strong>Probador autom\u00e1tico de presi\u00f3n y tracci\u00f3n<\/strong><\/p>\n<p class=\" translation-block\">El\u00a0<strong>FT-1<\/strong>\u00a0Probador de Fatiga es usado para medir y analizar la durabilidad y calidad de todo tipo de empaques sometidos a compresi\u00f3n y tracci\u00f3n. Es muy usado en industria farmac\u00e9utica o cosm\u00e9tica.<\/p>\n<p>Los ciclos son autom\u00e1ticos y son llevados a cabo as\u00ed:<\/p>\n<ol>\n<li>Elegir el tipo de ensayo (compresi\u00f3n o tensi\u00f3n).<\/li>\n<li>Instalar la muestra bajo el dinam\u00f3metro.<\/li>\n<li>Ajustar la posici\u00f3n deseada con la rueda manual.<\/li>\n<li>Programar el n\u00famero de repeticiones o tiempo de prueba.<\/li>\n<li>Presione \u201cSTART\u201d para iniciar la prueba.<\/li>\n<li>Observe la muestra y analice los resultados despu\u00e9s de la prueba.<\/li>\n<\/ol>\n","protected":false},"featured_media":9167,"comment_status":"closed","ping_status":"closed","template":"","meta":[],"product_brand":[],"product_cat":[68],"product_tag":[],"class_list":{"0":"post-3267","1":"product","2":"type-product","3":"status-publish","4":"has-post-thumbnail","6":"product_cat-fuerza-compresion","8":"first","9":"instock","10":"shipping-taxable","11":"product-type-simple"},"_links":{"self":[{"href":"https:\/\/at2e-usa.com\/es\/wp-json\/wp\/v2\/product\/3267","targetHints":{"allow":["GET"]}}],"collection":[{"href":"https:\/\/at2e-usa.com\/es\/wp-json\/wp\/v2\/product"}],"about":[{"href":"https:\/\/at2e-usa.com\/es\/wp-json\/wp\/v2\/types\/product"}],"replies":[{"embeddable":true,"href":"https:\/\/at2e-usa.com\/es\/wp-json\/wp\/v2\/comments?post=3267"}],"version-history":[{"count":1,"href":"https:\/\/at2e-usa.com\/es\/wp-json\/wp\/v2\/product\/3267\/revisions"}],"predecessor-version":[{"id":10077,"href":"https:\/\/at2e-usa.com\/es\/wp-json\/wp\/v2\/product\/3267\/revisions\/10077"}],"wp:featuredmedia":[{"embeddable":true,"href":"https:\/\/at2e-usa.com\/es\/wp-json\/wp\/v2\/media\/9167"}],"wp:attachment":[{"href":"https:\/\/at2e-usa.com\/es\/wp-json\/wp\/v2\/media?parent=3267"}],"wp:term":[{"taxonomy":"product_brand","embeddable":true,"href":"https:\/\/at2e-usa.com\/es\/wp-json\/wp\/v2\/product_brand?post=3267"},{"taxonomy":"product_cat","embeddable":true,"href":"https:\/\/at2e-usa.com\/es\/wp-json\/wp\/v2\/product_cat?post=3267"},{"taxonomy":"product_tag","embeddable":true,"href":"https:\/\/at2e-usa.com\/es\/wp-json\/wp\/v2\/product_tag?post=3267"}],"curies":[{"name":"wp","href":"https:\/\/api.w.org\/{rel}","templated":true}]}}