{"id":3268,"date":"2023-12-05T21:04:49","date_gmt":"2023-12-06T03:04:49","guid":{"rendered":"https:\/\/at2e-usa.com\/product\/fht-1-probador-de-altura-de-llenado\/"},"modified":"2024-10-12T07:20:49","modified_gmt":"2024-10-12T12:20:49","slug":"fht-1-probador-de-altura-de-llenado","status":"publish","type":"product","link":"https:\/\/at2e-usa.com\/es\/producto\/fht-1-probador-de-altura-de-llenado\/","title":{"rendered":"FHT-1 Probador de Altura de Llenado"},"content":{"rendered":"<div class=\"paragraph translation-block\">La precisi\u00f3n del\u00a0<strong>FHT-1\u00a0<\/strong>cumple con los requisitos de ISO 8106, mientras que la configuraci\u00f3n de modo flexible del instrumento es ampliamente compatible con varios est\u00e1ndares internos que se establecen de acuerdo con los requisitos de medici\u00f3n de las empresas.<\/div>\n<div>\n<div class=\"wsite-multicol\">\n<div class=\"wsite-multicol-table-wrap\"><\/div>\n<\/div>\n<\/div>\n<div class=\"paragraph\">\n<p><strong><u>Caracter\u00edsticas:<\/u><\/strong><\/p>\n<ul>\n<li>Detecci\u00f3n autom\u00e1tica de altura de botella, nivel de l\u00edquido, volumen de llenado, etc.<\/li>\n<li>Monitoreo y registro autom\u00e1tico de la temperatura del agua<\/li>\n<li>Correcci\u00f3n autom\u00e1tica de volumen seg\u00fan la densidad del agua y la relaci\u00f3n de temperatura<\/li>\n<li>Registro autom\u00e1tico y visualizaci\u00f3n de los resultados de las medidas<\/li>\n<li>PLC integrado y control de pantalla ta\u0301ctil<\/li>\n<li>Tres modos de medici\u00f3n:\n<ul>\n<li>Lleno de volumen completo<\/li>\n<li>Altura de llenado y volumen completo hasta el borde, mide la altura de llenado de acuerdo con el volumen de llenado predefinido y elige habilitar\/deshabilitar la medici\u00f3n de volumen completo hasta el borde<\/li>\n<li>Capacidad de llenado y volumen completo hasta el borde, mide la capacidad de llenado de acuerdo con la altura de llenado predefinida y elige habilitar\/deshabilitar la medici\u00f3n de volumen completo hasta el borde<\/li>\n<\/ul>\n<\/li>\n<li>Control autom\u00e1tico de la tasa de llenado de acuerdo con las especificaciones de la botella, mejora la eficiencia de la medici\u00f3n y garantiza la precisi\u00f3n de la medici\u00f3n<\/li>\n<li>M\u00f3dulo integrado de la unidad de movimiento, alta velocidad de funcionamiento y estabilidad, f\u00e1cil mantenimiento<\/li>\n<li>Gran extensi\u00f3n de accesorios opcionales, incluida la unidad de reciclaje de agua, la mini impresora y el software de gesti\u00f3n de datos QualiVol<\/li>\n<li>Memoria de 30 productos, 10 operadores, n\u00famero de lote, n\u00famero de muestra (protegido con contrase\u00f1a)<\/li>\n<li>F\u00e1cil instalaci\u00f3n de muestras<\/li>\n<li>Muestra toda la informaci\u00f3n durante el ciclo: tiempo, configuraci\u00f3n, operador, producto, n\u00famero de lote, n\u00famero de muestra, resultado<\/li>\n<li>Salida RS 232 C<\/li>\n<li>El dise\u00f1o de acero inoxidable garantiza la durabilidad del probador<\/li>\n<li>Protecci\u00f3n de sobrecarga<\/li>\n<\/ul>\n<\/div>\n<div>\n<div class=\"wsite-multicol\">\n<div class=\"wsite-multicol-table-wrap\"><\/div>\n<\/div>\n<\/div>\n<div class=\"paragraph\">\n<p><strong><u>Especificaciones te\u0301cnicas:<\/u><\/strong><\/p>\n<ul>\n<li>Rango de muestra\n<ul>\n<li>Di\u00e1metro: 55 &#8211; 203 mm<\/li>\n<li>Altura: 150 &#8211; 440 mm<\/li>\n<li>Di\u00e1metro de la boca: 16 &#8211; 53 mm<\/li>\n<\/ul>\n<\/li>\n<li>Rango de medida: 0 &#8211; 3000 ml (otro rango bajo pedido)<\/li>\n<li>Resoluci\u00f3n de altura: 0,1 mm<\/li>\n<li>Resoluci\u00f3n de volumen: 0,01 ml<\/li>\n<li>Precisi\u00f3n: \u00b10,5% fondo de escala.<\/li>\n<li>Suministro de aire: 5 &#8211; 8 Bar<\/li>\n<li>Suministro de agua: agua limpia del grifo, 2 = bar de presi\u00f3n<\/li>\n<li class=\" translation-block\">Fuente de alimentaci\u00f3n: CA 220 V (CA 110 V opcional)<\/li>\n<li>Dimensiones: 635 x 550 x 1000 mm (L x An x Al)<\/li>\n<li>Peso: 50 Kg.<\/li>\n<\/ul>\n<p><strong><u>Accesorios opcionales:<\/u><\/strong><\/p>\n<ul>\n<li>Paquete de calibraci\u00f3n<\/li>\n<li>Mini impresora<\/li>\n<li>Software de gesti\u00f3n de datos QualiVol<\/li>\n<\/ul>\n<\/div>\n","protected":false},"excerpt":{"rendered":"<p>El\u00a0<strong>FHT-1 Probador de Altura de Llenado\u00a0<\/strong>is an instrument that lately developed for measuring the fill height volume and brimful volume in different containers. The automated measuring process which provides higher repeatability and reproducibility.<\/p>\n<p class=\" translation-block\"><strong>FHT-1\u00a0<\/strong>\u00a0adopta un sistema de detecci\u00f3n de nivel de l\u00edquido de alta precisi\u00f3n, que detecta el nivel de l\u00edquido en tiempo real y cambia autom\u00e1ticamente la tasa de llenado de agua en consecuencia, para obtener el peso a trav\u00e9s del equilibrio de precisi\u00f3n una vez que se completa el proceso de llenado. Los resultados se mostrar\u00e1n en la pantalla una vez finalizado el proceso de medici\u00f3n, y el informe de la prueba se puede imprimir directamente con la mini impresora especificada por AT2E.<\/p>\n","protected":false},"featured_media":2562,"comment_status":"closed","ping_status":"closed","template":"","meta":[],"product_brand":[],"product_cat":[69,71,66],"product_tag":[],"class_list":{"0":"post-3268","1":"product","2":"type-product","3":"status-publish","4":"has-post-thumbnail","6":"product_cat-botella-de-vidrio","7":"product_cat-botellas-de-plastico-pet","8":"product_cat-dimensional-es","10":"first","11":"instock","12":"shipping-taxable","13":"product-type-simple"},"_links":{"self":[{"href":"https:\/\/at2e-usa.com\/es\/wp-json\/wp\/v2\/product\/3268","targetHints":{"allow":["GET"]}}],"collection":[{"href":"https:\/\/at2e-usa.com\/es\/wp-json\/wp\/v2\/product"}],"about":[{"href":"https:\/\/at2e-usa.com\/es\/wp-json\/wp\/v2\/types\/product"}],"replies":[{"embeddable":true,"href":"https:\/\/at2e-usa.com\/es\/wp-json\/wp\/v2\/comments?post=3268"}],"version-history":[{"count":1,"href":"https:\/\/at2e-usa.com\/es\/wp-json\/wp\/v2\/product\/3268\/revisions"}],"predecessor-version":[{"id":10078,"href":"https:\/\/at2e-usa.com\/es\/wp-json\/wp\/v2\/product\/3268\/revisions\/10078"}],"wp:featuredmedia":[{"embeddable":true,"href":"https:\/\/at2e-usa.com\/es\/wp-json\/wp\/v2\/media\/2562"}],"wp:attachment":[{"href":"https:\/\/at2e-usa.com\/es\/wp-json\/wp\/v2\/media?parent=3268"}],"wp:term":[{"taxonomy":"product_brand","embeddable":true,"href":"https:\/\/at2e-usa.com\/es\/wp-json\/wp\/v2\/product_brand?post=3268"},{"taxonomy":"product_cat","embeddable":true,"href":"https:\/\/at2e-usa.com\/es\/wp-json\/wp\/v2\/product_cat?post=3268"},{"taxonomy":"product_tag","embeddable":true,"href":"https:\/\/at2e-usa.com\/es\/wp-json\/wp\/v2\/product_tag?post=3268"}],"curies":[{"name":"wp","href":"https:\/\/api.w.org\/{rel}","templated":true}]}}