{"id":3269,"date":"2023-12-05T21:00:04","date_gmt":"2023-12-06T03:00:04","guid":{"rendered":"https:\/\/at2e-usa.com\/product\/fhs-jeringa-de-llenado\/"},"modified":"2024-10-12T07:21:04","modified_gmt":"2024-10-12T12:21:04","slug":"fhs-jeringa-de-llenado","status":"publish","type":"product","link":"https:\/\/at2e-usa.com\/es\/producto\/fhs-jeringa-de-llenado\/","title":{"rendered":"FHS &#8211; Jeringa de Llenado"},"content":{"rendered":"<p>La\u00a0<strong>FHS<\/strong>\u00a0<strong>Jeringa de Llenado<\/strong>\u00a0se utiliza para ajustar el nivel de agua en una botella a una altura de llenado predeterminada. Es una herramienta \u00fatil para la verificaci\u00f3n precisa y r\u00e1pida del contenido de la botella.<\/p>\n","protected":false},"excerpt":{"rendered":"<p><strong>Una jeringa para ajustar el nivel del contenido de una botella\u200b<\/strong><\/p>\n","protected":false},"featured_media":2557,"comment_status":"closed","ping_status":"closed","template":"","meta":[],"product_brand":[],"product_cat":[66],"product_tag":[],"class_list":{"0":"post-3269","1":"product","2":"type-product","3":"status-publish","4":"has-post-thumbnail","6":"product_cat-dimensional-es","8":"first","9":"instock","10":"shipping-taxable","11":"product-type-simple"},"_links":{"self":[{"href":"https:\/\/at2e-usa.com\/es\/wp-json\/wp\/v2\/product\/3269","targetHints":{"allow":["GET"]}}],"collection":[{"href":"https:\/\/at2e-usa.com\/es\/wp-json\/wp\/v2\/product"}],"about":[{"href":"https:\/\/at2e-usa.com\/es\/wp-json\/wp\/v2\/types\/product"}],"replies":[{"embeddable":true,"href":"https:\/\/at2e-usa.com\/es\/wp-json\/wp\/v2\/comments?post=3269"}],"version-history":[{"count":1,"href":"https:\/\/at2e-usa.com\/es\/wp-json\/wp\/v2\/product\/3269\/revisions"}],"predecessor-version":[{"id":10079,"href":"https:\/\/at2e-usa.com\/es\/wp-json\/wp\/v2\/product\/3269\/revisions\/10079"}],"wp:featuredmedia":[{"embeddable":true,"href":"https:\/\/at2e-usa.com\/es\/wp-json\/wp\/v2\/media\/2557"}],"wp:attachment":[{"href":"https:\/\/at2e-usa.com\/es\/wp-json\/wp\/v2\/media?parent=3269"}],"wp:term":[{"taxonomy":"product_brand","embeddable":true,"href":"https:\/\/at2e-usa.com\/es\/wp-json\/wp\/v2\/product_brand?post=3269"},{"taxonomy":"product_cat","embeddable":true,"href":"https:\/\/at2e-usa.com\/es\/wp-json\/wp\/v2\/product_cat?post=3269"},{"taxonomy":"product_tag","embeddable":true,"href":"https:\/\/at2e-usa.com\/es\/wp-json\/wp\/v2\/product_tag?post=3269"}],"curies":[{"name":"wp","href":"https:\/\/api.w.org\/{rel}","templated":true}]}}