{"id":3270,"date":"2023-12-05T20:58:25","date_gmt":"2023-12-06T02:58:25","guid":{"rendered":"https:\/\/at2e-usa.com\/product\/fhg-medidor-de-altura-de-llenado\/"},"modified":"2024-10-12T07:27:57","modified_gmt":"2024-10-12T12:27:57","slug":"fhg-medidor-de-altura-de-llenado","status":"publish","type":"product","link":"https:\/\/at2e-usa.com\/es\/producto\/fhg-medidor-de-altura-de-llenado\/","title":{"rendered":"FHG \/ FHG-D FHG \/ FHG-D \u2013 Calibrador de Nivel de Llenado"},"content":{"rendered":"<p>El calibrador de nivel de llenado <strong>FHG \/ FHG-D<\/strong> de AT2E es una herramienta de medici\u00f3n simple y \u00fatil para medir la altura de llenado y fue dise\u00f1ado para botellas de todos los tama\u00f1os. Puede estar provisto de man\u00f3metro digital o anal\u00f3gico.<\/p>\n<p>El calibrador tiene la opci\u00f3n de cambiar entre pulgadas o mil\u00edmetros para verificar el nivel de altura de llenado en la l\u00ednea de producci\u00f3n. Tambi\u00e9n se puede utilizar para medir el punto de llenado exacto de la botella y luego compararlo con el est\u00e1ndar.<\/p>\n<p><strong><u>Informaci\u00f3n t\u00e9cnica:<\/u><\/strong><\/p>\n<ul>\n<li>Rango de medici\u00f3n: 0 hasta 6&#8243; \/ 0 hasta 150 mm.<\/li>\n<li>Graduaci\u00f3n: mm \/ pulgadas.<\/li>\n<\/ul>\n","protected":false},"excerpt":{"rendered":"<div class=\"paragraph\"><strong>Un dispositivo simple para medir el nivel de plenitud de las botella<\/strong><\/div>\n<div>\n<div class=\"wsite-multicol\">\n<div class=\"wsite-multicol-table-wrap translation-block\">El\u00a0<strong>FHG<\/strong>\u00a0Calibre de Nivel de Llenado es una herramienta de medici\u00f3n sencilla y \u00fatil para medir la altura de llenado.<\/div>\n<\/div>\n<\/div>\n","protected":false},"featured_media":6906,"comment_status":"closed","ping_status":"closed","template":"","meta":[],"product_brand":[],"product_cat":[66],"product_tag":[],"class_list":{"0":"post-3270","1":"product","2":"type-product","3":"status-publish","4":"has-post-thumbnail","6":"product_cat-dimensional-es","8":"first","9":"instock","10":"shipping-taxable","11":"product-type-simple"},"_links":{"self":[{"href":"https:\/\/at2e-usa.com\/es\/wp-json\/wp\/v2\/product\/3270","targetHints":{"allow":["GET"]}}],"collection":[{"href":"https:\/\/at2e-usa.com\/es\/wp-json\/wp\/v2\/product"}],"about":[{"href":"https:\/\/at2e-usa.com\/es\/wp-json\/wp\/v2\/types\/product"}],"replies":[{"embeddable":true,"href":"https:\/\/at2e-usa.com\/es\/wp-json\/wp\/v2\/comments?post=3270"}],"version-history":[{"count":1,"href":"https:\/\/at2e-usa.com\/es\/wp-json\/wp\/v2\/product\/3270\/revisions"}],"predecessor-version":[{"id":10080,"href":"https:\/\/at2e-usa.com\/es\/wp-json\/wp\/v2\/product\/3270\/revisions\/10080"}],"wp:featuredmedia":[{"embeddable":true,"href":"https:\/\/at2e-usa.com\/es\/wp-json\/wp\/v2\/media\/6906"}],"wp:attachment":[{"href":"https:\/\/at2e-usa.com\/es\/wp-json\/wp\/v2\/media?parent=3270"}],"wp:term":[{"taxonomy":"product_brand","embeddable":true,"href":"https:\/\/at2e-usa.com\/es\/wp-json\/wp\/v2\/product_brand?post=3270"},{"taxonomy":"product_cat","embeddable":true,"href":"https:\/\/at2e-usa.com\/es\/wp-json\/wp\/v2\/product_cat?post=3270"},{"taxonomy":"product_tag","embeddable":true,"href":"https:\/\/at2e-usa.com\/es\/wp-json\/wp\/v2\/product_tag?post=3270"}],"curies":[{"name":"wp","href":"https:\/\/api.w.org\/{rel}","templated":true}]}}