{"id":3271,"date":"2023-12-05T20:55:53","date_gmt":"2023-12-06T02:55:53","guid":{"rendered":"https:\/\/at2e-usa.com\/product\/er-1-medidor-capa-de-esmalte\/"},"modified":"2024-10-12T07:28:39","modified_gmt":"2024-10-12T12:28:39","slug":"er-1-medidor-capa-de-esmalte","status":"publish","type":"product","link":"https:\/\/at2e-usa.com\/es\/producto\/er-1-medidor-capa-de-esmalte\/","title":{"rendered":"ER-1 Medidor Capa de Esmalte"},"content":{"rendered":"<p><strong><u>Principio de medici\u00f3n:<\/u><\/strong><br \/>\nEn el instrumento se aplica un voltaje constante a trav\u00e9s del cuerpo de la lata y un electrodo sumergido en el agua electrol\u00edtica y mide la corriente resultante. El voltaje durante la prueba es de 6,3 VDC. El rango de operaci\u00f3n es de 0 a 300 miliamperios, con una precisi\u00f3n de resoluci\u00f3n de 0,1 ma.<\/p>\n<p>El soporte de cubierta comprende un recipiente montado en un pivote. La copa est\u00e1 biselada para hacer un sello herm\u00e9tico con la lata. Se monta un electrodo y la conexi\u00f3n de vac\u00edo al recipiente. En la base, una v\u00e1lvula para crear vac\u00edo y un brazo m\u00f3vil completan el circuito el\u00e9ctrico cuando el conjunto se invierte.<\/p>\n<p><strong><u>Modos de medici\u00f3n:<\/u><\/strong><\/p>\n<ul>\n<li>\n<ul>\n<li>Modo 4 segundos: La lectura se mostrar\u00e1 s\u00f3lo a los 4 segundos.<\/li>\n<li>Modo continuo: El cambio de la lectura actual se visualizar\u00e1 durante todo el tiempo de medici\u00f3n. No dejar\u00e1 de mostrar hasta que el operador de la orden.<\/li>\n<li>Modo definido por el usuario: La lectura se visualizar\u00e1 a la hora de ajuste por el operador.<\/li>\n<\/ul>\n<\/li>\n<\/ul>\n<p><strong><u>Caracter\u00edsticas:<\/u><\/strong><\/p>\n<ul>\n<li>Comprueba la cobertura del revestimiento de esmalte dentro de las latas de alimentos, bebidas, tubos y aerosoles, as\u00ed como los diferentes tipos de cubiertas.<\/li>\n<li>Muestra un \u00edndice de la cantidad de metal expuesto por una cobertura incompleta del esmalte.<\/li>\n<li>Pantalla t\u00e1ctil LCD integrada de 7 \u00aby una interfaz f\u00e1cil de usar que ofrece una operaci\u00f3n f\u00e1cil.<\/li>\n<li>El operador, el producto, la muestra y el n\u00famero de lote pueden memorizarse<\/li>\n<li>Salida RS 232.<\/li>\n<li>Auto-calibraci\u00f3n por usuario.<\/li>\n<li>Detecta la posici\u00f3n expuesta del metal.<\/li>\n<\/ul>\n<p><strong><u>Especificaciones te\u0301cnicas:<\/u><\/strong><\/p>\n<ul>\n<li>Rango de muestra: 2-pcs, 3-pcs, aerosol, tubo y diferentes tipos de cubiertas<\/li>\n<li>Capacidad de muestra: por pedido<\/li>\n<li>Capacidad final de la muestra: por pedido<\/li>\n<li>Rango de medici\u00f3n: 0 a 300 mA<\/li>\n<li>Resoluci\u00f3n: 0.01 mA<\/li>\n<li>Precisi\u00f3n: \u00b1 5% F.S.<\/li>\n<li>Fuente de alimentaci\u00f3n: DC 12V<\/li>\n<li>Salida de datos: salida serie RS232<\/li>\n<li>Dimensi\u00f3n del marco principal: 212 (L) x185 (A) x150 (H) mm<\/li>\n<li>Dimensi\u00f3n del soporte: 200 (L) x 235 (A) x 370 (H) mm<\/li>\n<li>Peso neto: 5 kg (incluido soporte para lata)<\/li>\n<\/ul>\n<p><strong><u>Accesorios opcionales:<\/u><\/strong><\/p>\n<ul>\n<li>Soporte de cubierta (el pedal est\u00e1 equipado, la fuente de vac\u00edo no est\u00e1 equipada)<\/li>\n<\/ul>\n","protected":false},"excerpt":{"rendered":"<p class=\" translation-block\">El\u00a0<strong>ER-1<\/strong>\u00a0ofrece un m\u00e9todo r\u00e1pido y preciso para medir la integralidad del recubrimiento interno de envases metalicos. La medici\u00f3n se iniciar\u00e1 autom\u00e1ticamente cuando la sonda el\u00e9ctrica se inserta y entra en contacto con la soluci\u00f3n dentro del contenedor.<\/p>\n<p>La posici\u00f3n del metal expuesto puede ser detectada visualmente presionando el bot\u00f3n \u00abREVERSE\u00bb. Burbujas de gas salen en los puntos expuestos.<\/p>\n","protected":false},"featured_media":2809,"comment_status":"closed","ping_status":"closed","template":"","meta":[],"product_brand":[],"product_cat":[67],"product_tag":[],"class_list":{"0":"post-3271","1":"product","2":"type-product","3":"status-publish","4":"has-post-thumbnail","6":"product_cat-integridad-del-esmalte","8":"first","9":"instock","10":"shipping-taxable","11":"product-type-simple"},"_links":{"self":[{"href":"https:\/\/at2e-usa.com\/es\/wp-json\/wp\/v2\/product\/3271","targetHints":{"allow":["GET"]}}],"collection":[{"href":"https:\/\/at2e-usa.com\/es\/wp-json\/wp\/v2\/product"}],"about":[{"href":"https:\/\/at2e-usa.com\/es\/wp-json\/wp\/v2\/types\/product"}],"replies":[{"embeddable":true,"href":"https:\/\/at2e-usa.com\/es\/wp-json\/wp\/v2\/comments?post=3271"}],"version-history":[{"count":1,"href":"https:\/\/at2e-usa.com\/es\/wp-json\/wp\/v2\/product\/3271\/revisions"}],"predecessor-version":[{"id":10081,"href":"https:\/\/at2e-usa.com\/es\/wp-json\/wp\/v2\/product\/3271\/revisions\/10081"}],"wp:featuredmedia":[{"embeddable":true,"href":"https:\/\/at2e-usa.com\/es\/wp-json\/wp\/v2\/media\/2809"}],"wp:attachment":[{"href":"https:\/\/at2e-usa.com\/es\/wp-json\/wp\/v2\/media?parent=3271"}],"wp:term":[{"taxonomy":"product_brand","embeddable":true,"href":"https:\/\/at2e-usa.com\/es\/wp-json\/wp\/v2\/product_brand?post=3271"},{"taxonomy":"product_cat","embeddable":true,"href":"https:\/\/at2e-usa.com\/es\/wp-json\/wp\/v2\/product_cat?post=3271"},{"taxonomy":"product_tag","embeddable":true,"href":"https:\/\/at2e-usa.com\/es\/wp-json\/wp\/v2\/product_tag?post=3271"}],"curies":[{"name":"wp","href":"https:\/\/api.w.org\/{rel}","templated":true}]}}