{"id":3272,"date":"2023-12-05T20:52:54","date_gmt":"2023-12-06T02:52:54","guid":{"rendered":"https:\/\/at2e-usa.com\/product\/ecdg-1-medidor-para-diametro-de-pliegue\/"},"modified":"2024-10-12T07:29:22","modified_gmt":"2024-10-12T12:29:22","slug":"ecdg-1-medidor-para-diametro-de-pliegue","status":"publish","type":"product","link":"https:\/\/at2e-usa.com\/es\/producto\/ecdg-1-medidor-para-diametro-de-pliegue\/","title":{"rendered":"ECDG-1 &#8211; Medidor para Di\u00e1metro de Pliegue"},"content":{"rendered":"<div class=\"paragraph\">\n<p>El dise\u00f1o de f\u00e1cil operaci\u00f3n ofrece una medici\u00f3n r\u00e1pida y precisa. Para cada tipo de extremo, se suministrar\u00e1 un bloque de calibraci\u00f3n junto con el calibre.<\/p>\n<p>Para evitar errores de registro manual, el medidor puede conectarse al sistema SPC o al software \u00abSeamCheck\u00bb de AT2E con la caja de transporte de datos DTB-1 y el cable.<\/p>\n<\/div>\n<div>\n<div id=\"836239717939333953\" class=\"wcustomhtml\" align=\"left\">\n<div class=\"tg-wrap\">\n<table class=\"tg\">\n<tbody>\n<tr>\n<th class=\"tg-yw4l\" colspan=\"2\">Especificaciones te\u0301cnicas:<\/th>\n<\/tr>\n<tr>\n<td class=\"tg-yw4l\">Rango de medici\u00f3n<\/td>\n<td class=\"tg-yw4l\">\u03a650-\u03a6110 mm<\/td>\n<\/tr>\n<tr>\n<td class=\"tg-yw4l\">Resoluci\u00f3n<\/td>\n<td class=\"tg-yw4l\">0.01 mm<\/td>\n<\/tr>\n<tr>\n<td class=\"tg-yw4l\">Precisi\u00f3n<\/td>\n<td class=\"tg-yw4l\">\u00b10.01 mm<\/td>\n<\/tr>\n<tr>\n<td class=\"tg-yw4l\">Rango muestra:<\/td>\n<td class=\"tg-yw4l\">113# &#8211; 401# (mayor por pedido)<\/td>\n<\/tr>\n<tr>\n<td class=\"tg-yw4l\">Dimensiones<\/td>\n<td class=\"tg-yw4l\">265(L) x 80(W) x 195(H) mm<\/td>\n<\/tr>\n<tr>\n<td class=\"tg-yw4l\">Peso neto<\/td>\n<td class=\"tg-yw4l\">2 kg<\/td>\n<\/tr>\n<\/tbody>\n<\/table>\n<\/div>\n<\/div>\n<\/div>\n","protected":false},"excerpt":{"rendered":"<p><strong>para medir el rizo de una lata de aluminio<\/strong><\/p>\n<p class=\" translation-block\">El\u00a0<strong>ECDG-1 Medidor para Di\u00e1metro de Pliegue<\/strong>\u00a0es una herramienta r\u00e1pida para medir el di\u00e1metro del pliegue de los extremos.<\/p>\n","protected":false},"featured_media":2551,"comment_status":"closed","ping_status":"closed","template":"","meta":[],"product_brand":[],"product_cat":[63,66],"product_tag":[],"class_list":{"0":"post-3272","1":"product","2":"type-product","3":"status-publish","4":"has-post-thumbnail","6":"product_cat-costura-de-latas","7":"product_cat-dimensional-es","9":"first","10":"instock","11":"shipping-taxable","12":"product-type-simple"},"_links":{"self":[{"href":"https:\/\/at2e-usa.com\/es\/wp-json\/wp\/v2\/product\/3272","targetHints":{"allow":["GET"]}}],"collection":[{"href":"https:\/\/at2e-usa.com\/es\/wp-json\/wp\/v2\/product"}],"about":[{"href":"https:\/\/at2e-usa.com\/es\/wp-json\/wp\/v2\/types\/product"}],"replies":[{"embeddable":true,"href":"https:\/\/at2e-usa.com\/es\/wp-json\/wp\/v2\/comments?post=3272"}],"version-history":[{"count":1,"href":"https:\/\/at2e-usa.com\/es\/wp-json\/wp\/v2\/product\/3272\/revisions"}],"predecessor-version":[{"id":10082,"href":"https:\/\/at2e-usa.com\/es\/wp-json\/wp\/v2\/product\/3272\/revisions\/10082"}],"wp:featuredmedia":[{"embeddable":true,"href":"https:\/\/at2e-usa.com\/es\/wp-json\/wp\/v2\/media\/2551"}],"wp:attachment":[{"href":"https:\/\/at2e-usa.com\/es\/wp-json\/wp\/v2\/media?parent=3272"}],"wp:term":[{"taxonomy":"product_brand","embeddable":true,"href":"https:\/\/at2e-usa.com\/es\/wp-json\/wp\/v2\/product_brand?post=3272"},{"taxonomy":"product_cat","embeddable":true,"href":"https:\/\/at2e-usa.com\/es\/wp-json\/wp\/v2\/product_cat?post=3272"},{"taxonomy":"product_tag","embeddable":true,"href":"https:\/\/at2e-usa.com\/es\/wp-json\/wp\/v2\/product_tag?post=3272"}],"curies":[{"name":"wp","href":"https:\/\/api.w.org\/{rel}","templated":true}]}}