{"id":3274,"date":"2023-12-05T20:48:03","date_gmt":"2023-12-06T02:48:03","guid":{"rendered":"https:\/\/at2e-usa.com\/product\/dyna-4000-dynamometro\/"},"modified":"2024-10-12T07:30:31","modified_gmt":"2024-10-12T12:30:31","slug":"dyna-4000-dynamometro","status":"publish","type":"product","link":"https:\/\/at2e-usa.com\/es\/producto\/dyna-4000-dynamometro\/","title":{"rendered":"DYNA-4000 Dynam\u00f3metro"},"content":{"rendered":"<p><strong><u>Caracter\u00edsticas:<\/u><\/strong><br \/>\n\u00b7 PLC integrado<br \/>\n\u00b7 4 ciclos parametrizables (4 niveles de fuerza y tiempo de espera) para satisfacer distintas pruebas<br \/>\n\u00b7 Hecho completamente en aluminio y acero inoxidable<br \/>\n\u00b7 Dise\u00f1o seguro<br \/>\n\u00b7 Salida RS232<br \/>\n\u00b7 Pantalla t\u00e1ctil LCD<br \/>\n\u00b7 Pantalla din\u00e1mica: estad\u00edstica \/ hora \/ fecha<br \/>\n\u00b7 Pantalla: producto \/ operador \/ lote \/ muestra<br \/>\n\u00b7 Almacenamiento de 30 productos, 10 operadores<br \/>\n\u00b7 El usuario define el n\u00famero de lote y secuencia<br \/>\n\u00b7 Valida en tiempo real el comportamiento de la curva<strong><u>Especificaciones te\u0301cnicas:<\/u><\/strong><br \/>\n\u00b7 Rango de medici\u00f3n: 0-1000 \/ 0-3000 \/ 0-5000 \/ 0-10000 N (seg\u00fan requerimiento)<br \/>\n\u00b7 Resoluci\u00f3n: 1N hasta rango de 5000N \/ 10N hasta rango de 10000 N<br \/>\n\u00b7 Capacidad: Seg\u00fan requerimiento<br \/>\n\u00b7 Alimentaci\u00f3n: 220V, 50-60 Hz<br \/>\n\u00b7 Dimensiones 500(L) x 440(A) x 780(H) mm<br \/>\n\u00b7 Peso: 50 Kg<\/p>\n<p>&nbsp;<\/p>\n<p><strong><u>Accesorios opcionales:<\/u><\/strong><br \/>\n\u00b7 Unidad de calibraci\u00f3n<br \/>\n<a>\u00b7<\/a>\u00a0Mini impresora<br \/>\n\u00b7 Programa QUALIFORCE<\/p>\n","protected":false},"excerpt":{"rendered":"<p><strong>M\u00e1xima Resistencia a la compresi\u00f3n para botellas de PET, latas y cajas<\/strong><\/p>\n<p class=\" translation-block\">El\u00a0<strong>DYNA-4000<\/strong>\u00a0es un instrumento para medir la resistencia a la compresi\u00f3n de botellas de PET, latas o cajas.<br \/>\n\u200b\u200b<br \/>\nDise\u00f1ado para una f\u00e1cil operaci\u00f3n y mantenimiento cumpliendo los est\u00e1ndares internacionales. La compresi\u00f3n de la muestra puede realizarse hasta un nivel definido o hasta la rotura.<\/p>\n","protected":false},"featured_media":9171,"comment_status":"closed","ping_status":"closed","template":"","meta":[],"product_brand":[],"product_cat":[71,68],"product_tag":[],"class_list":{"0":"post-3274","1":"product","2":"type-product","3":"status-publish","4":"has-post-thumbnail","6":"product_cat-botellas-de-plastico-pet","7":"product_cat-fuerza-compresion","9":"first","10":"instock","11":"shipping-taxable","12":"product-type-simple"},"_links":{"self":[{"href":"https:\/\/at2e-usa.com\/es\/wp-json\/wp\/v2\/product\/3274","targetHints":{"allow":["GET"]}}],"collection":[{"href":"https:\/\/at2e-usa.com\/es\/wp-json\/wp\/v2\/product"}],"about":[{"href":"https:\/\/at2e-usa.com\/es\/wp-json\/wp\/v2\/types\/product"}],"replies":[{"embeddable":true,"href":"https:\/\/at2e-usa.com\/es\/wp-json\/wp\/v2\/comments?post=3274"}],"version-history":[{"count":1,"href":"https:\/\/at2e-usa.com\/es\/wp-json\/wp\/v2\/product\/3274\/revisions"}],"predecessor-version":[{"id":10084,"href":"https:\/\/at2e-usa.com\/es\/wp-json\/wp\/v2\/product\/3274\/revisions\/10084"}],"wp:featuredmedia":[{"embeddable":true,"href":"https:\/\/at2e-usa.com\/es\/wp-json\/wp\/v2\/media\/9171"}],"wp:attachment":[{"href":"https:\/\/at2e-usa.com\/es\/wp-json\/wp\/v2\/media?parent=3274"}],"wp:term":[{"taxonomy":"product_brand","embeddable":true,"href":"https:\/\/at2e-usa.com\/es\/wp-json\/wp\/v2\/product_brand?post=3274"},{"taxonomy":"product_cat","embeddable":true,"href":"https:\/\/at2e-usa.com\/es\/wp-json\/wp\/v2\/product_cat?post=3274"},{"taxonomy":"product_tag","embeddable":true,"href":"https:\/\/at2e-usa.com\/es\/wp-json\/wp\/v2\/product_tag?post=3274"}],"curies":[{"name":"wp","href":"https:\/\/api.w.org\/{rel}","templated":true}]}}