{"id":3275,"date":"2023-12-05T20:45:11","date_gmt":"2023-12-06T02:45:11","guid":{"rendered":"https:\/\/at2e-usa.com\/product\/ctlt-probador-de-fuga-para-tubo-cosmetico\/"},"modified":"2024-10-12T07:30:56","modified_gmt":"2024-10-12T12:30:56","slug":"ctlt-probador-de-fuga-para-tubo-cosmetico","status":"publish","type":"product","link":"https:\/\/at2e-usa.com\/es\/producto\/ctlt-probador-de-fuga-para-tubo-cosmetico\/","title":{"rendered":"CTLT Probador de Fuga para Tubo Cosm\u00e9tico"},"content":{"rendered":"<div class=\"paragraph\">\n<p>Controlado con una pantalla t\u00e1ctil, es visual y f\u00e1cil de operar. La configuraci\u00f3n de la etapa de prueba es ajustable en presi\u00f3n y tiempo de retenci\u00f3n, para satisfacer diferentes solicitudes de prueba de varios productos. Su estructura de acero inoxidable y su dise\u00f1o de c\u00e1mara de prueba cerrada lo hacen resistente a cualquier explosi\u00f3n durante la prueba y garantiza la seguridad del operador.<\/p>\n<p>Su f\u00e1cil operaci\u00f3n proporciona una soluci\u00f3n simple y conveniente para los clientes.<\/p>\n<\/div>\n<div class=\"paragraph\">\n<p><strong><u>Especificaciones te\u0301cnicas:<\/u><\/strong><\/p>\n<ul>\n<li>Muestra: tubo de pl\u00e1stico o met\u00e1lico<\/li>\n<li>Di\u00e1metro de la muestra: 1&#8243; &#8211; 2&#8243; \/ 25 &#8211; 50 mm (otro rango bajo pedido)<\/li>\n<li>Pantalla t\u00e1ctil<\/li>\n<li>Rango de medida de pres\u00f3in: 0 &#8211; 2,00 bar<\/li>\n<li>Resoluci\u00f3n: 0.01 bar<\/li>\n<li>Unidad: bar \/ Psi<\/li>\n<li>Tasa de presurizaci\u00f3n de etapas ajustable (regulador)<\/li>\n<li>2 etapas de ajuste de presi\u00f3n y tiempo de sostenimiento<\/li>\n<li>Resistente a explosiones<\/li>\n<li>Dispositivo seguro fabricado en acero inoxidable<\/li>\n<li>Suministro de aire: 0 &#8211; 8 bar<\/li>\n<li>Fuente de alimentaci\u00f3n: 110 &#8211; 240 VCA @ 50\/60 Hz<\/li>\n<li>Tama\u00f1o total: 13.4&#8243; x 17&#8243; x 34.7&#8243; \/ 340 x 430 x 880 mm (W x D x H)<\/li>\n<li>Peso: 84 lbs \/ 38 kg<\/li>\n<\/ul>\n<\/div>\n","protected":false},"excerpt":{"rendered":"<p>El\u00a0<strong>CTLT Probador de Fuga para Tubo Cosm\u00e9tico\u00a0<\/strong>is for testing the secure seal performance of the cosmetic tube products. With the special design, use a seal rubber to form a temporary sealed condition from the tube bottom, then apply a certain pressure level to test the secure seal ability of the tube<\/p>\n","protected":false},"featured_media":9116,"comment_status":"closed","ping_status":"closed","template":"","meta":[],"product_brand":[],"product_cat":[70],"product_tag":[],"class_list":{"0":"post-3275","1":"product","2":"type-product","3":"status-publish","4":"has-post-thumbnail","6":"product_cat-prueba-de-fugas-vacio-presion","8":"first","9":"instock","10":"shipping-taxable","11":"product-type-simple"},"_links":{"self":[{"href":"https:\/\/at2e-usa.com\/es\/wp-json\/wp\/v2\/product\/3275","targetHints":{"allow":["GET"]}}],"collection":[{"href":"https:\/\/at2e-usa.com\/es\/wp-json\/wp\/v2\/product"}],"about":[{"href":"https:\/\/at2e-usa.com\/es\/wp-json\/wp\/v2\/types\/product"}],"replies":[{"embeddable":true,"href":"https:\/\/at2e-usa.com\/es\/wp-json\/wp\/v2\/comments?post=3275"}],"version-history":[{"count":1,"href":"https:\/\/at2e-usa.com\/es\/wp-json\/wp\/v2\/product\/3275\/revisions"}],"predecessor-version":[{"id":10085,"href":"https:\/\/at2e-usa.com\/es\/wp-json\/wp\/v2\/product\/3275\/revisions\/10085"}],"wp:featuredmedia":[{"embeddable":true,"href":"https:\/\/at2e-usa.com\/es\/wp-json\/wp\/v2\/media\/9116"}],"wp:attachment":[{"href":"https:\/\/at2e-usa.com\/es\/wp-json\/wp\/v2\/media?parent=3275"}],"wp:term":[{"taxonomy":"product_brand","embeddable":true,"href":"https:\/\/at2e-usa.com\/es\/wp-json\/wp\/v2\/product_brand?post=3275"},{"taxonomy":"product_cat","embeddable":true,"href":"https:\/\/at2e-usa.com\/es\/wp-json\/wp\/v2\/product_cat?post=3275"},{"taxonomy":"product_tag","embeddable":true,"href":"https:\/\/at2e-usa.com\/es\/wp-json\/wp\/v2\/product_tag?post=3275"}],"curies":[{"name":"wp","href":"https:\/\/api.w.org\/{rel}","templated":true}]}}