{"id":3276,"date":"2023-12-05T20:43:46","date_gmt":"2023-12-06T02:43:46","guid":{"rendered":"https:\/\/at2e-usa.com\/product\/csm-micrometro-para-costura\/"},"modified":"2024-10-12T07:31:18","modified_gmt":"2024-10-12T12:31:18","slug":"csm-micrometro-para-costura","status":"publish","type":"product","link":"https:\/\/at2e-usa.com\/es\/producto\/csm-micrometro-para-costura\/","title":{"rendered":"CSM &#8211; Micr\u00f3metro Para Costura"},"content":{"rendered":"<p class=\" translation-block\"><strong>CSM Micr\u00f3metro para Costura<\/strong>\u00a0se utiliza para una medici\u00f3n r\u00e1pida del grosor de la costura y la longitud de la costura. Es una herramienta f\u00e1cil de operar y ampliamente utilizada en la industria de conserveras.<\/p>\n<table class=\"tg\">\n<tbody>\n<tr>\n<th class=\"tg-yw4l\" colspan=\"2\">Especificaciones te\u0301cnicas:<\/th>\n<\/tr>\n<tr>\n<td class=\"tg-yw4l\">Rango de medici\u00f3n<\/td>\n<td class=\"tg-yw4l\">0-13.00 mm<\/td>\n<\/tr>\n<tr>\n<td class=\"tg-yw4l\">Resoluci\u00f3n<\/td>\n<td class=\"tg-yw4l\">0.01 mm<\/td>\n<\/tr>\n<tr>\n<td class=\"tg-yw4l\">Precisi\u00f3n<\/td>\n<td class=\"tg-yw4l\">\u00b1 3\u00b5m<\/td>\n<\/tr>\n<tr>\n<td class=\"tg-yw4l\">Rango de muestra<\/td>\n<td class=\"tg-yw4l\">Latas de 2 y 3 piezas<\/td>\n<\/tr>\n<tr>\n<td class=\"tg-yw4l\">Peso neto<\/td>\n<td class=\"tg-yw4l\">0.2 kg<\/td>\n<\/tr>\n<\/tbody>\n<\/table>\n","protected":false},"excerpt":{"rendered":"<p>CSM-A para latas de Alimentos<\/p>\n<p>CSM-B para latas de Bebidas<\/p>\n<div>\n<div class=\"wsite-image wsite-image-border-none\">\n<div>CSM-C para latas de Aerosoles<\/div>\n<\/div>\n<\/div>\n<p><strong>Para medici\u00f3n r\u00e1pida del grosor y de la longitud de la costura<\/strong><\/p>\n","protected":false},"featured_media":2538,"comment_status":"closed","ping_status":"closed","template":"","meta":[],"product_brand":[],"product_cat":[63,66],"product_tag":[],"class_list":{"0":"post-3276","1":"product","2":"type-product","3":"status-publish","4":"has-post-thumbnail","6":"product_cat-costura-de-latas","7":"product_cat-dimensional-es","9":"first","10":"instock","11":"shipping-taxable","12":"product-type-simple"},"_links":{"self":[{"href":"https:\/\/at2e-usa.com\/es\/wp-json\/wp\/v2\/product\/3276","targetHints":{"allow":["GET"]}}],"collection":[{"href":"https:\/\/at2e-usa.com\/es\/wp-json\/wp\/v2\/product"}],"about":[{"href":"https:\/\/at2e-usa.com\/es\/wp-json\/wp\/v2\/types\/product"}],"replies":[{"embeddable":true,"href":"https:\/\/at2e-usa.com\/es\/wp-json\/wp\/v2\/comments?post=3276"}],"version-history":[{"count":1,"href":"https:\/\/at2e-usa.com\/es\/wp-json\/wp\/v2\/product\/3276\/revisions"}],"predecessor-version":[{"id":10086,"href":"https:\/\/at2e-usa.com\/es\/wp-json\/wp\/v2\/product\/3276\/revisions\/10086"}],"wp:featuredmedia":[{"embeddable":true,"href":"https:\/\/at2e-usa.com\/es\/wp-json\/wp\/v2\/media\/2538"}],"wp:attachment":[{"href":"https:\/\/at2e-usa.com\/es\/wp-json\/wp\/v2\/media?parent=3276"}],"wp:term":[{"taxonomy":"product_brand","embeddable":true,"href":"https:\/\/at2e-usa.com\/es\/wp-json\/wp\/v2\/product_brand?post=3276"},{"taxonomy":"product_cat","embeddable":true,"href":"https:\/\/at2e-usa.com\/es\/wp-json\/wp\/v2\/product_cat?post=3276"},{"taxonomy":"product_tag","embeddable":true,"href":"https:\/\/at2e-usa.com\/es\/wp-json\/wp\/v2\/product_tag?post=3276"}],"curies":[{"name":"wp","href":"https:\/\/api.w.org\/{rel}","templated":true}]}}