{"id":3277,"date":"2023-12-05T20:41:30","date_gmt":"2023-12-06T02:41:30","guid":{"rendered":"https:\/\/at2e-usa.com\/product\/cca-crown-cap-aphrometer\/"},"modified":"2024-10-12T07:31:36","modified_gmt":"2024-10-12T12:31:36","slug":"cca-crown-cap-aphrometer","status":"publish","type":"product","link":"https:\/\/at2e-usa.com\/es\/producto\/cca-crown-cap-aphrometer\/","title":{"rendered":"CCA Crown Cap Aphrometer"},"content":{"rendered":"<p>\u2013 Mecanismo fuerte y fiable.<br \/>\n\u2013 Man\u00f3metro de acero inoxidable: (0\/10) Bar.<br \/>\n\u2013 Puede comprobar varios lotes.<br \/>\n\u2013 Afr\u00f3metro personalizable.<br \/>\n\u2013 Calidad hecha.<\/p>\n<p>\u2013 Tipo de acabado: corona 26 mm<br \/>\n\u2013 Tipo de acabado: corona 29 mm<br \/>\n\u2013 Tipo de acabado: corona 36 mm (jeroboam)<br \/>\n\u2013 Tipo de acabado: tap\u00f3n de rosca<\/p>\n","protected":false},"excerpt":{"rendered":"<p>Este afr\u00f3metro est\u00e1 dise\u00f1ado para controlar la presi\u00f3n durante la segunda fermentaci\u00f3n.<\/p>\n<p>Este man\u00f3metro de champ\u00e1n comprueba instant\u00e1neamente la presi\u00f3n en las botellas con tap\u00f3n corona con o sin cierre de pl\u00e1stico.<br \/>\nUna junta garantiza la estanqueidad entre el afr\u00f3metro y la tapa de la corona.<\/p>\n","protected":false},"featured_media":10187,"comment_status":"closed","ping_status":"closed","template":"","meta":[],"product_brand":[],"product_cat":[60,69,65,64],"product_tag":[],"class_list":{"0":"post-3277","1":"product","2":"type-product","3":"status-publish","4":"has-post-thumbnail","6":"product_cat-afrometro","7":"product_cat-botella-de-vidrio","8":"product_cat-gorra-de-corona","9":"product_cat-probadores-de-co2-presion-vacio","11":"first","12":"instock","13":"shipping-taxable","14":"product-type-simple"},"_links":{"self":[{"href":"https:\/\/at2e-usa.com\/es\/wp-json\/wp\/v2\/product\/3277","targetHints":{"allow":["GET"]}}],"collection":[{"href":"https:\/\/at2e-usa.com\/es\/wp-json\/wp\/v2\/product"}],"about":[{"href":"https:\/\/at2e-usa.com\/es\/wp-json\/wp\/v2\/types\/product"}],"replies":[{"embeddable":true,"href":"https:\/\/at2e-usa.com\/es\/wp-json\/wp\/v2\/comments?post=3277"}],"version-history":[{"count":1,"href":"https:\/\/at2e-usa.com\/es\/wp-json\/wp\/v2\/product\/3277\/revisions"}],"predecessor-version":[{"id":10087,"href":"https:\/\/at2e-usa.com\/es\/wp-json\/wp\/v2\/product\/3277\/revisions\/10087"}],"wp:featuredmedia":[{"embeddable":true,"href":"https:\/\/at2e-usa.com\/es\/wp-json\/wp\/v2\/media\/10187"}],"wp:attachment":[{"href":"https:\/\/at2e-usa.com\/es\/wp-json\/wp\/v2\/media?parent=3277"}],"wp:term":[{"taxonomy":"product_brand","embeddable":true,"href":"https:\/\/at2e-usa.com\/es\/wp-json\/wp\/v2\/product_brand?post=3277"},{"taxonomy":"product_cat","embeddable":true,"href":"https:\/\/at2e-usa.com\/es\/wp-json\/wp\/v2\/product_cat?post=3277"},{"taxonomy":"product_tag","embeddable":true,"href":"https:\/\/at2e-usa.com\/es\/wp-json\/wp\/v2\/product_tag?post=3277"}],"curies":[{"name":"wp","href":"https:\/\/api.w.org\/{rel}","templated":true}]}}