{"id":3278,"date":"2023-12-05T20:40:21","date_gmt":"2023-12-06T02:40:21","guid":{"rendered":"https:\/\/at2e-usa.com\/product\/cet-probador-de-extraccion-de-corcho\/"},"modified":"2024-10-12T07:32:23","modified_gmt":"2024-10-12T12:32:23","slug":"cet-probador-de-extraccion-de-corcho","status":"publish","type":"product","link":"https:\/\/at2e-usa.com\/es\/producto\/cet-probador-de-extraccion-de-corcho\/","title":{"rendered":"CET \u2013 Probador de extracci\u00f3n de corcho"},"content":{"rendered":"<p><strong>En funcionamiento:<\/strong><br \/>\n&#8211; Insertar el sacacorchos en el corcho.<br \/>\n&#8211; Instalar la botella en el soporte adaptado.<br \/>\n&#8211; Enganchar el extractor en el sacacorchos.<br \/>\n&#8211; Aplicar una acci\u00f3n de tracci\u00f3n lineal al corcho.<br \/>\n&#8211; Suelte el corcho de la botella, mientras la botella se sujeta firmemente.<br \/>\n&#8211; La fuerza m\u00e1xima de extracci\u00f3n\/empuje se muestra en el dinam\u00f3metro.<\/p>\n<p><strong>Datos t\u00e9cnicos:<\/strong><br \/>\nCapacidad : 100, 200, 500N<br \/>\nPrecisi\u00f3n: 0,25% FS<br \/>\nResoluci\u00f3n : 0,1N<br \/>\nTasa de velocidad: 1000 Hz<br \/>\nDisponible: man\u00f3metro digital o anal\u00f3gico.<\/p>\n<p><strong>\u200bCaracter\u00edsticas:<\/strong><br \/>\n&#8211; probador robusto y reproducible<br \/>\n&#8211; El mango permite una f\u00e1cil operaci\u00f3n<br \/>\n&#8211; Gama de botellas: (75cl, 50cl).<br \/>\n&#8211; Columna con ajuste de altura<br \/>\n&#8211; la gu\u00eda lineal garantiza la gu\u00eda axial<br \/>\n&#8211; Certificado de calibraci\u00f3n<\/p>\n<p>&nbsp;<\/p>\n","protected":false},"excerpt":{"rendered":"<p><strong>CET-1<\/strong>\u00a0El Probador de Extracci\u00f3n de Corcho es un sistema de prueba de fuerza. Ha sido dise\u00f1ado para industrias productoras de vino y fabricantes de corcho. De f\u00e1cil uso, permite medir la extracci\u00f3n o inserci\u00f3n del corcho y permite mejorar los productos de corcho y el proceso de montaje\/sellado.<br \/>\n<strong>CET-1<\/strong>\u00a0garantiza una medici\u00f3n repetida y precisa para comprobar la fuerza de empuje o extracci\u00f3n necesaria para insertar o extraer el corcho de las botellas.<br \/>\nEsta es una prueba est\u00e1ndar para garantizar que el fabricante de corcho o el productor de vino permita al consumidor final abrir f\u00e1cilmente la botella.<br \/>\nTambi\u00e9n permite mantener la calidad del vino.<\/p>\n","protected":false},"featured_media":9962,"comment_status":"closed","ping_status":"closed","template":"","meta":[],"product_brand":[],"product_cat":[69,68],"product_tag":[],"class_list":{"0":"post-3278","1":"product","2":"type-product","3":"status-publish","4":"has-post-thumbnail","6":"product_cat-botella-de-vidrio","7":"product_cat-fuerza-compresion","9":"first","10":"instock","11":"shipping-taxable","12":"product-type-simple"},"_links":{"self":[{"href":"https:\/\/at2e-usa.com\/es\/wp-json\/wp\/v2\/product\/3278","targetHints":{"allow":["GET"]}}],"collection":[{"href":"https:\/\/at2e-usa.com\/es\/wp-json\/wp\/v2\/product"}],"about":[{"href":"https:\/\/at2e-usa.com\/es\/wp-json\/wp\/v2\/types\/product"}],"replies":[{"embeddable":true,"href":"https:\/\/at2e-usa.com\/es\/wp-json\/wp\/v2\/comments?post=3278"}],"version-history":[{"count":1,"href":"https:\/\/at2e-usa.com\/es\/wp-json\/wp\/v2\/product\/3278\/revisions"}],"predecessor-version":[{"id":10088,"href":"https:\/\/at2e-usa.com\/es\/wp-json\/wp\/v2\/product\/3278\/revisions\/10088"}],"wp:featuredmedia":[{"embeddable":true,"href":"https:\/\/at2e-usa.com\/es\/wp-json\/wp\/v2\/media\/9962"}],"wp:attachment":[{"href":"https:\/\/at2e-usa.com\/es\/wp-json\/wp\/v2\/media?parent=3278"}],"wp:term":[{"taxonomy":"product_brand","embeddable":true,"href":"https:\/\/at2e-usa.com\/es\/wp-json\/wp\/v2\/product_brand?post=3278"},{"taxonomy":"product_cat","embeddable":true,"href":"https:\/\/at2e-usa.com\/es\/wp-json\/wp\/v2\/product_cat?post=3278"},{"taxonomy":"product_tag","embeddable":true,"href":"https:\/\/at2e-usa.com\/es\/wp-json\/wp\/v2\/product_tag?post=3278"}],"curies":[{"name":"wp","href":"https:\/\/api.w.org\/{rel}","templated":true}]}}