{"id":3279,"date":"2023-12-05T20:37:53","date_gmt":"2023-12-06T02:37:53","guid":{"rendered":"https:\/\/at2e-usa.com\/product\/ca-afrometro-de-corcho\/"},"modified":"2024-10-12T07:32:49","modified_gmt":"2024-10-12T12:32:49","slug":"ca-afrometro-de-corcho","status":"publish","type":"product","link":"https:\/\/at2e-usa.com\/es\/producto\/ca-afrometro-de-corcho\/","title":{"rendered":"CA\u200b &#8211; Afr\u00f3metro de corcho"},"content":{"rendered":"<p>Este afr\u00f3metro est\u00e1 dise\u00f1ado para comprobar la presi\u00f3n tras el proceso de deg\u00fcelle de los vinos espumosos.<br \/>\nMide la presi\u00f3n en las botellas de champ\u00e1n rematadas con un capuch\u00f3n y un corcho.<br \/>\nSu fuerte mecanismo le permite perforar f\u00e1cilmente la capota y el corcho para comprobarlo.<br \/>\nEl corcho asegura la estanqueidad durante la prueba.<\/p>\n<p>NB: No golpes, no dejes caer.<\/p>\n","protected":false},"excerpt":{"rendered":"<p><strong><u>Ventajas:<\/u><\/strong><br \/>\n\u2013 Strong mechanism.<br \/>\n\u2013 Stainless steel manometer: (0\/10) Bar.<br \/>\n\u2013 Quality made.<br \/>\n\u2013 Especially designed to pierce wire-hoods and corks<br \/>\n\u2013 Can be used for cider bottles topped on with a wire-hood and a cork.<\/p>\n","protected":false},"featured_media":9144,"comment_status":"closed","ping_status":"closed","template":"","meta":[],"product_brand":[],"product_cat":[60,69],"product_tag":[],"class_list":{"0":"post-3279","1":"product","2":"type-product","3":"status-publish","4":"has-post-thumbnail","6":"product_cat-afrometro","7":"product_cat-botella-de-vidrio","9":"first","10":"instock","11":"shipping-taxable","12":"product-type-simple"},"_links":{"self":[{"href":"https:\/\/at2e-usa.com\/es\/wp-json\/wp\/v2\/product\/3279","targetHints":{"allow":["GET"]}}],"collection":[{"href":"https:\/\/at2e-usa.com\/es\/wp-json\/wp\/v2\/product"}],"about":[{"href":"https:\/\/at2e-usa.com\/es\/wp-json\/wp\/v2\/types\/product"}],"replies":[{"embeddable":true,"href":"https:\/\/at2e-usa.com\/es\/wp-json\/wp\/v2\/comments?post=3279"}],"version-history":[{"count":1,"href":"https:\/\/at2e-usa.com\/es\/wp-json\/wp\/v2\/product\/3279\/revisions"}],"predecessor-version":[{"id":10089,"href":"https:\/\/at2e-usa.com\/es\/wp-json\/wp\/v2\/product\/3279\/revisions\/10089"}],"wp:featuredmedia":[{"embeddable":true,"href":"https:\/\/at2e-usa.com\/es\/wp-json\/wp\/v2\/media\/9144"}],"wp:attachment":[{"href":"https:\/\/at2e-usa.com\/es\/wp-json\/wp\/v2\/media?parent=3279"}],"wp:term":[{"taxonomy":"product_brand","embeddable":true,"href":"https:\/\/at2e-usa.com\/es\/wp-json\/wp\/v2\/product_brand?post=3279"},{"taxonomy":"product_cat","embeddable":true,"href":"https:\/\/at2e-usa.com\/es\/wp-json\/wp\/v2\/product_cat?post=3279"},{"taxonomy":"product_tag","embeddable":true,"href":"https:\/\/at2e-usa.com\/es\/wp-json\/wp\/v2\/product_tag?post=3279"}],"curies":[{"name":"wp","href":"https:\/\/api.w.org\/{rel}","templated":true}]}}