{"id":3280,"date":"2023-12-05T20:35:40","date_gmt":"2023-12-06T02:35:40","guid":{"rendered":"https:\/\/at2e-usa.com\/product\/co2easy-dispositivo-de-medicion-de-co2-analogico\/"},"modified":"2024-06-11T19:16:33","modified_gmt":"2024-06-12T00:16:33","slug":"co2easy-dispositivo-medicion-co2-analogico","status":"publish","type":"product","link":"https:\/\/at2e-usa.com\/es\/producto\/co2easy-dispositivo-medicion-co2-analogico\/","title":{"rendered":"CO2EASY Dispositivo de Medici\u00f3n de CO2 Anal\u00f3gico para Niveles Precisos de Carbonataci\u00f3n"},"content":{"rendered":"<p>Para lograr una calidad y un sabor constantes en todo tipo de bebidas carbonatadas, uno de los par\u00e1metros cr\u00edticos es el contenido de CO<sub>2<\/sub>\u00a0(di\u00f3xido de carbono) en el l\u00edquido.<\/p>\n<p>Nuestro an\u00e1logo del sistema de medici\u00f3n de CO<sub>2<\/sub>\u00a0CO2EASY es un dispositivo de laboratorio est\u00e1ndar ampliamente utilizado en cervecer\u00edas, as\u00ed como en la industria de bebidas no alcoh\u00f3licas, para medir frecuentemente el contenido de CO<sub>2<\/sub>\u00a0durante y despu\u00e9s de la producci\u00f3n. Permite una determinaci\u00f3n r\u00e1pida y precisa del contenido de CO<sub>2<\/sub>\u00a0en cerveza y bebidas carbonatadas tras perforar el tap\u00f3n.<\/p>\n<p><strong>CO<sub>2<\/sub>EASY<\/strong>\u00a0tiene dos tama\u00f1os (est\u00e1ndar y grande) para satisfacer mejor las necesidades de los clientes que necesitan probar muestras de dimensiones m\u00e1s grandes.<\/p>\n<p><strong><u>Especificaciones t\u00e9cnicas:<\/u><\/strong><\/p>\n<ul>\n<li>Unidades de presi\u00f3n: Bar \/ psi (doble graduaci\u00f3n \u2013 otras consultar)<\/li>\n<li>Rango de medici\u00f3n: 0-6 bar\/0-90 psi<\/li>\n<li>Resoluci\u00f3n: 1 bar\/1,5 psi<\/li>\n<li>Unidades de temperatura: \u00b0C o \u00baF<\/li>\n<li>Rango de temperatura: 0 \u2013 50\u00b0C\/32-120\u00baF<\/li>\n<li>Resoluci\u00f3n: 1\u00b0C\/F<\/li>\n<\/ul>\n<p>&nbsp;<\/p>\n<p><strong><u>Especificaciones t\u00e9cnicas \u2013 tama\u00f1o est\u00e1ndar:<\/u><\/strong><\/p>\n<ul>\n<li>Altura de la muestra: 50 a 330 mm \/ 2\u201d a 13\u2033<\/li>\n<li>Di\u00e1metro de la muestra: 105 mm \/ 4,1\u2033 m\u00e1x.<\/li>\n<li>Dimensiones: 140 x 200 x 430 mm \/ 5,5\u201d x 8\u201d x 17\u201d<\/li>\n<li>Peso neto: 2 kg \/ 4,5 libras<\/li>\n<\/ul>\n<p>&nbsp;<\/p>\n<p><strong><u>Especificaciones t\u00e9cnicas \u2013 tama\u00f1o grande:<\/u><\/strong><\/p>\n<ul>\n<li>Altura de la muestra: 50 a 450 mm \/ 2\u201d a 17,7\u2033<\/li>\n<li>Di\u00e1metro de la muestra: 150 mm \/ 5,9\u2033 m\u00e1x.<\/li>\n<li>Dimensiones: 140 x 200 x 530 mm \/ 5,5\u201d x 8\u201d x 21\u201d<\/li>\n<li>Peso neto: 3 kg \/ 7 lbs<\/li>\n<\/ul>\n<p>&nbsp;<\/p>\n<p><strong><u>Art\u00edculo opcional:<\/u><\/strong><\/p>\n<ul>\n<li>Certificado de calibraci\u00f3n<\/li>\n<\/ul>\n","protected":false},"excerpt":{"rendered":"<p>Mide los niveles de CO2 con precisi\u00f3n usando el dispositivo anal\u00f3gico CO2EASY, fiable y f\u00e1cil de usar.<\/p>\n<p><strong>Medidor simple de CO2 para botellas y latas<\/strong><\/p>\n<p>Para una calidad y sabor constante en todo tipo de bebidas carbonatas, el par\u00e1metro cr\u00edtico es el contenido de CO2 (di\u00f3xido de carbono) en el l\u00edquido.<\/p>\n<p class=\" translation-block\">Nuestro\u00a0<strong>CO2EASY<\/strong>\u00a0medidor es ampliamente utilizado en la industria cervecera y de bebidas sin alcohol para medir con frecuencia el contenido de CO2 durante la producci\u00f3n. El\u00a0<strong>CO2EASY DIGITAL-T<\/strong>\u00a0dispositivo incluye un term\u00f3metro digital.<\/p>\n","protected":false},"featured_media":9146,"comment_status":"closed","ping_status":"closed","template":"","meta":[],"product_brand":[],"product_cat":[69],"product_tag":[],"class_list":{"0":"post-3280","1":"product","2":"type-product","3":"status-publish","4":"has-post-thumbnail","6":"product_cat-botella-de-vidrio","8":"first","9":"instock","10":"shipping-taxable","11":"product-type-simple"},"_links":{"self":[{"href":"https:\/\/at2e-usa.com\/es\/wp-json\/wp\/v2\/product\/3280","targetHints":{"allow":["GET"]}}],"collection":[{"href":"https:\/\/at2e-usa.com\/es\/wp-json\/wp\/v2\/product"}],"about":[{"href":"https:\/\/at2e-usa.com\/es\/wp-json\/wp\/v2\/types\/product"}],"replies":[{"embeddable":true,"href":"https:\/\/at2e-usa.com\/es\/wp-json\/wp\/v2\/comments?post=3280"}],"version-history":[{"count":0,"href":"https:\/\/at2e-usa.com\/es\/wp-json\/wp\/v2\/product\/3280\/revisions"}],"wp:featuredmedia":[{"embeddable":true,"href":"https:\/\/at2e-usa.com\/es\/wp-json\/wp\/v2\/media\/9146"}],"wp:attachment":[{"href":"https:\/\/at2e-usa.com\/es\/wp-json\/wp\/v2\/media?parent=3280"}],"wp:term":[{"taxonomy":"product_brand","embeddable":true,"href":"https:\/\/at2e-usa.com\/es\/wp-json\/wp\/v2\/product_brand?post=3280"},{"taxonomy":"product_cat","embeddable":true,"href":"https:\/\/at2e-usa.com\/es\/wp-json\/wp\/v2\/product_cat?post=3280"},{"taxonomy":"product_tag","embeddable":true,"href":"https:\/\/at2e-usa.com\/es\/wp-json\/wp\/v2\/product_tag?post=3280"}],"curies":[{"name":"wp","href":"https:\/\/api.w.org\/{rel}","templated":true}]}}