{"id":3281,"date":"2023-12-05T20:34:36","date_gmt":"2023-12-06T02:34:36","guid":{"rendered":"https:\/\/at2e-usa.com\/product\/co2-da-agitador-automatico-y-calculadora-de-co2\/"},"modified":"2024-10-12T07:34:15","modified_gmt":"2024-10-12T12:34:15","slug":"co2-da-agitador-automatico-y-calculadora-de-co2","status":"publish","type":"product","link":"https:\/\/at2e-usa.com\/es\/producto\/co2-da-agitador-automatico-y-calculadora-de-co2\/","title":{"rendered":"CO2-DA &#8211; Agitador Autom\u00e1tico y Calculadora de CO2"},"content":{"rendered":"<p>El agitador y agitador autom\u00e1tico <strong>CO2DA de AT2E. Calculadora de CO2\u00a0<\/strong>es un instrumento especial que sirve para calcular el contenido de di\u00f3xido de carbono en la bebida llena en botellas y latas de vidrio\/PET.<\/p>\n<p>Su sencillo funcionamiento, que adem\u00e1s garantiza una alta repetibilidad, lo convierte en un importante equipo de control de calidad en la industria de bebidas.<\/p>\n<p><strong><u>Operaci\u00f3n:<\/u><\/strong><\/p>\n<ul>\n<li>Colocar la muestra<\/li>\n<li>Perforar la muestra<\/li>\n<li>Presione el bot\u00f3n \u00abIniciar\u00bb para iniciar la prueba<\/li>\n<li>Obtener el contenido de di\u00f3xido de carbono despu\u00e9s de agitar<\/li>\n<\/ul>\n<p><u><strong>Caracter\u00edsticas:<\/strong><\/u><\/p>\n<ul>\n<li>La agitaci\u00f3n mediante motor garantiza una alta reproducibilidad en comparaci\u00f3n con la agitaci\u00f3n manual<\/li>\n<li>Dise\u00f1o en acero inoxidable<\/li>\n<li>Pantalla t\u00e1ctil de alta resoluci\u00f3n con interfaz f\u00e1cil de usar<\/li>\n<li>Velocidad y tiempo de agitaci\u00f3n configurables<\/li>\n<li>Alta precisi\u00f3n<\/li>\n<li>Calcula el contenido de CO<sub>2<\/sub>\u00a0de forma autom\u00e1tica y r\u00e1pida<\/li>\n<li>Buena repetibilidad<\/li>\n<li>Perforaci\u00f3n y perforaci\u00f3n sencillas y f\u00e1ciles. operaci\u00f3n<\/li>\n<li>Aplicable a la mayor\u00eda de botellas de vidrio, botellas de PET y latas<\/li>\n<\/ul>\n<p><strong><u>Especificaciones t\u00e9cnicas:<\/u><\/strong><\/p>\n<ul>\n<li style=\"list-style-type: none;\">\n<ul>\n<li>CO<sub>2<\/sub>\u00a0rango de medici\u00f3n: 00 a 9,99 g\/l<\/li>\n<li>CO<sub>2\u00a0<\/sub>precisi\u00f3n: \u00b10,01 g\/l<\/li>\n<\/ul>\n<\/li>\n<\/ul>\n<p>Unidades<\/p>\n<ul>\n<li>CO<sub>2<\/sub>\u00a0: g\/L, Vol, %b.w, Kg\/cm<sup>2<\/sup><\/li>\n<li>Rango de medici\u00f3n de temperatura: 0 a 60 \u00b0C \/ 0 a 140 \u00b0F<\/li>\n<li>Resoluci\u00f3n de temperatura: 0,1 \u00b0C \/ 0,2 \u00b0F<\/li>\n<li>Precisi\u00f3n de temperatura: \u00b10,2 \u00b0C \/ \u00b10,4 \u00b0F<\/li>\n<li>Unidades de temperatura: \u00b0C, \u00b0F<\/li>\n<li>Rango de medici\u00f3n de presi\u00f3n: 0 a 6 bar \/ 0 a 85 psi<\/li>\n<li>Resoluci\u00f3n de presi\u00f3n: 0,01 bar \/ 0,15 psi<\/li>\n<li>Precisi\u00f3n de la presi\u00f3n: \u00b10,02 bar \/ \u00b10,30 psi<\/li>\n<li>Unidades de presi\u00f3n: bar, psi<\/li>\n<li>Rango de muestra: di\u00e1metro m\u00e1ximo: 120 mm \/ 4,7\u201d<\/li>\n<li>Rango de muestra: altura m\u00e1xima: 380 mm\/15\u201d<\/li>\n<li>Fuente de alimentaci\u00f3n: 110V 60 Hz o 220V 50Hz<\/li>\n<li>Dimensiones: 580 x 380 x 365 mm \/ 23\u201d x 15\u201d x 14,5\u201d (largo x ancho x alto)<\/li>\n<li>Peso neto: 30 kg \/ 66 lbs<\/li>\n<\/ul>\n<p><strong><u>Elementos opcionales:<\/u><\/strong><\/p>\n<ul>\n<li>Minimpresora.<\/li>\n<li>Software QUALICO2<\/li>\n<li>Cubierta\/Cubierta de seguridad completa<\/li>\n<\/ul>\n","protected":false},"excerpt":{"rendered":"<p>El\u00a0<strong>AT2E CO2DA<\/strong>\u00a0\u2013 Calculador de CO\u00b2 Autom\u00e1tico es un innovador sistema desarrollado por AT2E seme automatizado. Con el sistema de agitaci\u00f3n brinda seguridad al operador. Su pantalla t\u00e1ctil integrada ofrece una operaci\u00f3n amigable con abundante registro de la operaci\u00f3n.\u200b<\/p>\n","protected":false},"featured_media":2945,"comment_status":"closed","ping_status":"closed","template":"","meta":[],"product_brand":[],"product_cat":[],"product_tag":[],"class_list":{"0":"post-3281","1":"product","2":"type-product","3":"status-publish","4":"has-post-thumbnail","7":"first","8":"instock","9":"shipping-taxable","10":"product-type-simple"},"_links":{"self":[{"href":"https:\/\/at2e-usa.com\/es\/wp-json\/wp\/v2\/product\/3281","targetHints":{"allow":["GET"]}}],"collection":[{"href":"https:\/\/at2e-usa.com\/es\/wp-json\/wp\/v2\/product"}],"about":[{"href":"https:\/\/at2e-usa.com\/es\/wp-json\/wp\/v2\/types\/product"}],"replies":[{"embeddable":true,"href":"https:\/\/at2e-usa.com\/es\/wp-json\/wp\/v2\/comments?post=3281"}],"version-history":[{"count":1,"href":"https:\/\/at2e-usa.com\/es\/wp-json\/wp\/v2\/product\/3281\/revisions"}],"predecessor-version":[{"id":10090,"href":"https:\/\/at2e-usa.com\/es\/wp-json\/wp\/v2\/product\/3281\/revisions\/10090"}],"wp:featuredmedia":[{"embeddable":true,"href":"https:\/\/at2e-usa.com\/es\/wp-json\/wp\/v2\/media\/2945"}],"wp:attachment":[{"href":"https:\/\/at2e-usa.com\/es\/wp-json\/wp\/v2\/media?parent=3281"}],"wp:term":[{"taxonomy":"product_brand","embeddable":true,"href":"https:\/\/at2e-usa.com\/es\/wp-json\/wp\/v2\/product_brand?post=3281"},{"taxonomy":"product_cat","embeddable":true,"href":"https:\/\/at2e-usa.com\/es\/wp-json\/wp\/v2\/product_cat?post=3281"},{"taxonomy":"product_tag","embeddable":true,"href":"https:\/\/at2e-usa.com\/es\/wp-json\/wp\/v2\/product_tag?post=3281"}],"curies":[{"name":"wp","href":"https:\/\/api.w.org\/{rel}","templated":true}]}}