{"id":3283,"date":"2023-12-05T20:30:42","date_gmt":"2023-12-06T02:30:42","guid":{"rendered":"https:\/\/at2e-usa.com\/product\/co2-cs-sistema-de-calculo-de-co2-totalmente-automatico\/"},"modified":"2024-10-12T07:35:27","modified_gmt":"2024-10-12T12:35:27","slug":"co2-cs-sistema-de-calculo-de-co2-totalmente-automatico","status":"publish","type":"product","link":"https:\/\/at2e-usa.com\/es\/producto\/co2-cs-sistema-de-calculo-de-co2-totalmente-automatico\/","title":{"rendered":"CO2-CS Sistema de c\u00e1lculo de CO2 totalmente autom\u00e1tico"},"content":{"rendered":"<p>El sistema de c\u00e1lculo de CO<sub>2<\/sub> totalmente autom\u00e1tico CO<sub>2<\/sub>CS de AT2E es un sistema de c\u00e1lculo de contenido de CO<sub>2<\/sub> innovador y totalmente autom\u00e1tico. Con su innovador sistema de agitaci\u00f3n y dise\u00f1o cerrado, es sencillo y seguro para el operador. El dise\u00f1o de pantalla t\u00e1ctil integrada ofrece un proceso operativo f\u00e1cil de usar y proporciona abundante informaci\u00f3n de medici\u00f3n.<\/p>\n<p><strong><u>Caracter\u00edsticas:<\/u><\/strong><\/p>\n<ul>\n<li><strong><em>Sistema totalmente autom\u00e1tico:<\/em><\/strong> f\u00e1cil de obtener el contenido de CO<sub>2<\/sub> simplemente insertando la muestra en el sistema. Todo el proceso, incluida la perforaci\u00f3n, el sellado, la agitaci\u00f3n, la exposici\u00f3n y la ventilaci\u00f3n, se lleva a cabo de forma autom\u00e1tica.<\/li>\n<li><strong><em>Dise\u00f1o de acero inoxidable:<\/em><\/strong> m\u00e1s duradero y estable durante las pruebas.<\/li>\n<li><strong><em>M\u00e9todo innovador de agitaci\u00f3n:<\/em><\/strong> Permite que la agitaci\u00f3n de la muestra y la evoluci\u00f3n del CO<sub>2<\/sub> sean m\u00e1s exactas, permitiendo que los resultados de las mediciones sean m\u00e1s exactos. m\u00e1s preciso. Gracias a su dise\u00f1o innovador, evita cualquier problema de mantenimiento mec\u00e1nico que pueda ocurrir en un agitador rotatorio t\u00edpico.<\/li>\n<li><strong><em>Dise\u00f1o de seguridad:<\/em><\/strong> todo el proceso de agitaci\u00f3n se realiza dentro de la c\u00e1mara, evitando posibles peligros para el operador.<\/li>\n<li><strong><em>PLC &amp; Pantalla t\u00e1ctil:<\/em><\/strong> permite realizar pruebas personalizadas. El tiempo y la velocidad de agitaci\u00f3n se pueden configurar seg\u00fan las preferencias del operador.<\/li>\n<li><strong><em>Excelente recopilaci\u00f3n de datos:<\/em><\/strong> el operador, el nombre del producto, el n\u00famero de lote y el n\u00famero de muestra se pueden editar y guardar con el sistema.<\/li>\n<li><strong><em>11 f\u00f3rmulas, para bebidas alcoh\u00f3licas y refrescos:<\/em><\/strong> se pueden seleccionar hasta once f\u00f3rmulas diferentes de c\u00e1lculo de CO<sub>2<\/sub> dependiendo del tipo de muestra.<\/li>\n<li><strong><em>Visualizaci\u00f3n de umbral:<\/em><\/strong> los resultados que son superiores e inferiores al est\u00e1ndar se mostrar\u00e1n y ser\u00e1n f\u00e1ciles de leer.<\/li>\n<li><strong><em>Integraci\u00f3n:<\/em><\/strong> La conexi\u00f3n SPC est\u00e1 disponible.<\/li>\n<li><strong><em>Limpieza:<\/em><\/strong> F\u00e1cil de limpiar cualquier derrame en el sistema de agitaci\u00f3n.<\/li>\n<\/ul>\n<p><strong><u>Especificaciones t\u00e9cnicas:<\/u><\/strong><\/p>\n<ul>\n<li style=\"list-style-type: none;\">\n<ul>\n<li>Fuente de alimentaci\u00f3n: 110V 60Hz<\/li>\n<li>Rango de muestra:\n<ul>\n<li>hasta 120 mm \/ 4 3\/4&#8243; de di\u00e1metro<\/li>\n<li>hasta 360 mm \/ 14&#8243; de altura<\/li>\n<\/ul>\n<\/li>\n<li>Rango de medici\u00f3n de CO<sub>2<\/sub>: 0 \u2013 9,99 g\/L.<\/li>\n<li>Rango de medici\u00f3n de temperatura: -10 a 60 \u00b0C \/ 15 &#8211; 140 \u00b0F<\/li>\n<li>Rango de medici\u00f3n de presi\u00f3n: 0 \u2013 6 bar. \/ 0-90 psi<\/li>\n<li>Precisi\u00f3n:\n<ul>\n<li>\u00b10,01 g\/l (CO<sub>2<\/sub>)<\/li>\n<li>\u00b10,1 \u00b0C (temperatura)<\/li>\n<li>\u00b10,01 bar \/ 0,15 psi (presi\u00f3n)<\/li>\n<\/ul>\n<\/li>\n<\/ul>\n<\/li>\n<\/ul>\n<p>Unidades de contenido de<\/p>\n<ul>\n<li>CO<sub>2<\/sub>: g\/L \/ Volumen \/ % de peso \/ P20 [kg\/cm2]<\/li>\n<li>Unidades de temperatura: \u00b0F y \u00b0C<\/li>\n<li>Idiomas: Ingl\u00e9s \/ Franc\u00e9s \/ Espa\u00f1ol \/ Chino<\/li>\n<li>Tama\u00f1o total: 104 x 54 x 106 cm \/ 41&#8243; x 21&#8243; x 42&#8243; (largo x ancho x alto)<\/li>\n<li>Peso neto: 100 kg. \/ 220 libras<\/li>\n<\/ul>\n<p><strong><u>Piezas opcionales:<\/u><\/strong><\/p>\n<ul>\n<li>Inserto para diferentes tama\u00f1os y formas\/formatos de botella<\/li>\n<li><strong>QUALICO2<\/strong> Software<\/li>\n<li>Paquete de calibraci\u00f3n<\/li>\n<\/ul>\n","protected":false},"excerpt":{"rendered":"<p>Para medir de manera eficiente el contenido de CO2 de las botellas<\/p>\n<p class=\" translation-block\">El\u00a0<strong>CO2-CS Calculador de CO\u00b2 Autom\u00e1tico<\/strong>\u00a0es un innovador sistema desarrolla do por AT2E totalmente automatizado. Con el sistema de agitaci\u00f3n brinda seguridad al operador. Su pantalla t\u00e1ctil integrada ofrece una operaci\u00f3n amigable con abundante registro de la operaci\u00f3n.<\/p>\n","protected":false},"featured_media":9150,"comment_status":"closed","ping_status":"closed","template":"","meta":[],"product_brand":[],"product_cat":[15],"product_tag":[],"class_list":{"0":"post-3283","1":"product","2":"type-product","3":"status-publish","4":"has-post-thumbnail","6":"product_cat-uncategorized","8":"first","9":"instock","10":"shipping-taxable","11":"product-type-simple"},"_links":{"self":[{"href":"https:\/\/at2e-usa.com\/es\/wp-json\/wp\/v2\/product\/3283","targetHints":{"allow":["GET"]}}],"collection":[{"href":"https:\/\/at2e-usa.com\/es\/wp-json\/wp\/v2\/product"}],"about":[{"href":"https:\/\/at2e-usa.com\/es\/wp-json\/wp\/v2\/types\/product"}],"replies":[{"embeddable":true,"href":"https:\/\/at2e-usa.com\/es\/wp-json\/wp\/v2\/comments?post=3283"}],"version-history":[{"count":1,"href":"https:\/\/at2e-usa.com\/es\/wp-json\/wp\/v2\/product\/3283\/revisions"}],"predecessor-version":[{"id":10092,"href":"https:\/\/at2e-usa.com\/es\/wp-json\/wp\/v2\/product\/3283\/revisions\/10092"}],"wp:featuredmedia":[{"embeddable":true,"href":"https:\/\/at2e-usa.com\/es\/wp-json\/wp\/v2\/media\/9150"}],"wp:attachment":[{"href":"https:\/\/at2e-usa.com\/es\/wp-json\/wp\/v2\/media?parent=3283"}],"wp:term":[{"taxonomy":"product_brand","embeddable":true,"href":"https:\/\/at2e-usa.com\/es\/wp-json\/wp\/v2\/product_brand?post=3283"},{"taxonomy":"product_cat","embeddable":true,"href":"https:\/\/at2e-usa.com\/es\/wp-json\/wp\/v2\/product_cat?post=3283"},{"taxonomy":"product_tag","embeddable":true,"href":"https:\/\/at2e-usa.com\/es\/wp-json\/wp\/v2\/product_tag?post=3283"}],"curies":[{"name":"wp","href":"https:\/\/api.w.org\/{rel}","templated":true}]}}