{"id":3284,"date":"2023-12-05T20:28:03","date_gmt":"2023-12-06T02:28:03","guid":{"rendered":"https:\/\/at2e-usa.com\/product\/cla-eco-analizador-de-fugas-de-latas-3-posiciones\/"},"modified":"2024-10-12T07:36:03","modified_gmt":"2024-10-12T12:36:03","slug":"cla-eco-analizador-de-fugas-de-latas-3-posiciones","status":"publish","type":"product","link":"https:\/\/at2e-usa.com\/es\/producto\/cla-eco-analizador-de-fugas-de-latas-3-posiciones\/","title":{"rendered":"CLA-ECO &#8211; Analizador de fugas de latas (3 posiciones)"},"content":{"rendered":"<div class=\"paragraph\">\n<p><strong><u>Caracter\u00edsticas:<\/u><\/strong><\/p>\n<ul>\n<li>Dise\u00f1o neum\u00e1tico que permite que el probador est\u00e9 libre de electricidad<\/li>\n<li>Ba\u00f1o de agua de acero inoxidable<\/li>\n<li>Inmersi\u00f3n semiautomatizada<\/li>\n<li>M\u00faltiples posiciones de prueba (por favor, consulte a AT2E para solicitudes de posici\u00f3n diferentes)<\/li>\n<li>Aplicable para la mayor\u00eda de tama\u00f1os de lata de 3 piezas<\/li>\n<li>F\u00e1cil instalaci\u00f3n de muestras<\/li>\n<\/ul>\n<\/div>\n<div class=\"paragraph\">\n<p><strong><u>Procedimiento de prueba:<\/u><\/strong><\/p>\n<ul>\n<li>Coloque las muestras contra la placa de retenci\u00f3n magn\u00e9tica<\/li>\n<li>Sujete las muestras con la v\u00e1lvula manual<\/li>\n<li>Sumerja la unidad de retenci\u00f3n en el ba\u00f1o de agua mediante la v\u00e1lvula manual hasta que las muestras se sumerjan completamente en el agua<\/li>\n<li>Aplique presi\u00f3n a las muestras hasta alcanzar el valor objetivo y mantenga la presi\u00f3n<\/li>\n<li>Observe la muestra para ver si salen burbujas de aire constantemente<\/li>\n<li>Rote la placa de retenci\u00f3n para observar diferentes partes del cuerpo de la lata<\/li>\n<li>Finaliza la prueba, registre los resultados.<\/li>\n<\/ul>\n<\/div>\n<div class=\"paragraph\">\n<p><strong><u>Especificaciones t\u00e9cnicas:<\/u><\/strong><\/p>\n<ul>\n<li>Rango de medida: 0 &#8211; 6 bar<\/li>\n<li>Resoluci\u00f3n: 0.1 bar<\/li>\n<li>Rango de muestra: Lata de hojalata de 3 piezas con 50 &#8211; 200 mm de di\u00e1metro y hasta 240 mm de altura<\/li>\n<li>Tama\u00f1o total: 910 x 650 x 825 mm<\/li>\n<li>Peso neto: 60 kg<\/li>\n<\/ul>\n<\/div>\n","protected":false},"excerpt":{"rendered":"<p><strong>CLA-ECO<\/strong>\u00a0El analizador de fugas de latas est\u00e1 dise\u00f1ado espec\u00edficamente para analizar la capacidad de sellado seguro de latas vac\u00edas de hojalata de 3 piezas. El dise\u00f1o de ba\u00f1o de agua con soportes para latas que giran libremente permite una observaci\u00f3n de 360\u00b0 en el cuerpo de la lata (especialmente la posici\u00f3n de soldadura) para detectar burbujas de aire. Tambi\u00e9n garantiza que no se pueda pasar por alto ning\u00fan defecto y proporciona resultados de prueba confiables.<\/p>\n","protected":false},"featured_media":2511,"comment_status":"closed","ping_status":"closed","template":"","meta":[],"product_brand":[],"product_cat":[63,70],"product_tag":[],"class_list":{"0":"post-3284","1":"product","2":"type-product","3":"status-publish","4":"has-post-thumbnail","6":"product_cat-costura-de-latas","7":"product_cat-prueba-de-fugas-vacio-presion","9":"first","10":"instock","11":"shipping-taxable","12":"product-type-simple"},"_links":{"self":[{"href":"https:\/\/at2e-usa.com\/es\/wp-json\/wp\/v2\/product\/3284","targetHints":{"allow":["GET"]}}],"collection":[{"href":"https:\/\/at2e-usa.com\/es\/wp-json\/wp\/v2\/product"}],"about":[{"href":"https:\/\/at2e-usa.com\/es\/wp-json\/wp\/v2\/types\/product"}],"replies":[{"embeddable":true,"href":"https:\/\/at2e-usa.com\/es\/wp-json\/wp\/v2\/comments?post=3284"}],"version-history":[{"count":1,"href":"https:\/\/at2e-usa.com\/es\/wp-json\/wp\/v2\/product\/3284\/revisions"}],"predecessor-version":[{"id":10093,"href":"https:\/\/at2e-usa.com\/es\/wp-json\/wp\/v2\/product\/3284\/revisions\/10093"}],"wp:featuredmedia":[{"embeddable":true,"href":"https:\/\/at2e-usa.com\/es\/wp-json\/wp\/v2\/media\/2511"}],"wp:attachment":[{"href":"https:\/\/at2e-usa.com\/es\/wp-json\/wp\/v2\/media?parent=3284"}],"wp:term":[{"taxonomy":"product_brand","embeddable":true,"href":"https:\/\/at2e-usa.com\/es\/wp-json\/wp\/v2\/product_brand?post=3284"},{"taxonomy":"product_cat","embeddable":true,"href":"https:\/\/at2e-usa.com\/es\/wp-json\/wp\/v2\/product_cat?post=3284"},{"taxonomy":"product_tag","embeddable":true,"href":"https:\/\/at2e-usa.com\/es\/wp-json\/wp\/v2\/product_tag?post=3284"}],"curies":[{"name":"wp","href":"https:\/\/api.w.org\/{rel}","templated":true}]}}