{"id":3286,"date":"2023-12-03T09:50:58","date_gmt":"2023-12-03T15:50:58","guid":{"rendered":"https:\/\/at2e-usa.com\/product\/chg-medidor-de-altura-de-contacto\/"},"modified":"2024-10-12T07:38:12","modified_gmt":"2024-10-12T12:38:12","slug":"chg-medidor-de-altura-de-contacto","status":"publish","type":"product","link":"https:\/\/at2e-usa.com\/es\/producto\/chg-medidor-de-altura-de-contacto\/","title":{"rendered":"CHG &#8211; Medidor de altura de contacto"},"content":{"rendered":"<div class=\"paragraph\">Normas de referencia: EN 14850, EN 14847, EN 15006<\/div>\n<div class=\"paragraph\">\n<p><strong><u>Especificaciones t\u00e9cnicas:<\/u><\/strong><\/p>\n<ul>\n<li>Rango de medida: 3 &#8211; 5 mm<\/li>\n<li>Resoluci\u00f3n: 0.01 mm<\/li>\n<li>Rango de muestra: Latas de aerosol de hojalata o aluminio con apertura de 25.4 mm (1 pulgada)<\/li>\n<li>Tama\u00f1o total: 60 x 57 x 97 mm<\/li>\n<li>Peso: 0.5 kg<\/li>\n<\/ul>\n<\/div>\n<div>\n<div class=\"wsite-multicol\">\n<div class=\"wsite-multicol-table-wrap\"><\/div>\n<\/div>\n<\/div>\n","protected":false},"excerpt":{"rendered":"<p><strong>CHG<\/strong>\u00a0: el medidor de altura de contacto est\u00e1 dise\u00f1ado espec\u00edficamente para medir la altura de contacto de latas de aerosol con una apertura de 25,4 mm (1\u201d). Adoptado con indicador Mitutoyo, disponible para modelo anal\u00f3gico (<strong>CHG-A<\/strong>) y modelo digital (<strong>CHG-D<\/strong>).<\/p>\n","protected":false},"featured_media":9158,"comment_status":"open","ping_status":"closed","template":"","meta":[],"product_brand":[],"product_cat":[63,66],"product_tag":[],"class_list":{"0":"post-3286","1":"product","2":"type-product","3":"status-publish","4":"has-post-thumbnail","6":"product_cat-costura-de-latas","7":"product_cat-dimensional-es","9":"first","10":"instock","11":"shipping-taxable","12":"product-type-simple"},"_links":{"self":[{"href":"https:\/\/at2e-usa.com\/es\/wp-json\/wp\/v2\/product\/3286","targetHints":{"allow":["GET"]}}],"collection":[{"href":"https:\/\/at2e-usa.com\/es\/wp-json\/wp\/v2\/product"}],"about":[{"href":"https:\/\/at2e-usa.com\/es\/wp-json\/wp\/v2\/types\/product"}],"replies":[{"embeddable":true,"href":"https:\/\/at2e-usa.com\/es\/wp-json\/wp\/v2\/comments?post=3286"}],"version-history":[{"count":1,"href":"https:\/\/at2e-usa.com\/es\/wp-json\/wp\/v2\/product\/3286\/revisions"}],"predecessor-version":[{"id":10095,"href":"https:\/\/at2e-usa.com\/es\/wp-json\/wp\/v2\/product\/3286\/revisions\/10095"}],"wp:featuredmedia":[{"embeddable":true,"href":"https:\/\/at2e-usa.com\/es\/wp-json\/wp\/v2\/media\/9158"}],"wp:attachment":[{"href":"https:\/\/at2e-usa.com\/es\/wp-json\/wp\/v2\/media?parent=3286"}],"wp:term":[{"taxonomy":"product_brand","embeddable":true,"href":"https:\/\/at2e-usa.com\/es\/wp-json\/wp\/v2\/product_brand?post=3286"},{"taxonomy":"product_cat","embeddable":true,"href":"https:\/\/at2e-usa.com\/es\/wp-json\/wp\/v2\/product_cat?post=3286"},{"taxonomy":"product_tag","embeddable":true,"href":"https:\/\/at2e-usa.com\/es\/wp-json\/wp\/v2\/product_tag?post=3286"}],"curies":[{"name":"wp","href":"https:\/\/api.w.org\/{rel}","templated":true}]}}