{"id":3287,"date":"2023-12-03T09:49:24","date_gmt":"2023-12-03T15:49:24","guid":{"rendered":"https:\/\/at2e-usa.com\/product\/cg-d-medidor-para-profundidad-de-costura\/"},"modified":"2024-10-12T07:39:52","modified_gmt":"2024-10-12T12:39:52","slug":"cg-d-medidor-para-profundidad-de-costura","status":"publish","type":"product","link":"https:\/\/at2e-usa.com\/es\/producto\/cg-d-medidor-para-profundidad-de-costura\/","title":{"rendered":"CG-D Medidor Para Profundidad de Costura"},"content":{"rendered":"<p>Para evitar errores de registro manual, el medidor puede conectarse al sistema SPC o al software \u00abSeamCheck\u00bb de AT2E con la caja de transporte de datos DTB-1 y el cable.<\/p>\n<table class=\"tg\">\n<tbody>\n<tr>\n<th class=\"tg-yw4l\" colspan=\"2\">Especificaciones te\u0301cnicas:<\/th>\n<\/tr>\n<tr>\n<td class=\"tg-yw4l\">Rango de medici\u00f3n<\/td>\n<td class=\"tg-yw4l\">0-12 mm<\/td>\n<\/tr>\n<tr>\n<td class=\"tg-yw4l\">Resoluci\u00f3n<\/td>\n<td class=\"tg-yw4l\">0.01 mm<\/td>\n<\/tr>\n<tr>\n<td class=\"tg-yw4l\">Precisi\u00f3n<\/td>\n<td class=\"tg-yw4l\">\u00b10.01 mm<\/td>\n<\/tr>\n<tr>\n<td class=\"tg-yw4l\">Rango de muestra<\/td>\n<td class=\"tg-yw4l\">latas de 2 y 3<\/td>\n<\/tr>\n<tr>\n<td class=\"tg-yw4l\">Dimensiones<\/td>\n<td class=\"tg-yw4l\">147(L) x 81(A) x 153(H) mm<\/td>\n<\/tr>\n<tr>\n<td class=\"tg-yw4l\">Peso neto<\/td>\n<td class=\"tg-yw4l\">1 kg<\/td>\n<\/tr>\n<\/tbody>\n<\/table>\n","protected":false},"excerpt":{"rendered":"<div class=\"paragraph\"><strong>Para medir el avellanado de latas de aluminio<\/strong><\/div>\n<div class=\" translation-block\">El\u00a0<strong>CG-D Medidor para Profundidad de Costura<\/strong>\u00a0 es un medidor digital para controlar la distancia del doblez de la costura de la lata y el extremo. Para una medici\u00f3n r\u00e1pida y f\u00e1cil, la base est\u00e1 equipada con tara.<\/div>\n","protected":false},"featured_media":9163,"comment_status":"open","ping_status":"closed","template":"","meta":[],"product_brand":[],"product_cat":[63,66],"product_tag":[],"class_list":{"0":"post-3287","1":"product","2":"type-product","3":"status-publish","4":"has-post-thumbnail","6":"product_cat-costura-de-latas","7":"product_cat-dimensional-es","9":"first","10":"instock","11":"shipping-taxable","12":"product-type-simple"},"_links":{"self":[{"href":"https:\/\/at2e-usa.com\/es\/wp-json\/wp\/v2\/product\/3287","targetHints":{"allow":["GET"]}}],"collection":[{"href":"https:\/\/at2e-usa.com\/es\/wp-json\/wp\/v2\/product"}],"about":[{"href":"https:\/\/at2e-usa.com\/es\/wp-json\/wp\/v2\/types\/product"}],"replies":[{"embeddable":true,"href":"https:\/\/at2e-usa.com\/es\/wp-json\/wp\/v2\/comments?post=3287"}],"version-history":[{"count":1,"href":"https:\/\/at2e-usa.com\/es\/wp-json\/wp\/v2\/product\/3287\/revisions"}],"predecessor-version":[{"id":10096,"href":"https:\/\/at2e-usa.com\/es\/wp-json\/wp\/v2\/product\/3287\/revisions\/10096"}],"wp:featuredmedia":[{"embeddable":true,"href":"https:\/\/at2e-usa.com\/es\/wp-json\/wp\/v2\/media\/9163"}],"wp:attachment":[{"href":"https:\/\/at2e-usa.com\/es\/wp-json\/wp\/v2\/media?parent=3287"}],"wp:term":[{"taxonomy":"product_brand","embeddable":true,"href":"https:\/\/at2e-usa.com\/es\/wp-json\/wp\/v2\/product_brand?post=3287"},{"taxonomy":"product_cat","embeddable":true,"href":"https:\/\/at2e-usa.com\/es\/wp-json\/wp\/v2\/product_cat?post=3287"},{"taxonomy":"product_tag","embeddable":true,"href":"https:\/\/at2e-usa.com\/es\/wp-json\/wp\/v2\/product_tag?post=3287"}],"curies":[{"name":"wp","href":"https:\/\/api.w.org\/{rel}","templated":true}]}}