{"id":3289,"date":"2023-12-03T09:33:02","date_gmt":"2023-12-03T15:33:02","guid":{"rendered":"https:\/\/at2e-usa.com\/product\/cdp-1-calibrador-de-presion\/"},"modified":"2024-11-05T13:36:52","modified_gmt":"2024-11-05T19:36:52","slug":"cdp-1-calibrador-de-presion","status":"publish","type":"product","link":"https:\/\/at2e-usa.com\/es\/producto\/cdp-1-calibrador-de-presion\/","title":{"rendered":"CDP-1 &#8211; Calibrador de Presi\u00f3n"},"content":{"rendered":"<p><strong>Especificaciones te\u0301cnicas:<\/strong><\/p>\n<ul>\n<li>Rango: 0-8 Bar (Mayor bajo pedido)<\/li>\n<li>Presi\u00f3n: 0-8 Bar<\/li>\n<li>Dimensiones: 240 x 150 x 30 mm<\/li>\n<li>Peso neto: 2.7 kg<\/li>\n<\/ul>\n","protected":false},"excerpt":{"rendered":"<p><strong>CDP-1<\/strong>\u00a0es un dispositivo para calibrar el indicador de presi\u00f3n. Permite al operador hacer una comparaci\u00f3n visual entre el indicador del calibrador y el certificado. Funciona con indicadores an\u00e1logos y digitales con diferente hilo de rosca.<\/p>\n","protected":false},"featured_media":2478,"comment_status":"open","ping_status":"closed","template":"","meta":[],"product_brand":[],"product_cat":[70],"product_tag":[],"class_list":{"0":"post-3289","1":"product","2":"type-product","3":"status-publish","4":"has-post-thumbnail","6":"product_cat-prueba-de-fugas-vacio-presion","8":"first","9":"instock","10":"shipping-taxable","11":"product-type-simple"},"_links":{"self":[{"href":"https:\/\/at2e-usa.com\/es\/wp-json\/wp\/v2\/product\/3289","targetHints":{"allow":["GET"]}}],"collection":[{"href":"https:\/\/at2e-usa.com\/es\/wp-json\/wp\/v2\/product"}],"about":[{"href":"https:\/\/at2e-usa.com\/es\/wp-json\/wp\/v2\/types\/product"}],"replies":[{"embeddable":true,"href":"https:\/\/at2e-usa.com\/es\/wp-json\/wp\/v2\/comments?post=3289"}],"version-history":[{"count":1,"href":"https:\/\/at2e-usa.com\/es\/wp-json\/wp\/v2\/product\/3289\/revisions"}],"predecessor-version":[{"id":10098,"href":"https:\/\/at2e-usa.com\/es\/wp-json\/wp\/v2\/product\/3289\/revisions\/10098"}],"wp:featuredmedia":[{"embeddable":true,"href":"https:\/\/at2e-usa.com\/es\/wp-json\/wp\/v2\/media\/2478"}],"wp:attachment":[{"href":"https:\/\/at2e-usa.com\/es\/wp-json\/wp\/v2\/media?parent=3289"}],"wp:term":[{"taxonomy":"product_brand","embeddable":true,"href":"https:\/\/at2e-usa.com\/es\/wp-json\/wp\/v2\/product_brand?post=3289"},{"taxonomy":"product_cat","embeddable":true,"href":"https:\/\/at2e-usa.com\/es\/wp-json\/wp\/v2\/product_cat?post=3289"},{"taxonomy":"product_tag","embeddable":true,"href":"https:\/\/at2e-usa.com\/es\/wp-json\/wp\/v2\/product_tag?post=3289"}],"curies":[{"name":"wp","href":"https:\/\/api.w.org\/{rel}","templated":true}]}}