{"id":3290,"date":"2023-12-03T09:30:22","date_gmt":"2023-12-03T15:30:22","guid":{"rendered":"https:\/\/at2e-usa.com\/product\/cddg-1-medidor-de-profundidad-de-cupula\/"},"modified":"2024-10-12T07:42:04","modified_gmt":"2024-10-12T12:42:04","slug":"cddg-1-medidor-de-profundidad-de-cupula","status":"publish","type":"product","link":"https:\/\/at2e-usa.com\/es\/producto\/cddg-1-medidor-de-profundidad-de-cupula\/","title":{"rendered":"CDDG-1 \u2013 Medidor de profundidad de c\u00fapula"},"content":{"rendered":"<p>&lt;u&gt;Especificaciones t\u00e9cnicas:&lt;\/u&gt;<br \/>\n&lt;ul&gt;<br \/>\n&lt;li&gt;Base de calibraci\u00f3n incluida&lt;\/li&gt;<br \/>\n&lt;li&gt;Rango de medidas: 13 mm (m\u00e1s largo bajo pedido)&lt;\/li&gt;<br \/>\n&lt;li&gt;Resoluci\u00f3n: 0,01 mm&lt;\/li&gt;<br \/>\n&lt;li&gt;Rango de muestra: indique los di\u00e1metros al realizar el pedido\u00a0\u2022\u00a0Tama\u00f1o total: 86 x 140 mm&lt;\/li&gt;<br \/>\n&lt;li&gt;Peso: 1,45 kg&lt;\/li&gt;<br \/>\n&lt;\/ul&gt;<\/p>\n","protected":false},"excerpt":{"rendered":"<p>El medidor de profundidad del domo de lata CDDG-1 est\u00e1 dise\u00f1ado espec\u00edficamente para medir la profundidad del domo de una lata de bebida. Con el ingenioso dise\u00f1o de AT2E, es aplicable a varios tama\u00f1os de latas sin cambiar ninguna pieza.<\/p>\n","protected":false},"featured_media":2754,"comment_status":"open","ping_status":"closed","template":"","meta":[],"product_brand":[],"product_cat":[63,66],"product_tag":[],"class_list":{"0":"post-3290","1":"product","2":"type-product","3":"status-publish","4":"has-post-thumbnail","6":"product_cat-costura-de-latas","7":"product_cat-dimensional-es","9":"first","10":"instock","11":"shipping-taxable","12":"product-type-simple"},"_links":{"self":[{"href":"https:\/\/at2e-usa.com\/es\/wp-json\/wp\/v2\/product\/3290","targetHints":{"allow":["GET"]}}],"collection":[{"href":"https:\/\/at2e-usa.com\/es\/wp-json\/wp\/v2\/product"}],"about":[{"href":"https:\/\/at2e-usa.com\/es\/wp-json\/wp\/v2\/types\/product"}],"replies":[{"embeddable":true,"href":"https:\/\/at2e-usa.com\/es\/wp-json\/wp\/v2\/comments?post=3290"}],"version-history":[{"count":1,"href":"https:\/\/at2e-usa.com\/es\/wp-json\/wp\/v2\/product\/3290\/revisions"}],"predecessor-version":[{"id":10099,"href":"https:\/\/at2e-usa.com\/es\/wp-json\/wp\/v2\/product\/3290\/revisions\/10099"}],"wp:featuredmedia":[{"embeddable":true,"href":"https:\/\/at2e-usa.com\/es\/wp-json\/wp\/v2\/media\/2754"}],"wp:attachment":[{"href":"https:\/\/at2e-usa.com\/es\/wp-json\/wp\/v2\/media?parent=3290"}],"wp:term":[{"taxonomy":"product_brand","embeddable":true,"href":"https:\/\/at2e-usa.com\/es\/wp-json\/wp\/v2\/product_brand?post=3290"},{"taxonomy":"product_cat","embeddable":true,"href":"https:\/\/at2e-usa.com\/es\/wp-json\/wp\/v2\/product_cat?post=3290"},{"taxonomy":"product_tag","embeddable":true,"href":"https:\/\/at2e-usa.com\/es\/wp-json\/wp\/v2\/product_tag?post=3290"}],"curies":[{"name":"wp","href":"https:\/\/api.w.org\/{rel}","templated":true}]}}