{"id":3291,"date":"2023-12-03T09:27:59","date_gmt":"2023-12-03T15:27:59","guid":{"rendered":"https:\/\/at2e-usa.com\/product\/cctt-probador-de-volteo-para-tapas-corona\/"},"modified":"2024-10-12T07:43:46","modified_gmt":"2024-10-12T12:43:46","slug":"cctt-probador-de-volteo-para-tapas-corona","status":"publish","type":"product","link":"https:\/\/at2e-usa.com\/es\/producto\/cctt-probador-de-volteo-para-tapas-corona\/","title":{"rendered":"CCTT &#8211; Probador de Volteo para Tapas Corona"},"content":{"rendered":"<p><strong><u>Caracter\u00edsticas:<\/u><\/strong><\/p>\n<ul>\n<li>Dise\u00f1o de dos c\u00e1maras de muestra para una alta eficiencia<\/li>\n<li>Temporizador regulable hasta 99 min.<\/li>\n<\/ul>\n<p><strong><u>Procedimiento de prueba:<\/u><\/strong><\/p>\n<ul>\n<li>Tome 50 tapas limpias y div\u00eddalas en dos grupos, cada grupo con 25 tapas, pese dos tapas de grupo, la precisi\u00f3n debe ser de 0,1 mg<\/li>\n<li>Coloque las tapas en cada c\u00e1mara de muestra, gire durante 50 minutos (tiempo ajustable) a una velocidad de 20 RPM por minuto<\/li>\n<li>Retire las tapas y limpie la pel\u00edcula de desgaste adherida a la tapa, p\u00e9selas nuevamente; la precisi\u00f3n debe ser de 0,1 mg<\/li>\n<li>Calcular la p\u00e9rdida de peso de las gorras de los dos grupos. Tome el promedio de la p\u00e9rdida de peso de dos grupos como valor de desgaste abrasivo de la tapa<\/li>\n<li>Compare con el rango calificado est\u00e1ndar para determinar si el valor est\u00e1 dentro del rango.<\/li>\n<\/ul>\n<p><strong><u>Especificaciones t\u00e9cnicas:<\/u><\/strong><\/p>\n<ul>\n<li>Velocidad de volteo: 20 RPM<\/li>\n<li>Configuraci\u00f3n de tiempo: 1-99 minutos<\/li>\n<li>Ranura rodante: 2<\/li>\n<li>Dimensiones: 28.75\u201d x 11\u201d x 17\u201d \/ 730 x 280 x 430 mm<\/li>\n<li>Peso: 55 lbs \/ 25 kg<\/li>\n<\/ul>\n","protected":false},"excerpt":{"rendered":"<p>El AT2E\u00a0<strong>CCTT Probador de Volteo para Tapas Corona<\/strong>\u00a0se aplica principalmente para determinar la condici\u00f3n de desprendimiento del metal y la situaci\u00f3n del recubrimiento. Es un instrumento indispensable para las empresas fabricantes de tapas, cervecer\u00edas e instituciones de inspecci\u00f3n de calidad.<\/p>\n","protected":false},"featured_media":2474,"comment_status":"open","ping_status":"closed","template":"","meta":[],"product_brand":[],"product_cat":[65],"product_tag":[],"class_list":{"0":"post-3291","1":"product","2":"type-product","3":"status-publish","4":"has-post-thumbnail","6":"product_cat-gorra-de-corona","8":"first","9":"instock","10":"shipping-taxable","11":"product-type-simple"},"_links":{"self":[{"href":"https:\/\/at2e-usa.com\/es\/wp-json\/wp\/v2\/product\/3291","targetHints":{"allow":["GET"]}}],"collection":[{"href":"https:\/\/at2e-usa.com\/es\/wp-json\/wp\/v2\/product"}],"about":[{"href":"https:\/\/at2e-usa.com\/es\/wp-json\/wp\/v2\/types\/product"}],"replies":[{"embeddable":true,"href":"https:\/\/at2e-usa.com\/es\/wp-json\/wp\/v2\/comments?post=3291"}],"version-history":[{"count":1,"href":"https:\/\/at2e-usa.com\/es\/wp-json\/wp\/v2\/product\/3291\/revisions"}],"predecessor-version":[{"id":10100,"href":"https:\/\/at2e-usa.com\/es\/wp-json\/wp\/v2\/product\/3291\/revisions\/10100"}],"wp:featuredmedia":[{"embeddable":true,"href":"https:\/\/at2e-usa.com\/es\/wp-json\/wp\/v2\/media\/2474"}],"wp:attachment":[{"href":"https:\/\/at2e-usa.com\/es\/wp-json\/wp\/v2\/media?parent=3291"}],"wp:term":[{"taxonomy":"product_brand","embeddable":true,"href":"https:\/\/at2e-usa.com\/es\/wp-json\/wp\/v2\/product_brand?post=3291"},{"taxonomy":"product_cat","embeddable":true,"href":"https:\/\/at2e-usa.com\/es\/wp-json\/wp\/v2\/product_cat?post=3291"},{"taxonomy":"product_tag","embeddable":true,"href":"https:\/\/at2e-usa.com\/es\/wp-json\/wp\/v2\/product_tag?post=3291"}],"curies":[{"name":"wp","href":"https:\/\/api.w.org\/{rel}","templated":true}]}}