{"id":3292,"date":"2023-12-03T09:25:04","date_gmt":"2023-12-03T15:25:04","guid":{"rendered":"https:\/\/at2e-usa.com\/product\/cclt-probador-de-hermeticidad-para-tapas-corona\/"},"modified":"2024-10-12T07:44:55","modified_gmt":"2024-10-12T12:44:55","slug":"cclt-probador-de-hermeticidad-para-tapas-corona","status":"publish","type":"product","link":"https:\/\/at2e-usa.com\/es\/producto\/cclt-probador-de-hermeticidad-para-tapas-corona\/","title":{"rendered":"CCLT &#8211; Probador de Hermeticidad Para Tapas Corona"},"content":{"rendered":"<p>Coloque la tapa en el cuello, sum\u00e9rjalos en el tanque de agua, luego aumente la presi\u00f3n interna y observe si salen burbujas de aire, as\u00ed podr\u00e1 determinar la hermeticidad de las tapas.<\/p>\n<p>Ampliamente utilizado en industrias cerveceras, bebidas y tapas.<\/p>\n<p><strong><u>Especificaciones te\u0301cnicas:<\/u><\/strong><br \/>\n\u2022 Rango de presi\u00f3n: Hasta 12 Bar (174psi)<br \/>\n\u2022 Suministro de aire: N2, CO2 o aire comprimido<br \/>\n\u2022 Tipo de muestra: Tapas corona<br \/>\n\u2022 Dimensiones: L 250 X l 200 X h 300 mm<br \/>\n\u2022 Peso neto: 3Kg<\/p>\n","protected":false},"excerpt":{"rendered":"<div class=\"paragraph\"><strong>Para probar la estanqueidad del sello de las tapas de corona de botellas.<\/strong><\/div>\n<div class=\" translation-block\">\u200bEl\u00a0<strong>CCLT Probador de Hermeticidad Para Tapas Corona<\/strong>\u00a0es usado para probar la hermeticidad de tapas corona. El dise\u00f1o de acero inoxidable asegura la durabilidad del probador durante la prueba.<\/div>\n","protected":false},"featured_media":2473,"comment_status":"open","ping_status":"closed","template":"","meta":[],"product_brand":[],"product_cat":[65],"product_tag":[],"class_list":{"0":"post-3292","1":"product","2":"type-product","3":"status-publish","4":"has-post-thumbnail","6":"product_cat-gorra-de-corona","8":"first","9":"instock","10":"shipping-taxable","11":"product-type-simple"},"_links":{"self":[{"href":"https:\/\/at2e-usa.com\/es\/wp-json\/wp\/v2\/product\/3292","targetHints":{"allow":["GET"]}}],"collection":[{"href":"https:\/\/at2e-usa.com\/es\/wp-json\/wp\/v2\/product"}],"about":[{"href":"https:\/\/at2e-usa.com\/es\/wp-json\/wp\/v2\/types\/product"}],"replies":[{"embeddable":true,"href":"https:\/\/at2e-usa.com\/es\/wp-json\/wp\/v2\/comments?post=3292"}],"version-history":[{"count":1,"href":"https:\/\/at2e-usa.com\/es\/wp-json\/wp\/v2\/product\/3292\/revisions"}],"predecessor-version":[{"id":10101,"href":"https:\/\/at2e-usa.com\/es\/wp-json\/wp\/v2\/product\/3292\/revisions\/10101"}],"wp:featuredmedia":[{"embeddable":true,"href":"https:\/\/at2e-usa.com\/es\/wp-json\/wp\/v2\/media\/2473"}],"wp:attachment":[{"href":"https:\/\/at2e-usa.com\/es\/wp-json\/wp\/v2\/media?parent=3292"}],"wp:term":[{"taxonomy":"product_brand","embeddable":true,"href":"https:\/\/at2e-usa.com\/es\/wp-json\/wp\/v2\/product_brand?post=3292"},{"taxonomy":"product_cat","embeddable":true,"href":"https:\/\/at2e-usa.com\/es\/wp-json\/wp\/v2\/product_cat?post=3292"},{"taxonomy":"product_tag","embeddable":true,"href":"https:\/\/at2e-usa.com\/es\/wp-json\/wp\/v2\/product_tag?post=3292"}],"curies":[{"name":"wp","href":"https:\/\/api.w.org\/{rel}","templated":true}]}}