{"id":3295,"date":"2023-12-03T09:21:04","date_gmt":"2023-12-03T15:21:04","guid":{"rendered":"https:\/\/at2e-usa.com\/product\/bvpt-1-medidor-de-presion-de-botellas\/"},"modified":"2024-10-12T07:47:10","modified_gmt":"2024-10-12T12:47:10","slug":"bvpt-1-medidor-de-presion-de-botellas","status":"publish","type":"product","link":"https:\/\/at2e-usa.com\/es\/producto\/bvpt-1-medidor-de-presion-de-botellas\/","title":{"rendered":"BVPT-1 &#8211; Medidor de presi\u00f3n de botellas"},"content":{"rendered":"<p><u><strong>Especificaciones T\u00e9cnicas:<\/strong><\/u><\/p>\n<ul>\n<li>Rango de prueba: -1\/+6bar<\/li>\n<li>Presi\u00f3n de entrada: 4-6 Bar<\/li>\n<li>Dimensiones: 240 x 150 x 30 mm<\/li>\n<li>Peso neto: 2.7 kg<\/li>\n<\/ul>\n","protected":false},"excerpt":{"rendered":"<p>El\u200b<strong>\u00a0BVPT-1<\/strong><strong>\u00a0Medidor de presi\u00f3n de botellas<\/strong>\u00a0es un dispositivo para controlar el resultado de la acci\u00f3n del vac\u00edo en una botella y verificar la posible deformaci\u00f3n. Permite al operador realizar una comparaci\u00f3n visual. El indicador calibrado de vac\u00edo permite una lectura precisa y f\u00e1cil. El nivel de vac\u00edo se puede ajustar mediante la perilla.<\/p>\n","protected":false},"featured_media":9839,"comment_status":"open","ping_status":"closed","template":"","meta":[],"product_brand":[],"product_cat":[71,64],"product_tag":[],"class_list":{"0":"post-3295","1":"product","2":"type-product","3":"status-publish","4":"has-post-thumbnail","6":"product_cat-botellas-de-plastico-pet","7":"product_cat-probadores-de-co2-presion-vacio","9":"first","10":"instock","11":"shipping-taxable","12":"product-type-simple"},"_links":{"self":[{"href":"https:\/\/at2e-usa.com\/es\/wp-json\/wp\/v2\/product\/3295","targetHints":{"allow":["GET"]}}],"collection":[{"href":"https:\/\/at2e-usa.com\/es\/wp-json\/wp\/v2\/product"}],"about":[{"href":"https:\/\/at2e-usa.com\/es\/wp-json\/wp\/v2\/types\/product"}],"replies":[{"embeddable":true,"href":"https:\/\/at2e-usa.com\/es\/wp-json\/wp\/v2\/comments?post=3295"}],"version-history":[{"count":1,"href":"https:\/\/at2e-usa.com\/es\/wp-json\/wp\/v2\/product\/3295\/revisions"}],"predecessor-version":[{"id":10104,"href":"https:\/\/at2e-usa.com\/es\/wp-json\/wp\/v2\/product\/3295\/revisions\/10104"}],"wp:featuredmedia":[{"embeddable":true,"href":"https:\/\/at2e-usa.com\/es\/wp-json\/wp\/v2\/media\/9839"}],"wp:attachment":[{"href":"https:\/\/at2e-usa.com\/es\/wp-json\/wp\/v2\/media?parent=3295"}],"wp:term":[{"taxonomy":"product_brand","embeddable":true,"href":"https:\/\/at2e-usa.com\/es\/wp-json\/wp\/v2\/product_brand?post=3295"},{"taxonomy":"product_cat","embeddable":true,"href":"https:\/\/at2e-usa.com\/es\/wp-json\/wp\/v2\/product_cat?post=3295"},{"taxonomy":"product_tag","embeddable":true,"href":"https:\/\/at2e-usa.com\/es\/wp-json\/wp\/v2\/product_tag?post=3295"}],"curies":[{"name":"wp","href":"https:\/\/api.w.org\/{rel}","templated":true}]}}