{"id":3296,"date":"2023-12-03T09:18:54","date_gmt":"2023-12-03T15:18:54","guid":{"rendered":"https:\/\/at2e-usa.com\/product\/btt-1-probador-de-inclinacion\/"},"modified":"2024-10-12T07:47:48","modified_gmt":"2024-10-12T12:47:48","slug":"btt-1-probador-de-inclinacion","status":"publish","type":"product","link":"https:\/\/at2e-usa.com\/es\/producto\/btt-1-probador-de-inclinacion\/","title":{"rendered":"BTT-1 &#8211; Probador De Inclinaci\u00f3n"},"content":{"rendered":"<p class=\" translation-block\">El\u00a0<strong>BTT-1\u00a0\u00a0Probador de Inclinaci\u00f3n<\/strong> es un equipo dise\u00f1ado para medir el grado de inclinaci\u00f3n que aceptan las botellas de vidrio. Es muy usado en la industria de debidas, farmac\u00e9utica y cosm\u00e9ticos.<\/p>\n<p>Su uso es amigable a trav\u00e9s de la pantalla t\u00e1ctil que permite iniciar la prueba y ajustar los par\u00e1metros de velocidad e inclinaci\u00f3n. El BTT-1 detecta autom\u00e1ticamente fallas en la botella pues cuenta con sensores de movimiento.<\/p>\n<p>Est\u00e1 dise\u00f1ado para recibir residuos de vidrio o l\u00edquido.<\/p>\n<p><strong><u>Especificaciones t\u00e9cnicas:<\/u><\/strong><\/p>\n<ul>\n<li>Carcasa em acero inoxidable<\/li>\n<li>Programaci\u00f3n por pantalla t\u00e1ctil<\/li>\n<li>\u00c1ngulo de inclinaci\u00f3n ajustable<\/li>\n<li>Velocidad de inclinaci\u00f3n ajustable<\/li>\n<li>Adjustable bar to install up to 10 bottles<\/li>\n<li>Detecci\u00f3n autom\u00e1tica de ca\u00eddas<\/li>\n<li>Colector de residuos<\/li>\n<li>Compatible con l\u00edquidos<\/li>\n<li>220\/110 V 50-60Hz<\/li>\n<li>Sello CE<\/li>\n<\/ul>\n<p class=\" translation-block\"><strong>Dimensiones:<\/strong>\u00a0Seg\u00fan requerimiento<\/p>\n","protected":false},"excerpt":{"rendered":"<p><strong>Para medir la resistencia a la inclinaci\u00f3n de botellas apiladas y su umbral de ca\u00edda<\/strong><\/p>\n","protected":false},"featured_media":2463,"comment_status":"open","ping_status":"closed","template":"","meta":[],"product_brand":[],"product_cat":[69,68],"product_tag":[],"class_list":{"0":"post-3296","1":"product","2":"type-product","3":"status-publish","4":"has-post-thumbnail","6":"product_cat-botella-de-vidrio","7":"product_cat-fuerza-compresion","9":"first","10":"instock","11":"shipping-taxable","12":"product-type-simple"},"_links":{"self":[{"href":"https:\/\/at2e-usa.com\/es\/wp-json\/wp\/v2\/product\/3296","targetHints":{"allow":["GET"]}}],"collection":[{"href":"https:\/\/at2e-usa.com\/es\/wp-json\/wp\/v2\/product"}],"about":[{"href":"https:\/\/at2e-usa.com\/es\/wp-json\/wp\/v2\/types\/product"}],"replies":[{"embeddable":true,"href":"https:\/\/at2e-usa.com\/es\/wp-json\/wp\/v2\/comments?post=3296"}],"version-history":[{"count":1,"href":"https:\/\/at2e-usa.com\/es\/wp-json\/wp\/v2\/product\/3296\/revisions"}],"predecessor-version":[{"id":10105,"href":"https:\/\/at2e-usa.com\/es\/wp-json\/wp\/v2\/product\/3296\/revisions\/10105"}],"wp:featuredmedia":[{"embeddable":true,"href":"https:\/\/at2e-usa.com\/es\/wp-json\/wp\/v2\/media\/2463"}],"wp:attachment":[{"href":"https:\/\/at2e-usa.com\/es\/wp-json\/wp\/v2\/media?parent=3296"}],"wp:term":[{"taxonomy":"product_brand","embeddable":true,"href":"https:\/\/at2e-usa.com\/es\/wp-json\/wp\/v2\/product_brand?post=3296"},{"taxonomy":"product_cat","embeddable":true,"href":"https:\/\/at2e-usa.com\/es\/wp-json\/wp\/v2\/product_cat?post=3296"},{"taxonomy":"product_tag","embeddable":true,"href":"https:\/\/at2e-usa.com\/es\/wp-json\/wp\/v2\/product_tag?post=3296"}],"curies":[{"name":"wp","href":"https:\/\/api.w.org\/{rel}","templated":true}]}}