{"id":3297,"date":"2023-12-03T09:17:34","date_gmt":"2023-12-03T15:17:34","guid":{"rendered":"https:\/\/at2e-usa.com\/product\/btlt-2-bottle-top-load-tester-probador-de-resistencia-a-la-fuerza-vertical-para-botellas-de-vidrio-o-pet\/"},"modified":"2024-10-12T07:48:09","modified_gmt":"2024-10-12T12:48:09","slug":"btlt-2-bottle-top-load-tester-probador-de-resistencia-a-la-fuerza-vertical-para-botellas-de-vidrio-o-pet","status":"publish","type":"product","link":"https:\/\/at2e-usa.com\/es\/producto\/btlt-2-bottle-top-load-tester-probador-de-resistencia-a-la-fuerza-vertical-para-botellas-de-vidrio-o-pet\/","title":{"rendered":"BTLT-2 (Bottle Top Load Tester) &#8211; Probador de resistencia a la fuerza vertical para botellas de vidrio o PET"},"content":{"rendered":"<div class=\"paragraph\">\n<p>Dise\u00f1ado para una f\u00e1cil operaci\u00f3n y mantenimiento, y cumple plenamente con los requisitos de las pruebas de acuerdo con las normas internacionales.<\/p>\n<p>La prueba de fuerza sobre recipientes se hace a un punto de fuerza predefinido (evento de prueba) o a la destrucci\u00f3n.<br \/>\n\u200b<\/p>\n<\/div>\n<div class=\"paragraph\">\n<p><strong><u>Caracter\u00edsticas:<\/u><\/strong><\/p>\n<ul>\n<li>Ciclos de prueba definidos por el usuario (hasta 4 pasos de presi\u00f3n y tiempo de retenci\u00f3n)<\/li>\n<li>Control de pantalla t\u00e1ctil<\/li>\n<li>Uso simple<\/li>\n<li>Puede guardar 10 operadores y 30 productos<\/li>\n<li>N\u00fameros de lote y secuencia de productos definidos por el usuario<\/li>\n<li>La curva de prueba en tiempo real<\/li>\n<li>Insertos hechos a medida para diferentes tipos de muestras; m\u00e1s f\u00e1cil para la instalaci\u00f3n de la muestra y m\u00e1s preciso en el punto de presi\u00f3n.<\/li>\n<li>Altura de la plataforma ajustable seg\u00fan muestras<\/li>\n<li>Velocidad de la plataforma de elevaci\u00f3n ajustable<\/li>\n<li>La papelera patentado de AT2E, para una mayor seguridad durante el funcionamiento y una limpieza m\u00e1s f\u00e1cil<\/li>\n<li>Presi\u00f3n m\u00e1xima de carga m\u00e1xima de hasta 2200 Kgf \/ 22000 N<\/li>\n<li>Estructura en acero inoxidable y las piezas de aluminio son resistentes y duraderas<\/li>\n<li>Protecci\u00f3n de sobrecarga<\/li>\n<li>La puerta segura garantiza la seguridad del operador durante una prueba<\/li>\n<li>Interfaz de salida RS232, se puede conectar a la impresora o al software de adquisici\u00f3n de datos<\/li>\n<\/ul>\n<p><strong><u>\u00a0Especificaciones te\u0301cnicas:<\/u><\/strong><\/p>\n<ul>\n<li>Rango de medici\u00f3n: 0 \u2013 22000 N<\/li>\n<li>Unidades: KN \/ Kgf<\/li>\n<li>Resoluci\u00f3n: 1 N<\/li>\n<li>Fuerza: 220 V, 50-60 Hz<\/li>\n<li>Dimensiones: 610 (L) x 450 (W) x 870 (H) mm<\/li>\n<li>Peso neto: 80 kg<\/li>\n<\/ul>\n<p><strong><u>Optional Parts:<\/u><\/strong><\/p>\n<ul>\n<li>Mini impresora<\/li>\n<li>Unidad de calibraci\u00f3n de alta precisi\u00f3n<\/li>\n<li>Software de gesti\u00f3n de datos<\/li>\n<\/ul>\n<\/div>\n","protected":false},"excerpt":{"rendered":"<p><strong>Para probar la resistencia al m\u00e1ximo esfuerzo vertical de las botellas de vidrio<\/strong><\/p>\n<p class=\" translation-block\">El\u00a0<strong>BTLT-2<\/strong>\u00a0es un aparato para probar la resistencia a los esfuerzos verticales para envases de vidrio o PET. Como instrumento de prueba est\u00e1ndar para la industria de envases de vidrio, ofrece una referencia t\u00e9cnica importante a los fabricantes para mantener o mejorar la calidad y el rendimiento del producto.<\/p>\n","protected":false},"featured_media":4101,"comment_status":"open","ping_status":"closed","template":"","meta":[],"product_brand":[],"product_cat":[69,68],"product_tag":[],"class_list":{"0":"post-3297","1":"product","2":"type-product","3":"status-publish","4":"has-post-thumbnail","6":"product_cat-botella-de-vidrio","7":"product_cat-fuerza-compresion","9":"first","10":"instock","11":"shipping-taxable","12":"product-type-simple"},"_links":{"self":[{"href":"https:\/\/at2e-usa.com\/es\/wp-json\/wp\/v2\/product\/3297","targetHints":{"allow":["GET"]}}],"collection":[{"href":"https:\/\/at2e-usa.com\/es\/wp-json\/wp\/v2\/product"}],"about":[{"href":"https:\/\/at2e-usa.com\/es\/wp-json\/wp\/v2\/types\/product"}],"replies":[{"embeddable":true,"href":"https:\/\/at2e-usa.com\/es\/wp-json\/wp\/v2\/comments?post=3297"}],"version-history":[{"count":1,"href":"https:\/\/at2e-usa.com\/es\/wp-json\/wp\/v2\/product\/3297\/revisions"}],"predecessor-version":[{"id":10106,"href":"https:\/\/at2e-usa.com\/es\/wp-json\/wp\/v2\/product\/3297\/revisions\/10106"}],"wp:featuredmedia":[{"embeddable":true,"href":"https:\/\/at2e-usa.com\/es\/wp-json\/wp\/v2\/media\/4101"}],"wp:attachment":[{"href":"https:\/\/at2e-usa.com\/es\/wp-json\/wp\/v2\/media?parent=3297"}],"wp:term":[{"taxonomy":"product_brand","embeddable":true,"href":"https:\/\/at2e-usa.com\/es\/wp-json\/wp\/v2\/product_brand?post=3297"},{"taxonomy":"product_cat","embeddable":true,"href":"https:\/\/at2e-usa.com\/es\/wp-json\/wp\/v2\/product_cat?post=3297"},{"taxonomy":"product_tag","embeddable":true,"href":"https:\/\/at2e-usa.com\/es\/wp-json\/wp\/v2\/product_tag?post=3297"}],"curies":[{"name":"wp","href":"https:\/\/api.w.org\/{rel}","templated":true}]}}