{"id":3299,"date":"2023-12-03T09:11:15","date_gmt":"2023-12-03T15:11:15","guid":{"rendered":"https:\/\/at2e-usa.com\/product\/btg-d-medidor-de-espesor-para-botellas\/"},"modified":"2024-10-12T07:48:45","modified_gmt":"2024-10-12T12:48:45","slug":"btg-d-medidor-de-espesor-para-botellas","status":"publish","type":"product","link":"https:\/\/at2e-usa.com\/es\/producto\/btg-d-medidor-de-espesor-para-botellas\/","title":{"rendered":"BTG-D &#8211; Medidor De Espesor Para Botellas"},"content":{"rendered":"<p class=\" translation-block\">El\u00a0<strong>BTG-D<\/strong>\u00a0Medidor de Espesor para Botellas es un dispositivo manual usado para determinar el espesor de pared en botellas de vidrio. Ofrece un r\u00e1pido y eficiente modo de medici\u00f3n en la producci\u00f3n de botellas.<\/p>\n<p>Los medidores se fabrican seg\u00fan las especificaciones seg\u00fan los dibujos de las botellas.<\/p>\n<p><strong><u>Especificaciones te\u0301cnicas:<\/u><\/strong><\/p>\n<ul>\n<li>Rango de medici\u00f3n: 0-10mm<\/li>\n<li>Precisi\u00f3n: 0,01mm<\/li>\n<\/ul>\n<p><em>Opcional: BTG \u2013 A (indicador anal\u00f3go)<\/em><\/p>\n","protected":false},"excerpt":{"rendered":"<p><strong>Dispositivo personalizado para medir el grosor de botellas de vidrio<\/strong><\/p>\n","protected":false},"featured_media":4069,"comment_status":"open","ping_status":"closed","template":"","meta":[],"product_brand":[],"product_cat":[69,66],"product_tag":[],"class_list":{"0":"post-3299","1":"product","2":"type-product","3":"status-publish","4":"has-post-thumbnail","6":"product_cat-botella-de-vidrio","7":"product_cat-dimensional-es","9":"first","10":"instock","11":"shipping-taxable","12":"product-type-simple"},"_links":{"self":[{"href":"https:\/\/at2e-usa.com\/es\/wp-json\/wp\/v2\/product\/3299","targetHints":{"allow":["GET"]}}],"collection":[{"href":"https:\/\/at2e-usa.com\/es\/wp-json\/wp\/v2\/product"}],"about":[{"href":"https:\/\/at2e-usa.com\/es\/wp-json\/wp\/v2\/types\/product"}],"replies":[{"embeddable":true,"href":"https:\/\/at2e-usa.com\/es\/wp-json\/wp\/v2\/comments?post=3299"}],"version-history":[{"count":2,"href":"https:\/\/at2e-usa.com\/es\/wp-json\/wp\/v2\/product\/3299\/revisions"}],"predecessor-version":[{"id":10109,"href":"https:\/\/at2e-usa.com\/es\/wp-json\/wp\/v2\/product\/3299\/revisions\/10109"}],"wp:featuredmedia":[{"embeddable":true,"href":"https:\/\/at2e-usa.com\/es\/wp-json\/wp\/v2\/media\/4069"}],"wp:attachment":[{"href":"https:\/\/at2e-usa.com\/es\/wp-json\/wp\/v2\/media?parent=3299"}],"wp:term":[{"taxonomy":"product_brand","embeddable":true,"href":"https:\/\/at2e-usa.com\/es\/wp-json\/wp\/v2\/product_brand?post=3299"},{"taxonomy":"product_cat","embeddable":true,"href":"https:\/\/at2e-usa.com\/es\/wp-json\/wp\/v2\/product_cat?post=3299"},{"taxonomy":"product_tag","embeddable":true,"href":"https:\/\/at2e-usa.com\/es\/wp-json\/wp\/v2\/product_tag?post=3299"}],"curies":[{"name":"wp","href":"https:\/\/api.w.org\/{rel}","templated":true}]}}