{"id":3300,"date":"2023-12-03T09:07:57","date_gmt":"2023-12-03T15:07:57","guid":{"rendered":"https:\/\/at2e-usa.com\/product\/bt-eta-torque-botella-torquimetro-inalambrica\/"},"modified":"2024-10-12T07:49:14","modified_gmt":"2024-10-12T12:49:14","slug":"bt-eta-torque-botella-torquimetro-inalambrica","status":"publish","type":"product","link":"https:\/\/at2e-usa.com\/es\/producto\/bt-eta-torque-botella-torquimetro-inalambrica\/","title":{"rendered":"BT ETA TORQUE Botella &#8211; Torqu\u00edmetro Inal\u00e1mbrica"},"content":{"rendered":"<p class=\" translation-block\"><strong><u>Uso:<\/u><\/strong><br \/>\n\u00b7 Se coloca directamente en la l\u00ednea despu\u00e9s de la llenadora<br \/>\n\u00b7 Permite controlar el torque de los cabezales de tapado en condiciones reales de producci\u00f3n a la velocidad nominal<br \/>\n\u00b7 Evita desmontaje de la tapadora<br \/>\n\u00b7 Formatos intercambiables<\/p>\n<p><strong><u>Caracter\u00edsticas de Software QUALICURVE:<\/u><\/strong><br \/>\n\u00b7 Transfiere datos desde la BT ETA<br \/>\n\u00b7 Revisar la informaci\u00f3n guardada<br \/>\n\u00b7 Graficar los datos<br \/>\n\u00b7 Exportar reporte de datos y grafica<br \/>\n\u00b7 Exportaci\u00f3n Excel<br \/>\n\u00b7 Idiomas: Frances, Ingl\u00e9s y Chino.<\/p>\n<p><strong><u>Especificaciones te\u0301cnicas:<\/u><\/strong><br \/>\n\u00b7 Pantalla t\u00e1ctil<br \/>\n\u00b7 Medici\u00f3n en apertura y cierre<br \/>\n\u00b7 Rango de medici\u00f3n: 0.00 a 60.00 Kgf.cm<br \/>\n\u00b7 2 modos de medici\u00f3n (instant\u00e1neo, pico)<br \/>\n\u00b7 Unidades: Kgf.cm \/ Pulgada. Lbs \/ N.cm \/ N.m<br \/>\n\u00b7 Precisi\u00f3n: \u00b1 0,5 % del alcance m\u00e1ximo<br \/>\n\u00b7 Carga por USB (PC)<br \/>\n\u00b7 Entrega con certificado de calibraci\u00f3n COFRAC<br \/>\n\u00b7 Incluye estuche para transportarlo<br \/>\n\u00b7 110 \/ 230 V \u2013 50\/60 Hz<br \/>\n\u00b7 Graba hasta 24 grupos de datos o hasta 120 segundos de datos continuos.<\/p>\n<p><strong><u>Especificaciones Mec\u00e1nicas:<\/u><\/strong><br \/>\n\u00b7 Dise\u00f1os a medida<br \/>\n\u00b7 Bater\u00eda interna para 3 horas<br \/>\n\u00b7 Dimensiones: Personalizado<br \/>\n\u00b7 Dimensiones: di\u00e1metro m\u00ednimo 35 mm. Alto m\u00e1ximo 60mm.<br \/>\n\u00b7 Peso 1-2 Kg<\/p>\n","protected":false},"excerpt":{"rendered":"<p>La AT2E\u00a0<strong>BT ETA TORQUE<\/strong>\u00a0es dise\u00f1ada para instalar en los cabezales de tapado. Ella fue construida con mec\u00e1nicas especiales que permiten anular todos los esfuerzos verticales; adem\u00e1s tienen una electr\u00f3nica muy r\u00e1pida. Puede ser personalizada seg\u00fan el perfil de cada botella. Al usarla con el programa BT ETA permite al usuario guardar, administrar y analizar los datos.<\/p>\n","protected":false},"featured_media":9004,"comment_status":"open","ping_status":"closed","template":"","meta":[],"product_brand":[],"product_cat":[69,71,74],"product_tag":[],"class_list":{"0":"post-3300","1":"product","2":"type-product","3":"status-publish","4":"has-post-thumbnail","6":"product_cat-botella-de-vidrio","7":"product_cat-botellas-de-plastico-pet","8":"product_cat-torque-es","10":"first","11":"instock","12":"shipping-taxable","13":"product-type-simple"},"_links":{"self":[{"href":"https:\/\/at2e-usa.com\/es\/wp-json\/wp\/v2\/product\/3300","targetHints":{"allow":["GET"]}}],"collection":[{"href":"https:\/\/at2e-usa.com\/es\/wp-json\/wp\/v2\/product"}],"about":[{"href":"https:\/\/at2e-usa.com\/es\/wp-json\/wp\/v2\/types\/product"}],"replies":[{"embeddable":true,"href":"https:\/\/at2e-usa.com\/es\/wp-json\/wp\/v2\/comments?post=3300"}],"version-history":[{"count":1,"href":"https:\/\/at2e-usa.com\/es\/wp-json\/wp\/v2\/product\/3300\/revisions"}],"predecessor-version":[{"id":10110,"href":"https:\/\/at2e-usa.com\/es\/wp-json\/wp\/v2\/product\/3300\/revisions\/10110"}],"wp:featuredmedia":[{"embeddable":true,"href":"https:\/\/at2e-usa.com\/es\/wp-json\/wp\/v2\/media\/9004"}],"wp:attachment":[{"href":"https:\/\/at2e-usa.com\/es\/wp-json\/wp\/v2\/media?parent=3300"}],"wp:term":[{"taxonomy":"product_brand","embeddable":true,"href":"https:\/\/at2e-usa.com\/es\/wp-json\/wp\/v2\/product_brand?post=3300"},{"taxonomy":"product_cat","embeddable":true,"href":"https:\/\/at2e-usa.com\/es\/wp-json\/wp\/v2\/product_cat?post=3300"},{"taxonomy":"product_tag","embeddable":true,"href":"https:\/\/at2e-usa.com\/es\/wp-json\/wp\/v2\/product_tag?post=3300"}],"curies":[{"name":"wp","href":"https:\/\/api.w.org\/{rel}","templated":true}]}}