{"id":3301,"date":"2023-12-03T09:04:26","date_gmt":"2023-12-03T15:04:26","guid":{"rendered":"https:\/\/at2e-usa.com\/product\/bt-eta-torque-eco-botella-dynamometrica\/"},"modified":"2024-10-12T07:49:38","modified_gmt":"2024-10-12T12:49:38","slug":"bt-eta-torque-eco-botella-dynamometrica","status":"publish","type":"product","link":"https:\/\/at2e-usa.com\/es\/producto\/bt-eta-torque-eco-botella-dynamometrica\/","title":{"rendered":"BT ETA TORQUE ECO &#8211; Botella Dynamom\u00e9trica"},"content":{"rendered":"<p>F\u00e1cil de usar, s\u00f3lo instalela sobre el torqu\u00edmetro y gire para abrir o cerrar, luego compare el valor optenido con el relacionado en el equipo.<\/p>\n<p><strong><u>Especificaciones te\u0301cnicas:<\/u><\/strong><br \/>\n\u00b7 Torque ajustable de 1 a 15 Kgf.cm \/ pulgada. Lbs<br \/>\n\u00b7 Medici\u00f3n en apertura y cierre<br \/>\n\u00b7 Entregado con el certificado de calibraci\u00f3n (opcional)<br \/>\n\u00b7 No requiere bater\u00eda<br \/>\n\u00b7 Incluye estuche para transportarlo<\/p>\n<p><strong><u>Especificaciones Mec\u00e1nicas:<\/u><\/strong><br \/>\n\u00b7 Carcaza en Aluminio (o acero inoxidable bajo pedido)<br \/>\n\u00b7 Tama\u00f1o personalizado<br \/>\n\u00b7 Peso: 1 a 4 kg<\/p>\n","protected":false},"excerpt":{"rendered":"<p>La nueva\u00a0<strong>BT ETA TORQUE ECO<\/strong>\u00a0ha sido desarollada para permitir a los operarios y personal de metrolog\u00eda, revisar de forma rapida y simple la calibraci\u00f3n de cualquier torqu\u00edmetro.<\/p>\n","protected":false},"featured_media":9813,"comment_status":"open","ping_status":"closed","template":"","meta":[],"product_brand":[],"product_cat":[74],"product_tag":[],"class_list":{"0":"post-3301","1":"product","2":"type-product","3":"status-publish","4":"has-post-thumbnail","6":"product_cat-torque-es","8":"first","9":"instock","10":"shipping-taxable","11":"product-type-simple"},"_links":{"self":[{"href":"https:\/\/at2e-usa.com\/es\/wp-json\/wp\/v2\/product\/3301","targetHints":{"allow":["GET"]}}],"collection":[{"href":"https:\/\/at2e-usa.com\/es\/wp-json\/wp\/v2\/product"}],"about":[{"href":"https:\/\/at2e-usa.com\/es\/wp-json\/wp\/v2\/types\/product"}],"replies":[{"embeddable":true,"href":"https:\/\/at2e-usa.com\/es\/wp-json\/wp\/v2\/comments?post=3301"}],"version-history":[{"count":1,"href":"https:\/\/at2e-usa.com\/es\/wp-json\/wp\/v2\/product\/3301\/revisions"}],"predecessor-version":[{"id":10111,"href":"https:\/\/at2e-usa.com\/es\/wp-json\/wp\/v2\/product\/3301\/revisions\/10111"}],"wp:featuredmedia":[{"embeddable":true,"href":"https:\/\/at2e-usa.com\/es\/wp-json\/wp\/v2\/media\/9813"}],"wp:attachment":[{"href":"https:\/\/at2e-usa.com\/es\/wp-json\/wp\/v2\/media?parent=3301"}],"wp:term":[{"taxonomy":"product_brand","embeddable":true,"href":"https:\/\/at2e-usa.com\/es\/wp-json\/wp\/v2\/product_brand?post=3301"},{"taxonomy":"product_cat","embeddable":true,"href":"https:\/\/at2e-usa.com\/es\/wp-json\/wp\/v2\/product_cat?post=3301"},{"taxonomy":"product_tag","embeddable":true,"href":"https:\/\/at2e-usa.com\/es\/wp-json\/wp\/v2\/product_tag?post=3301"}],"curies":[{"name":"wp","href":"https:\/\/api.w.org\/{rel}","templated":true}]}}