{"id":3302,"date":"2023-12-03T09:02:06","date_gmt":"2023-12-03T15:02:06","guid":{"rendered":"https:\/\/at2e-usa.com\/product\/botella-de-fuerza-dinamometrica-bt-eta-force-shf\/"},"modified":"2024-10-12T07:49:57","modified_gmt":"2024-10-12T12:49:57","slug":"botella-de-fuerza-dinamometrica-bt-eta-force-shf","status":"publish","type":"product","link":"https:\/\/at2e-usa.com\/es\/producto\/botella-de-fuerza-dinamometrica-bt-eta-force-shf\/","title":{"rendered":"Botella de fuerza dinamom\u00e9trica BT ETA FORCE SHF"},"content":{"rendered":"<p>El\u00a0<strong>BT ETA FORCE SHF Dynamometric Force Bottle<\/strong>\u00a0was designed to be installed under capping head.<\/p>\n<p>Nuestros dinam\u00f3metros incluyen un dise\u00f1o mec\u00e1nico especial que permite evitar toda influencia de esfuerzos no coaxiales. Tambi\u00e9n incluyen una lectura electr\u00f3nica de mediciones de alta velocidad incorporada.<\/p>\n<p><strong><u>Especificaciones te\u0301cnicas:<\/u><\/strong><\/p>\n<ul>\n<li>Separate digital display<\/li>\n<li>Measures compression (top load)<\/li>\n<li>Measuring range: 0 to 500.0 Kgf<\/li>\n<li>2 Measuring modes (continue, peak)<\/li>\n<li>Units: Kgf \/ lbf \/ N<\/li>\n<li>Accuracy: \u00b15 % of full scale<\/li>\n<li>Loading by USB (PC)<\/li>\n<li>Reversible display)<\/li>\n<li>Delivered with COFRAC certificate<\/li>\n<li>Transport case<\/li>\n<li>110 \/ 230 V \u2013 50\/60 Hz<\/li>\n<\/ul>\n<p><strong><u>Especificaciones Mec\u00e1nicas:<\/u><\/strong><\/p>\n<ul>\n<li>Designed on request according to customers\u2019 drawings<\/li>\n<li>Built-in battery 20H<\/li>\n<li>Dimensions:\n<ul>\n<li>Min. diameter: 2\u2033\/ 50 mm<\/li>\n<li>Min. height: 4.1\u2033 \/ 104 mm<\/li>\n<\/ul>\n<\/li>\n<li>Weight 6.5 lbs \/ 3 kg<\/li>\n<\/ul>\n<p><strong><u>El uso:<\/u><\/strong><\/p>\n<ul>\n<li>Ready to be installed on line after filling machine<\/li>\n<li>Enables to control capping heads in real conditions (speed and top load)\n<ul>\n<li>No more dismantling!!<\/li>\n<\/ul>\n<\/li>\n<li>Interchangeable formats<\/li>\n<\/ul>\n","protected":false},"excerpt":{"rendered":"<p><strong>DIse\u00f1ado para controlar la presi\u00f3n vertical en cabezales de tapado<\/strong><\/p>\n<p>Nuestros Dinam\u00f3metros est\u00e1n construidos con mec\u00e1nicas especiales que permiten anular todos los esfuerzos verticales; adem\u00e1s tienen una electr\u00f3nica muy r\u00e1pida<\/p>\n","protected":false},"featured_media":9032,"comment_status":"open","ping_status":"closed","template":"","meta":[],"product_brand":[],"product_cat":[69,71,68],"product_tag":[],"class_list":{"0":"post-3302","1":"product","2":"type-product","3":"status-publish","4":"has-post-thumbnail","6":"product_cat-botella-de-vidrio","7":"product_cat-botellas-de-plastico-pet","8":"product_cat-fuerza-compresion","10":"first","11":"instock","12":"shipping-taxable","13":"product-type-simple"},"_links":{"self":[{"href":"https:\/\/at2e-usa.com\/es\/wp-json\/wp\/v2\/product\/3302","targetHints":{"allow":["GET"]}}],"collection":[{"href":"https:\/\/at2e-usa.com\/es\/wp-json\/wp\/v2\/product"}],"about":[{"href":"https:\/\/at2e-usa.com\/es\/wp-json\/wp\/v2\/types\/product"}],"replies":[{"embeddable":true,"href":"https:\/\/at2e-usa.com\/es\/wp-json\/wp\/v2\/comments?post=3302"}],"version-history":[{"count":1,"href":"https:\/\/at2e-usa.com\/es\/wp-json\/wp\/v2\/product\/3302\/revisions"}],"predecessor-version":[{"id":10112,"href":"https:\/\/at2e-usa.com\/es\/wp-json\/wp\/v2\/product\/3302\/revisions\/10112"}],"wp:featuredmedia":[{"embeddable":true,"href":"https:\/\/at2e-usa.com\/es\/wp-json\/wp\/v2\/media\/9032"}],"wp:attachment":[{"href":"https:\/\/at2e-usa.com\/es\/wp-json\/wp\/v2\/media?parent=3302"}],"wp:term":[{"taxonomy":"product_brand","embeddable":true,"href":"https:\/\/at2e-usa.com\/es\/wp-json\/wp\/v2\/product_brand?post=3302"},{"taxonomy":"product_cat","embeddable":true,"href":"https:\/\/at2e-usa.com\/es\/wp-json\/wp\/v2\/product_cat?post=3302"},{"taxonomy":"product_tag","embeddable":true,"href":"https:\/\/at2e-usa.com\/es\/wp-json\/wp\/v2\/product_tag?post=3302"}],"curies":[{"name":"wp","href":"https:\/\/api.w.org\/{rel}","templated":true}]}}