{"id":3303,"date":"2023-12-03T09:00:43","date_gmt":"2023-12-03T15:00:43","guid":{"rendered":"https:\/\/at2e-usa.com\/product\/botella-dinamometrica-bt-eta-force\/"},"modified":"2024-10-12T07:50:41","modified_gmt":"2024-10-12T12:50:41","slug":"botella-dinamometrica-bt-eta-force","status":"publish","type":"product","link":"https:\/\/at2e-usa.com\/es\/producto\/botella-dinamometrica-bt-eta-force\/","title":{"rendered":"Botella dinamom\u00e9trica &#8211; BT ETA FORCE"},"content":{"rendered":"<p><strong><u>Especificaciones te\u0301cnicas:<\/u><\/strong><br \/>\n\u00b7 Pantalla t\u00e1ctil<br \/>\n\u00b7 Medidas de compresi\u00f3n<br \/>\n\u00b7 Rango de medida: 0,0 a 300,0 Kgf<br \/>\n\u00b7 2 modos de medici\u00f3n (contin\u00fao y pico<br \/>\n\u00b7 Unidades: Kgf \/ lbf \/ N<br \/>\n\u00b7 Precisi\u00f3n: \u00b1 0,5 % del alcance m\u00e1ximo<br \/>\n\u00b7 Carga a trav\u00e9s de USB (PC)<br \/>\n\u00b7 Entrega con certificado de calibraci\u00f3n COFRAC<br \/>\n\u00b7 Incluye estuche para transportarlo<br \/>\n\u00b7 110 \/ 230 V \u2013 50\/60 Hz<br \/>\n\u00b7 Guarda hasta 24 grupos de datos o 120 segundos de informaci\u00f3n continua.<\/p>\n<p><strong><u>Especificaciones Mec\u00e1nicas:<\/u><\/strong><br \/>\n\u00b7 Dise\u00f1o bajo pedido<br \/>\n\u00b7 Bater\u00eda interna para 3 horas<br \/>\n\u00b7 Dimensiones: Personalizado<br \/>\n\u00b7 Dimensiones: di\u00e1metro m\u00ednimo 35 mm. Alto m\u00e1ximo 60mm.<br \/>\n\u00b7 Peso 1-2 Kg<\/p>\n<p><strong><u>El uso:<\/u><\/strong><br \/>\n\u00b7 Instalar directamente en l\u00ednea, bajo el cabezal de tapado<br \/>\n\u00b7 Controlar cabezales de tapado en condiciones reales<br \/>\n\u00b7 Formatos intercambiables<\/p>\n<p><strong><u>Programa QUALICURVE:<\/u><\/strong><br \/>\n\u00b7 Transferencia de datos desde la BT ETA al programa en PC<br \/>\n\u00b7 Revisar los datos guardados<br \/>\n\u00b7 Ver y crear grafica<br \/>\n\u00b7 Exportar reporte de datos y gr\u00e1ficos.<br \/>\n\u00b7 Exportaci\u00f3n Excel<br \/>\n\u00b7 Idiomas: Frances \/ ingl\u00e9s \/ Chino.<\/p>\n","protected":false},"excerpt":{"rendered":"<p>Los\u00a0<strong>ATE2 BT ETA FORCE<\/strong>\u00a0est\u00e1n construidos con mec\u00e1nicas especiales que permiten anular todos los esfuerzos verticales; adem\u00e1s tienen una electr\u00f3nica muy r\u00e1pida. Pueden ser dise\u00f1ados seg\u00fan requerimiento en diferentes formatos de botellas o latas. El programa facilita el analisis, almacenamiento y manejo de los datos.\u200b<\/p>\n","protected":false},"featured_media":9010,"comment_status":"open","ping_status":"closed","template":"","meta":[],"product_brand":[],"product_cat":[68],"product_tag":[],"class_list":{"0":"post-3303","1":"product","2":"type-product","3":"status-publish","4":"has-post-thumbnail","6":"product_cat-fuerza-compresion","8":"first","9":"instock","10":"shipping-taxable","11":"product-type-simple"},"_links":{"self":[{"href":"https:\/\/at2e-usa.com\/es\/wp-json\/wp\/v2\/product\/3303","targetHints":{"allow":["GET"]}}],"collection":[{"href":"https:\/\/at2e-usa.com\/es\/wp-json\/wp\/v2\/product"}],"about":[{"href":"https:\/\/at2e-usa.com\/es\/wp-json\/wp\/v2\/types\/product"}],"replies":[{"embeddable":true,"href":"https:\/\/at2e-usa.com\/es\/wp-json\/wp\/v2\/comments?post=3303"}],"version-history":[{"count":1,"href":"https:\/\/at2e-usa.com\/es\/wp-json\/wp\/v2\/product\/3303\/revisions"}],"predecessor-version":[{"id":10113,"href":"https:\/\/at2e-usa.com\/es\/wp-json\/wp\/v2\/product\/3303\/revisions\/10113"}],"wp:featuredmedia":[{"embeddable":true,"href":"https:\/\/at2e-usa.com\/es\/wp-json\/wp\/v2\/media\/9010"}],"wp:attachment":[{"href":"https:\/\/at2e-usa.com\/es\/wp-json\/wp\/v2\/media?parent=3303"}],"wp:term":[{"taxonomy":"product_brand","embeddable":true,"href":"https:\/\/at2e-usa.com\/es\/wp-json\/wp\/v2\/product_brand?post=3303"},{"taxonomy":"product_cat","embeddable":true,"href":"https:\/\/at2e-usa.com\/es\/wp-json\/wp\/v2\/product_cat?post=3303"},{"taxonomy":"product_tag","embeddable":true,"href":"https:\/\/at2e-usa.com\/es\/wp-json\/wp\/v2\/product_tag?post=3303"}],"curies":[{"name":"wp","href":"https:\/\/api.w.org\/{rel}","templated":true}]}}