{"id":3304,"date":"2023-12-03T08:54:31","date_gmt":"2023-12-03T14:54:31","guid":{"rendered":"https:\/\/at2e-usa.com\/product\/bcg-medidor-de-planitud\/"},"modified":"2024-10-12T07:50:57","modified_gmt":"2024-10-12T12:50:57","slug":"bcg-medidor-de-planitud","status":"publish","type":"product","link":"https:\/\/at2e-usa.com\/es\/producto\/bcg-medidor-de-planitud\/","title":{"rendered":"BCG &#8211; Medidor de planitud"},"content":{"rendered":"<div class=\"paragraph\">\n<p><strong><u>Caracter\u00edsticas:<\/u><\/strong><\/p>\n<ul>\n<li>Preciso \/ sencillo y uso f\u00e1cil<\/li>\n<li>Ideal para uso cerca de la l\u00ednea de soplado<\/li>\n<\/ul>\n<\/div>\n<div class=\"paragraph\"><strong><u>Especificaciones te\u0301cnicas:<\/u><\/strong><br \/>\n\u00b7 Rango de medici\u00f3n hasta 120mm de di\u00e1metro<br \/>\n\u00b7 Rango de medici\u00f3n: 0-10 mm<br \/>\n\u00b7 Resoluci\u00f3n: 0.01 mm<br \/>\n\u00b7 Dimensiones: 125mm de di\u00e1metro \u00d7 140mm de alto (incluida base de calibraci\u00f3n)<\/div>\n","protected":false},"excerpt":{"rendered":"<div class=\"paragraph\"><strong>Para medir la altura de de los fondos de botellas de PET<\/strong><\/div>\n<div>\n<div class=\"wsite-image wsite-image-border-none\">\n<div><\/div>\n<\/div>\n<\/div>\n<div class=\"paragraph translation-block\">El\u00a0<strong>BCG \u2013 Medidor de planitud<\/strong>\u00a0est\u00e1 especialmente dise\u00f1ado para medir la altura de los fondos de botellas de PET.<br \/>\nEl medidor est\u00e1 adaptado con un indicador digital Mitutoyo de alta precisi\u00f3n con puerto incorporado para comunicaciones en serie. La base de medici\u00f3n ultra plana garantiza la alta precisi\u00f3n de la medici\u00f3n.<\/div>\n","protected":false},"featured_media":2442,"comment_status":"open","ping_status":"closed","template":"","meta":[],"product_brand":[],"product_cat":[71,66],"product_tag":[],"class_list":{"0":"post-3304","1":"product","2":"type-product","3":"status-publish","4":"has-post-thumbnail","6":"product_cat-botellas-de-plastico-pet","7":"product_cat-dimensional-es","9":"first","10":"instock","11":"shipping-taxable","12":"product-type-simple"},"_links":{"self":[{"href":"https:\/\/at2e-usa.com\/es\/wp-json\/wp\/v2\/product\/3304","targetHints":{"allow":["GET"]}}],"collection":[{"href":"https:\/\/at2e-usa.com\/es\/wp-json\/wp\/v2\/product"}],"about":[{"href":"https:\/\/at2e-usa.com\/es\/wp-json\/wp\/v2\/types\/product"}],"replies":[{"embeddable":true,"href":"https:\/\/at2e-usa.com\/es\/wp-json\/wp\/v2\/comments?post=3304"}],"version-history":[{"count":1,"href":"https:\/\/at2e-usa.com\/es\/wp-json\/wp\/v2\/product\/3304\/revisions"}],"predecessor-version":[{"id":10114,"href":"https:\/\/at2e-usa.com\/es\/wp-json\/wp\/v2\/product\/3304\/revisions\/10114"}],"wp:featuredmedia":[{"embeddable":true,"href":"https:\/\/at2e-usa.com\/es\/wp-json\/wp\/v2\/media\/2442"}],"wp:attachment":[{"href":"https:\/\/at2e-usa.com\/es\/wp-json\/wp\/v2\/media?parent=3304"}],"wp:term":[{"taxonomy":"product_brand","embeddable":true,"href":"https:\/\/at2e-usa.com\/es\/wp-json\/wp\/v2\/product_brand?post=3304"},{"taxonomy":"product_cat","embeddable":true,"href":"https:\/\/at2e-usa.com\/es\/wp-json\/wp\/v2\/product_cat?post=3304"},{"taxonomy":"product_tag","embeddable":true,"href":"https:\/\/at2e-usa.com\/es\/wp-json\/wp\/v2\/product_tag?post=3304"}],"curies":[{"name":"wp","href":"https:\/\/api.w.org\/{rel}","templated":true}]}}