{"id":3306,"date":"2023-12-03T08:48:01","date_gmt":"2023-12-03T14:48:01","guid":{"rendered":"https:\/\/at2e-usa.com\/product\/apcc-1-taponadora-automatica-de-tapas\/"},"modified":"2024-10-12T07:51:43","modified_gmt":"2024-10-12T12:51:43","slug":"apcc-1-taponadora-automatica-de-tapas","status":"publish","type":"product","link":"https:\/\/at2e-usa.com\/es\/producto\/apcc-1-taponadora-automatica-de-tapas\/","title":{"rendered":"APCC-1 Taponadora Autom\u00e1tica de Tapas"},"content":{"rendered":"<p><strong><u>Atributos y beneficios:<\/u><\/strong><\/p>\n<ul>\n<li>Fuerza de compresi\u00f3n ajustable para cumplir con diferentes requisitos de prueba<\/li>\n<li>Control de pantalla t\u00e1ctil, tapado autom\u00e1tico de una tecla, f\u00e1cil de operar<\/li>\n<li>Es posible la integraci\u00f3n del cabezal de tapado que se puede usar en la l\u00ednea de producci\u00f3n\u00a0<em>(el cabezal de tapado debe ser suministrado por el cliente)<\/em><\/li>\n<li>Marco de acero inoxidable, resistente y duradero<\/li>\n<li>Dise\u00f1o de sobremesa, tama\u00f1o peque\u00f1o y c\u00f3modo de usar en laboratorio.<\/li>\n<\/ul>\n<p><strong><u>Especificaciones te\u0301cnicas:<\/u><\/strong><\/p>\n<ul>\n<li>Rango de compresi\u00f3n: 1000N a 4500N<\/li>\n<li class=\" translation-block\">Accuracy:\u00a0<a target=\"_self\" rel=\"noopener\">\u00b1<\/a>0.5% fondo de escala<\/li>\n<li>Rango de muestra:\n<ul>\n<li>Max. 295 mm in height<\/li>\n<li>Max. 85 mm in diameter (Customized spacers are required according to bottle diameter)<\/li>\n<\/ul>\n<\/li>\n<li>Suministro de aire: 5 &#8211; 8 Bar<\/li>\n<li>Fuente de alimentaci\u00f3n: 220V AC \/ 50 Hz (opcional 110V AC \/ 60 Hz)<\/li>\n<li>Tama\u00f1o total: 400 x 445 x 1120 mm<\/li>\n<li>Peso: 70 kg<\/li>\n<\/ul>\n","protected":false},"excerpt":{"rendered":"<p><strong>Tapadora Automatizada de tapas pull-off<\/strong><\/p>\n<p>El\u00a0<strong>APCC-1 Taponadora Autom\u00e1tica de Tapas\u00a0<\/strong>is an equipment specially developed for the quick capping of pull-off caps on glass bottles with crown finish. It is a lab instrument.<\/p>\n<p class=\" translation-block\">Los clientes pueden usar la muestra tapada para inspecciones de calidad u otras pruebas relacionadas. Por lo general, se usa junto con las m\u00e1quinas de prueba\u00a0<strong>POT-1\u00a0<\/strong>o\u00a0<strong>POT-AUTO\u00a0\u00a0<\/strong>de AT2E<\/p>\n","protected":false},"featured_media":3904,"comment_status":"open","ping_status":"closed","template":"","meta":[],"product_brand":[],"product_cat":[65],"product_tag":[],"class_list":{"0":"post-3306","1":"product","2":"type-product","3":"status-publish","4":"has-post-thumbnail","6":"product_cat-gorra-de-corona","8":"first","9":"instock","10":"shipping-taxable","11":"product-type-simple"},"_links":{"self":[{"href":"https:\/\/at2e-usa.com\/es\/wp-json\/wp\/v2\/product\/3306","targetHints":{"allow":["GET"]}}],"collection":[{"href":"https:\/\/at2e-usa.com\/es\/wp-json\/wp\/v2\/product"}],"about":[{"href":"https:\/\/at2e-usa.com\/es\/wp-json\/wp\/v2\/types\/product"}],"replies":[{"embeddable":true,"href":"https:\/\/at2e-usa.com\/es\/wp-json\/wp\/v2\/comments?post=3306"}],"version-history":[{"count":1,"href":"https:\/\/at2e-usa.com\/es\/wp-json\/wp\/v2\/product\/3306\/revisions"}],"predecessor-version":[{"id":10116,"href":"https:\/\/at2e-usa.com\/es\/wp-json\/wp\/v2\/product\/3306\/revisions\/10116"}],"wp:featuredmedia":[{"embeddable":true,"href":"https:\/\/at2e-usa.com\/es\/wp-json\/wp\/v2\/media\/3904"}],"wp:attachment":[{"href":"https:\/\/at2e-usa.com\/es\/wp-json\/wp\/v2\/media?parent=3306"}],"wp:term":[{"taxonomy":"product_brand","embeddable":true,"href":"https:\/\/at2e-usa.com\/es\/wp-json\/wp\/v2\/product_brand?post=3306"},{"taxonomy":"product_cat","embeddable":true,"href":"https:\/\/at2e-usa.com\/es\/wp-json\/wp\/v2\/product_cat?post=3306"},{"taxonomy":"product_tag","embeddable":true,"href":"https:\/\/at2e-usa.com\/es\/wp-json\/wp\/v2\/product_tag?post=3306"}],"curies":[{"name":"wp","href":"https:\/\/api.w.org\/{rel}","templated":true}]}}