{"id":3307,"date":"2023-12-03T08:46:20","date_gmt":"2023-12-03T14:46:20","guid":{"rendered":"https:\/\/at2e-usa.com\/product\/sierra-anti-ruido-para-corte-de-costura-anss\/"},"modified":"2024-10-12T07:52:01","modified_gmt":"2024-10-12T12:52:01","slug":"sierra-anti-ruido-para-corte-de-costura-anss","status":"publish","type":"product","link":"https:\/\/at2e-usa.com\/es\/producto\/sierra-anti-ruido-para-corte-de-costura-anss\/","title":{"rendered":"Sierra Anti Ruido para Corte de Costura\u200b &#8211; ANSS"},"content":{"rendered":"<p>Puede aplicar una velocidad de 1450 revoluciones por minuto lo que permite el uso de esta sierra en superficies de corte muy simples.<\/p>\n<p>Con la ANSS, se obtendr\u00e1 una secci\u00f3n de costura clara que es muy necesaria e importante para una inspecci\u00f3n confiable de la costura.<\/p>\n<p><strong><u>Especificaciones te\u0301cnicas:<\/u><\/strong><br \/>\n\u2022 Di\u00e1metro de latas hasta de 65mm<br \/>\n\u2022 Dimensi\u00f3n de cuchilla: 80x22x0.5mm (160 dientes)<br \/>\n\u2022 Velocidad motor: 1000 rpm<br \/>\n\u2022 Alimentaci\u00f3n: 220V 50-60 Hz (otros bajo pedido)<br \/>\n\u2022 Dimensiones: L 390 \u00d7 P 240 \u00d7 H 200mm<br \/>\n\u2022 Peso neto: 15kg<\/p>\n<p><strong><u>Accesorios opcionales:<\/u><\/strong><br \/>\n\u2022 Mango de diferentes tama\u00f1os<\/p>\n","protected":false},"excerpt":{"rendered":"<p><strong>Para preparar en silencio latas de aluminio para la inspecci\u00f3n de la costura<\/strong><\/p>\n<p class=\" translation-block\">La\u00a0<strong>Sierra Anti Ruido para Corte de Costura<\/strong>\u00a0(ANSS) es una sierra con un dise\u00f1o anti ruido y doble cuchilla para inspecciones de doble costura. Ha sido especialmente dise\u00f1ado para latas de 2 y de 3 piezas (65 mm de di\u00e1metro o menos).<\/p>\n","protected":false},"featured_media":2434,"comment_status":"open","ping_status":"closed","template":"","meta":[],"product_brand":[],"product_cat":[63],"product_tag":[],"class_list":{"0":"post-3307","1":"product","2":"type-product","3":"status-publish","4":"has-post-thumbnail","6":"product_cat-costura-de-latas","8":"first","9":"instock","10":"shipping-taxable","11":"product-type-simple"},"_links":{"self":[{"href":"https:\/\/at2e-usa.com\/es\/wp-json\/wp\/v2\/product\/3307","targetHints":{"allow":["GET"]}}],"collection":[{"href":"https:\/\/at2e-usa.com\/es\/wp-json\/wp\/v2\/product"}],"about":[{"href":"https:\/\/at2e-usa.com\/es\/wp-json\/wp\/v2\/types\/product"}],"replies":[{"embeddable":true,"href":"https:\/\/at2e-usa.com\/es\/wp-json\/wp\/v2\/comments?post=3307"}],"version-history":[{"count":1,"href":"https:\/\/at2e-usa.com\/es\/wp-json\/wp\/v2\/product\/3307\/revisions"}],"predecessor-version":[{"id":10117,"href":"https:\/\/at2e-usa.com\/es\/wp-json\/wp\/v2\/product\/3307\/revisions\/10117"}],"wp:featuredmedia":[{"embeddable":true,"href":"https:\/\/at2e-usa.com\/es\/wp-json\/wp\/v2\/media\/2434"}],"wp:attachment":[{"href":"https:\/\/at2e-usa.com\/es\/wp-json\/wp\/v2\/media?parent=3307"}],"wp:term":[{"taxonomy":"product_brand","embeddable":true,"href":"https:\/\/at2e-usa.com\/es\/wp-json\/wp\/v2\/product_brand?post=3307"},{"taxonomy":"product_cat","embeddable":true,"href":"https:\/\/at2e-usa.com\/es\/wp-json\/wp\/v2\/product_cat?post=3307"},{"taxonomy":"product_tag","embeddable":true,"href":"https:\/\/at2e-usa.com\/es\/wp-json\/wp\/v2\/product_tag?post=3307"}],"curies":[{"name":"wp","href":"https:\/\/api.w.org\/{rel}","templated":true}]}}