{"id":3308,"date":"2023-12-03T08:44:19","date_gmt":"2023-12-03T14:44:19","guid":{"rendered":"https:\/\/at2e-usa.com\/product\/amvt-1-probador-automatico-de-fugas-al-vacio\/"},"modified":"2024-10-12T07:52:19","modified_gmt":"2024-10-12T12:52:19","slug":"amvt-1-probador-automatico-de-fugas-al-vacio","status":"publish","type":"product","link":"https:\/\/at2e-usa.com\/es\/producto\/amvt-1-probador-automatico-de-fugas-al-vacio\/","title":{"rendered":"AMVT-1 Probador Autom\u00e1tico de Fugas al Vac\u00edo"},"content":{"rendered":"<p><strong><u>Principio de medici\u00f3n:<\/u><\/strong><br \/>\n<strong>Probador Autom\u00e1tico de Fugas al Vac\u00edo AMVT-1<\/strong>\u00a0prueba el rendimiento de sellado de las muestras verificando la diferencia de vac\u00edo.<\/p>\n<ul>\n<li>La muestra se coloca en la c\u00e1mara de prueba, luego el instrumento genera el vac\u00edo para que la c\u00e1mara de prueba alcance un nivel de vac\u00edo objetivo y lo mantenga durante un per\u00edodo predefinido.<\/li>\n<li>La diferencia de vac\u00edo en la c\u00e1mara de prueba se monitorea durante el proceso de retenci\u00f3n.<\/li>\n<li>La diferencia de vac\u00edo m\u00e1ximo se comparar\u00e1 con el umbral establecido, luego el rendimiento de sellado de la muestra en condiciones de vac\u00edo se juzgar\u00e1 autom\u00e1ticamente.<\/li>\n<\/ul>\n<p><strong><u>Especificaciones t\u00e9cnicas:<\/u><\/strong><\/p>\n<ul>\n<li>Tipos de muestra: Viales, Botellas, Tapas y Latas<\/li>\n<li>Material de la muestra: vidrio, pl\u00e1stico, aluminio u otros materiales met\u00e1licos<\/li>\n<li>Capacidad de la muestra: 2 &#8211; 50 ml (modelo est\u00e1ndar, otros rangos bajo solicitud)<\/li>\n<li>Nivel de vac\u00edo ajustable:\n<ul>\n<li>Con bomba de vac\u00edo interna: hasta &#8211; 900 mbar.<\/li>\n<li>Con bomba de vac\u00edo externa: hasta &#8211; 999 mbar (seg\u00fan la capacidad de la bomba)<\/li>\n<\/ul>\n<\/li>\n<li>Ajuste autom\u00e1tico del nivel de vac\u00edo y tiempo de prueba<\/li>\n<li>Sensibilidad de prueba: 2 ml, di\u00e1metro del agujero de fuga \u2265 5 \u03bcm<\/li>\n<li>Detecci\u00f3n autom\u00e1tica de fugas<\/li>\n<li>Tama\u00f1o de la c\u00e1mara de prueba: personalizable seg\u00fan la muestra<\/li>\n<li>Visualizaci\u00f3n din\u00e1mica: estado de la prueba, fecha, hora<\/li>\n<li>Visualizaci\u00f3n: Configuraciones de ciclo, n\u00famero de lote, n\u00famero de muestra, resultado de la prueba<\/li>\n<li>F\u00e1cil de operar, el operador puede seleccionar los par\u00e1metros de prueba preestablecidos y presionar el bot\u00f3n de prueba para llevar a cabo la prueba, no es necesario configurar los par\u00e1metros cada vez<\/li>\n<li>N\u00famero de lote del producto editable<\/li>\n<li>Conexi\u00f3n al software, impresi\u00f3n de datos de prueba<\/li>\n<\/ul>\n<p><strong><u>Especificaciones mec\u00e1nicas<\/u><\/strong><\/p>\n<ul>\n<li><a>Marco de acero inoxidable<\/a><\/li>\n<li>Dimensiones: 15.8\u201d x 14.6\u201d x 15\u201d \/ 400 x 370 x 382 mm (L x A x A)<\/li>\n<li>Peso: 55 lbs \/ 25 kg<\/li>\n<\/ul>\n","protected":false},"excerpt":{"rendered":"<div class=\"paragraph\"><strong>Cumple con los requisitos de la FDA &#8211; CFR 21-11<\/strong><\/div>\n<div>\n<div class=\"wsite-image wsite-image-border-none\">\n<div><\/div>\n<\/div>\n<\/div>\n<div class=\"paragraph\">\n<p>El\u00a0<strong>Probador Autom\u00e1tico de Fugas al Vac\u00edo AMVT-1<\/strong>\u00a0de AT2E es un equipo dise\u00f1ado especialmente para probar el rendimiento de sellado de recipientes como\u00a0<a>viales, botellas, tapas y latas de vidrio, pl\u00e1stico, aluminio u otros materiales met\u00e1licos<\/a>. Su dise\u00f1o de marco de acero inoxidable cumple con los est\u00e1ndares para aplicaciones industriales.<\/p>\n<p>El instrumento se env\u00eda con software incluido, con un dise\u00f1o de interfaz de operaci\u00f3n f\u00e1cil de usar, visualizaci\u00f3n en tiempo real de la curva de datos de medici\u00f3n durante el proceso de medici\u00f3n, lo que permite un proceso de operaci\u00f3n m\u00e1s intuitivo y sencillo.<\/p>\n<\/div>\n","protected":false},"featured_media":8989,"comment_status":"open","ping_status":"closed","template":"","meta":[],"product_brand":[],"product_cat":[70],"product_tag":[],"class_list":{"0":"post-3308","1":"product","2":"type-product","3":"status-publish","4":"has-post-thumbnail","6":"product_cat-prueba-de-fugas-vacio-presion","8":"first","9":"instock","10":"shipping-taxable","11":"product-type-simple"},"_links":{"self":[{"href":"https:\/\/at2e-usa.com\/es\/wp-json\/wp\/v2\/product\/3308","targetHints":{"allow":["GET"]}}],"collection":[{"href":"https:\/\/at2e-usa.com\/es\/wp-json\/wp\/v2\/product"}],"about":[{"href":"https:\/\/at2e-usa.com\/es\/wp-json\/wp\/v2\/types\/product"}],"replies":[{"embeddable":true,"href":"https:\/\/at2e-usa.com\/es\/wp-json\/wp\/v2\/comments?post=3308"}],"version-history":[{"count":1,"href":"https:\/\/at2e-usa.com\/es\/wp-json\/wp\/v2\/product\/3308\/revisions"}],"predecessor-version":[{"id":10118,"href":"https:\/\/at2e-usa.com\/es\/wp-json\/wp\/v2\/product\/3308\/revisions\/10118"}],"wp:featuredmedia":[{"embeddable":true,"href":"https:\/\/at2e-usa.com\/es\/wp-json\/wp\/v2\/media\/8989"}],"wp:attachment":[{"href":"https:\/\/at2e-usa.com\/es\/wp-json\/wp\/v2\/media?parent=3308"}],"wp:term":[{"taxonomy":"product_brand","embeddable":true,"href":"https:\/\/at2e-usa.com\/es\/wp-json\/wp\/v2\/product_brand?post=3308"},{"taxonomy":"product_cat","embeddable":true,"href":"https:\/\/at2e-usa.com\/es\/wp-json\/wp\/v2\/product_cat?post=3308"},{"taxonomy":"product_tag","embeddable":true,"href":"https:\/\/at2e-usa.com\/es\/wp-json\/wp\/v2\/product_tag?post=3308"}],"curies":[{"name":"wp","href":"https:\/\/api.w.org\/{rel}","templated":true}]}}