{"id":3309,"date":"2023-12-02T21:51:12","date_gmt":"2023-12-03T03:51:12","guid":{"rendered":"https:\/\/at2e-usa.com\/product\/amtg-2-medidor-magnetico-de-espesor\/"},"modified":"2024-10-12T07:52:35","modified_gmt":"2024-10-12T12:52:35","slug":"amtg-2-medidor-magnetico-de-espesor","status":"publish","type":"product","link":"https:\/\/at2e-usa.com\/es\/producto\/amtg-2-medidor-magnetico-de-espesor\/","title":{"rendered":"AMTG-2 Medidor Magn\u00e9tico de Espesor"},"content":{"rendered":"<div class=\"paragraph\">\n<p>El\u00a0<strong>AMTG-2 Medidor Magn\u00e9tico de Espesor<\/strong>\u00a0es un calibrador de espesores port\u00e1til. Se utiliza para medir el espesor de materiales no magn\u00e9ticos, tales como pl\u00e1stico, vidrio, aluminio, titanio, cobre, etc. La precisi\u00f3n de la medici\u00f3n no se ve afectada por la forma de las muestras.<\/p>\n<p>Est\u00e1 dise\u00f1ado utilizando el principio del efecto Hall. Se obtiene una medici\u00f3n sencilla y precisa siguiendo los siguientes pasos:<\/p>\n<ul>\n<li>Coloque la esfera met\u00e1lica a un lado de la muestra y la sonda en el lado opuesto<\/li>\n<li>Move the sample so the probe and ball are in the desired testing position.<\/li>\n<li>The steel ball will be drawn to the probe through magnetism, automatically.<\/li>\n<li>El sensor de efecto Hall en la sonda mide la distancia entre la punta de la sonda y la bola de acero.<\/li>\n<li>La medici\u00f3n se muestra en la pantalla t\u00e1ctil.<\/li>\n<\/ul>\n<p><strong><u>Ventajas:<\/u><\/strong><\/p>\n<ul>\n<li>Non-destructive measurement.<\/li>\n<li>High resolution 7\u201d touchscreen.<\/li>\n<li>Dynamic display: measurement of value \/ graph \/ date \/ hour \/ battery life.<\/li>\n<li>Fast and accurate measurement of the thickness.<\/li>\n<li>Can obtain accurate thickness measurements in corners, small radius areas and some irregularly shaped materials.<\/li>\n<li>Displays real-time measurement value.<\/li>\n<li>and Min. mode: Automatic capture of the maximum or minimum value.<\/li>\n<li>Value difference function: Display the value difference between preset value and actual measured value.<\/li>\n<li>\u201cCYCLE\u201d function: Record Max, Min, Average value &amp; generate graph during a predefined time. \u201cDelayed start &amp; Auto-stop\u201d function frees the hands of operator and is convenient for large-size sample measuring.<\/li>\n<li>Alarm function: Programmable, warns the high or low preset value by sound or visual indicator.<\/li>\n<li>Password function enables the safety of the calibration data and measuring data.<\/li>\n<li>Memorizaci\u00f3n de 9999 medidas.<\/li>\n<\/ul>\n<p><strong><u>Especificaciones te\u0301cnicas:<\/u><\/strong><\/p>\n<ul>\n<li>Measure mode: Normal \/ High accuracy<\/li>\n<li>Display mode: Real-time \/ Minimum or Maximum<\/li>\n<li>Resolution: 0.01mmor001 mm(0.001\u2033 or 0.0001\u2033)<\/li>\n<li>Display:TFT screendisplays thereal time reading, minimum reading, alarm status and data info<\/li>\n<li>Outputs:RS-232<\/li>\n<li>Calibration:Multi-point calibration (up to 13 points)<\/li>\n<li>Power : DC 8.4V<\/li>\n<li>Battery (optional):Rechargeable lithium battery.\u00a0<em>(Full loaded working time without charging is approximately 2-3 hours)<\/em><\/li>\n<li>Units:mm \/ Inch<\/li>\n<li>Idioma: Ingles<\/li>\n<li>Dimensions (control box): 210 x 150 x 65 mm \/ 8.3\u201d x 5.9\u201d x 3.3\u201d<\/li>\n<li>Net weight:2 kg (Package weight: 5 kg)<\/li>\n<li>Measure range (by steel ball \u00d8):\n<ul>\n<li>Steel Ball \u00d8 5.00 mm \/ 0.197\u201d: 1 to 10 mm \/ 0.04 to 0.39\u201d<\/li>\n<li>Steel Ball \u00d8 4.76 mm \/ 0.187\u201d: 0 to 6.35 mm \/ 0 to 0.25\u201d<\/li>\n<li>Steel Ball \u00d8 3.18 mm \/ 0.125\u201d: 0 to 4.57 mm \/ 0 to 0.18\u201d<\/li>\n<li>Steel Ball \u00d8 1.59 mm \/ 0.063\u201d: 0 to 2.29 mm \/ 0 to 0.09\u201d<\/li>\n<li><em>(Custom made for other ranges)<\/em><\/li>\n<\/ul>\n<\/li>\n<li>Measure accuracy (by steel ball \u00d8):\n<ul>\n<li>Steel Ball \u00d8 5.00 mm \/ 0.197\u201d: 1% \u00b10.003<\/li>\n<li>Steel Ball \u00d8 4.76 mm \/ 0.187\u201d: 1% \u00b10.003<\/li>\n<li>Steel Ball \u00d8 3.18 mm \/ 0.125\u201d: 2% \u00b10.003<\/li>\n<li>Steel Ball \u00d8 1.59 mm \/ 0.063\u201d: 3% \u00b10.003<\/li>\n<li><em>(Custom made for other ranges)<\/em><\/li>\n<\/ul>\n<\/li>\n<\/ul>\n<p><strong><u>Standard configuration:<\/u><\/strong><\/p>\n<ul>\n<li>Standard probe with cable and stand<\/li>\n<li>User manual<\/li>\n<li>Foot switch<\/li>\n<li>Power Charger<\/li>\n<li>Portable case<\/li>\n<li><strong><em><u>AMTG-2 0-4 mm and 0-6 mm ranges<\/u><\/em><\/strong><em>:<\/em>\n<ul>\n<li>3 packs of steel balls: 1.<em>59 mm \u00d8, 3.18 mm \u00d8 and 4.76 mm \u00d8 steel balls<\/em><\/li>\n<li>3 ball supports for the following \u00d8s: 1.<em>59 mm \u00d8, 3.18 mm \u00d8 and 4.76 mm \u00d8<\/em><\/li>\n<\/ul>\n<\/li>\n<li><strong><em><u>AMTG-2 0-4 mm and 0-6 mm ranges<\/u><\/em><\/strong><em>:<\/em>\n<ul>\n<li>3 packs of steel balls: 3.<em>18 mm \u00d8, 4.76 mm \u00d8 and 5.00 mm \u00d8 steel balls<\/em><\/li>\n<li>3 ball supports for the following \u00d8s: 3.<em>18 mm \u00d8, 4.76 mm \u00d8 and 5.00 mm \u00d8 ball supports<\/em><\/li>\n<\/ul>\n<\/li>\n<\/ul>\n<p><strong><u>Elementos opcionales:<\/u><\/strong><\/p>\n<ul>\n<li>Battery pack for up to 2-3 hours work disconnected from power.<\/li>\n<li>QUALIMESURE software<\/li>\n<li>Paquete de calibraci\u00f3n<\/li>\n<\/ul>\n<\/div>\n","protected":false},"excerpt":{"rendered":"<div class=\"paragraph\"><strong>Probador port\u00e1til de espesor magn\u00e9tico port\u00e1til<\/strong><\/div>\n<div><\/div>\n<div>\n<div class=\"wsite-image wsite-image-border-none\">\n<div>El AMTG-2 con varias posibles muestras de prueba<\/div>\n<\/div>\n<\/div>\n<div><\/div>\n<div class=\"paragraph translation-block\">El\u00a0<strong>AMTG-2<\/strong>\u00a0es un calibrador de espesores port\u00e1til. Se utiliza para medir el espesor de materiales no magn\u00e9ticos, tales como pl\u00e1stico, vidrio, aluminio, titanio, cobre, etc. La precisi\u00f3n de la medici\u00f3n no se ve afectada por la forma de las muestras.<\/div>\n","protected":false},"featured_media":2970,"comment_status":"open","ping_status":"closed","template":"","meta":[],"product_brand":[],"product_cat":[69,71,66,72],"product_tag":[],"class_list":{"0":"post-3309","1":"product","2":"type-product","3":"status-publish","4":"has-post-thumbnail","6":"product_cat-botella-de-vidrio","7":"product_cat-botellas-de-plastico-pet","8":"product_cat-dimensional-es","9":"product_cat-preforma-pet","11":"first","12":"instock","13":"shipping-taxable","14":"product-type-simple"},"_links":{"self":[{"href":"https:\/\/at2e-usa.com\/es\/wp-json\/wp\/v2\/product\/3309","targetHints":{"allow":["GET"]}}],"collection":[{"href":"https:\/\/at2e-usa.com\/es\/wp-json\/wp\/v2\/product"}],"about":[{"href":"https:\/\/at2e-usa.com\/es\/wp-json\/wp\/v2\/types\/product"}],"replies":[{"embeddable":true,"href":"https:\/\/at2e-usa.com\/es\/wp-json\/wp\/v2\/comments?post=3309"}],"version-history":[{"count":1,"href":"https:\/\/at2e-usa.com\/es\/wp-json\/wp\/v2\/product\/3309\/revisions"}],"predecessor-version":[{"id":10119,"href":"https:\/\/at2e-usa.com\/es\/wp-json\/wp\/v2\/product\/3309\/revisions\/10119"}],"wp:featuredmedia":[{"embeddable":true,"href":"https:\/\/at2e-usa.com\/es\/wp-json\/wp\/v2\/media\/2970"}],"wp:attachment":[{"href":"https:\/\/at2e-usa.com\/es\/wp-json\/wp\/v2\/media?parent=3309"}],"wp:term":[{"taxonomy":"product_brand","embeddable":true,"href":"https:\/\/at2e-usa.com\/es\/wp-json\/wp\/v2\/product_brand?post=3309"},{"taxonomy":"product_cat","embeddable":true,"href":"https:\/\/at2e-usa.com\/es\/wp-json\/wp\/v2\/product_cat?post=3309"},{"taxonomy":"product_tag","embeddable":true,"href":"https:\/\/at2e-usa.com\/es\/wp-json\/wp\/v2\/product_tag?post=3309"}],"curies":[{"name":"wp","href":"https:\/\/api.w.org\/{rel}","templated":true}]}}