{"id":3310,"date":"2023-12-02T21:48:11","date_gmt":"2023-12-03T03:48:11","guid":{"rendered":"https:\/\/at2e-usa.com\/product\/probador-de-par-automatizado-en-linea-adatmv5-s\/"},"modified":"2024-10-12T08:21:12","modified_gmt":"2024-10-12T13:21:12","slug":"probador-de-par-automatizado-en-linea-adatmv5-s","status":"publish","type":"product","link":"https:\/\/at2e-usa.com\/es\/producto\/probador-de-par-automatizado-en-linea-adatmv5-s\/","title":{"rendered":"Probador de par automatizado en l\u00ednea ADATMV5-S"},"content":{"rendered":"<p>Se encuentran disponibles ciclos y visualizaci\u00f3n de pantalla personalizados, de manera flexible para diferentes requisitos de control.<\/p>\n<p><strong><u>Especificaciones t\u00e9cnicas:<\/u><\/strong><\/p>\n<ul>\n<li><strong><em>CFR21-11\/FDA compatible con el uso de software<\/em><br \/>\n<\/strong><\/li>\n<li>Controlador de par de operador gratuito (en l\u00ednea)<\/li>\n<li>Control de pantalla t\u00e1ctil<\/li>\n<li>Mide las direcciones de apertura y cierre<\/li>\n<li>Rango de medici\u00f3n:\u00a0 00,00 a 99,00 Kgf.cm<\/li>\n<li>5 ciclos de medici\u00f3n:\n<ul>\n<li><strong>Par de cierre<\/strong><\/li>\n<li><strong>Alcanzar la posici\u00f3n<\/strong><\/li>\n<li><strong>Liberaci\u00f3n + descanso<\/strong><\/li>\n<li><strong>Soltar + romper + sobretornillo<\/strong><\/li>\n<li><strong>Prueba no destructiva<\/strong><\/li>\n<li><em>(m\u00e1s pruebas bajo petici\u00f3n)<\/em><\/li>\n<\/ul>\n<\/li>\n<li>Unidades: Kgf.cm \/ Pulgada.lbs \/ N.cm \/ N.m<\/li>\n<li>\u00c1ngulo de rotaci\u00f3n y \u00e1ngulo velocidad ajustable bajo cierto ciclo<\/li>\n<li>Precisi\u00f3n: \u00b1 0,5 % de la escala completa<\/li>\n<li>Memoria de 30 productos<\/li>\n<li>Opci\u00f3n de 30 umbrales (l\u00edmites)<\/li>\n<li>Memoria de 10 operadores<\/li>\n<li>Configuraci\u00f3n mediante contrase\u00f1a protegida (administrador)<\/li>\n<li>Memoria hasta 1000 compases<\/li>\n<li>Visualizaci\u00f3n din\u00e1mica: estad\u00edsticas\/hora\/fecha<\/li>\n<li>Visualizaci\u00f3n: nombre del producto \/ operador \/ N\u00b0 de lote \/ N\u00b0 de l\u00ednea<\/li>\n<li>Selector f\u00e1cil-r\u00e1pido para ciclos<\/li>\n<li>Ciclos personalizados<\/li>\n<li>Mandril neum\u00e1tico especial disponible<\/li>\n<li><a>Modo autom\u00e1tico especial con n\u00famero de cabezal: almacenamiento de relleno<\/a><\/li>\n<li>Sistema especial multiformato tanto para botella como para preforma<\/li>\n<li>Sistema dinamom\u00e9trico<\/li>\n<li>Modo autom\u00e1tico (<strong><em>Sistema de detecci\u00f3n de arranque y parada autom\u00e1tico<\/em><\/strong><em>\u00a0es necesario equiparlo;\u00a0<\/em>opcional<em>)<\/em>&lt;\/ li&gt;<\/li>\n<li>Control del \u00e1ngulo de aplicaci\u00f3n (es necesario confirmar la marca de \u00edndice de la tapa y la botella, opcional)<\/li>\n<li>Control de pesaje legal (opcional)<\/li>\n<li>Prueba de sellado seguro adecuada (control autom\u00e1tico del punto de burbuja (opcional)<\/li>\n<li>1 salida RS232 y 1 salida de impresora (software e impresora)<\/li>\n<li>Idioma: ingl\u00e9s \/ franc\u00e9s \/ chino<\/li>\n<li>Se entrega con certificado de calibraci\u00f3n de acuerdo con ASTM\/ NIST\/COFRAC\/ DKD ENAC \/ UKAS<\/li>\n<li>CA 110 V o 220 V<\/li>\n<\/ul>\n<div>\n<p><strong><u>Parte automatizada:<\/u><\/strong><\/p>\n<ul>\n<li>Puerta de seguridad<\/li>\n<li>Cero autom\u00e1tico antes de reiniciar el ciclo<\/li>\n<li>Altura de columna configurable para todas las muestras<\/li>\n<\/ul>\n<p><strong><u>Especificaciones mec\u00e1nicas:<\/u><\/strong><\/p>\n<ul>\n<li>Estructura de acero inoxidable<\/li>\n<li>Elecci\u00f3n de mandriles medidores: Bebidas \/ Cosm\u00e9tica \/ Farmacia<\/li>\n<li>Dimensiones: 42,4\u201d x 23,3\u201d x 54,8\u201d \/ 1075 x 590 x 1390 mm (largo x ancho x alto)<\/li>\n<li>Peso: 265 libras\/120 kg<\/li>\n<\/ul>\n<\/div>\n<div>\n<p>\u200b\u00a0<strong><u>Piezas opcionales:<\/u><\/strong><\/p>\n<ul>\n<li>Miniimpresora<\/li>\n<li>Software QUALITORQ<\/li>\n<li>Pantalla y pantalla personalizadas ciclos<\/li>\n<li>Paquete de calibraci\u00f3n<\/li>\n<li>Sistema dinamom\u00e9trico<\/li>\n<li>Sistema de detecci\u00f3n autom\u00e1tica de arranque y parada<\/li>\n<li>Espaciadores para otros tama\u00f1os de muestra<\/li>\n<li>Sistema de prueba autom\u00e1tico de punto de burbuja<\/li>\n<li>Sistema de doble pantalla para operaci\u00f3n remota y control. Monitoreo<\/li>\n<li>Sistema de ponderaci\u00f3n integrado<\/li>\n<\/ul>\n<\/div>\n","protected":false},"excerpt":{"rendered":"<div class=\"paragraph\"><strong><span style=\"font-size: large;\"><em>Cumple con los requisitos FDA &#8211; CFR 21-11<\/em><\/span><\/strong><\/div>\n<div>\n<div class=\"wsite-image wsite-image-border-none\">\n<div><\/div>\n<\/div>\n<\/div>\n<div class=\"paragraph\">El sistema de control de calidad <strong>ADATMV5-S en l\u00ednea de par automatizado de AT2E<\/strong> ha sido dise\u00f1ado para conectarse a las l\u00edneas de producci\u00f3n y llevar a cabo el control autom\u00e1tico del par, proporcionando datos de medici\u00f3n para inspecci\u00f3n instant\u00e1nea en la l\u00ednea de producci\u00f3n. El sistema se desarroll\u00f3 en base a la experiencia de AT2E en control de par acumulada durante 30 a\u00f1os, con el objetivo de eliminar los factores de influencia de los operadores para proporcionar datos de par \u00f3ptimos, precisos y con resultados confiables y una mejor reproducibilidad.Adem\u00e1s de la medici\u00f3n regular del par, el ADATMV5-S puede realizar inspecciones no destructivas que no son posibles de lograr mediante inspecci\u00f3n manual. Con la inspecci\u00f3n no destructiva, la integridad del sello del producto se mantiene intacta y no hay riesgo de contaminaci\u00f3n microbiana.<\/p>\n<p>El sistema tambi\u00e9n se puede instalar en un laboratorio como un sistema de control de par semiautom\u00e1tico con instalaci\u00f3n manual de muestras.<\/p>\n<\/div>\n","protected":false},"featured_media":9091,"comment_status":"open","ping_status":"closed","template":"","meta":[],"product_brand":[],"product_cat":[74],"product_tag":[],"class_list":{"0":"post-3310","1":"product","2":"type-product","3":"status-publish","4":"has-post-thumbnail","6":"product_cat-torque-es","8":"first","9":"instock","10":"shipping-taxable","11":"product-type-simple"},"_links":{"self":[{"href":"https:\/\/at2e-usa.com\/es\/wp-json\/wp\/v2\/product\/3310","targetHints":{"allow":["GET"]}}],"collection":[{"href":"https:\/\/at2e-usa.com\/es\/wp-json\/wp\/v2\/product"}],"about":[{"href":"https:\/\/at2e-usa.com\/es\/wp-json\/wp\/v2\/types\/product"}],"replies":[{"embeddable":true,"href":"https:\/\/at2e-usa.com\/es\/wp-json\/wp\/v2\/comments?post=3310"}],"version-history":[{"count":1,"href":"https:\/\/at2e-usa.com\/es\/wp-json\/wp\/v2\/product\/3310\/revisions"}],"predecessor-version":[{"id":10120,"href":"https:\/\/at2e-usa.com\/es\/wp-json\/wp\/v2\/product\/3310\/revisions\/10120"}],"wp:featuredmedia":[{"embeddable":true,"href":"https:\/\/at2e-usa.com\/es\/wp-json\/wp\/v2\/media\/9091"}],"wp:attachment":[{"href":"https:\/\/at2e-usa.com\/es\/wp-json\/wp\/v2\/media?parent=3310"}],"wp:term":[{"taxonomy":"product_brand","embeddable":true,"href":"https:\/\/at2e-usa.com\/es\/wp-json\/wp\/v2\/product_brand?post=3310"},{"taxonomy":"product_cat","embeddable":true,"href":"https:\/\/at2e-usa.com\/es\/wp-json\/wp\/v2\/product_cat?post=3310"},{"taxonomy":"product_tag","embeddable":true,"href":"https:\/\/at2e-usa.com\/es\/wp-json\/wp\/v2\/product_tag?post=3310"}],"curies":[{"name":"wp","href":"https:\/\/api.w.org\/{rel}","templated":true}]}}