{"id":3311,"date":"2023-12-02T21:45:39","date_gmt":"2023-12-03T03:45:39","guid":{"rendered":"https:\/\/at2e-usa.com\/product\/adatmv5-torquimetro-automatizado\/"},"modified":"2024-10-12T08:21:40","modified_gmt":"2024-10-12T13:21:40","slug":"adatmv5-torquimetro-automatizado","status":"publish","type":"product","link":"https:\/\/at2e-usa.com\/es\/producto\/adatmv5-torquimetro-automatizado\/","title":{"rendered":"ADATMV5 &#8211; Torqu\u00edmetro Automatizado"},"content":{"rendered":"<p class=\" translation-block\"><strong><u>Especificaciones t\u00e9cnicas:<\/u><\/strong><br \/>\n\u00b7 Operaci\u00f3n por pantalla t\u00e1ctil<br \/>\n\u00b7 Medici\u00f3n en apertura y cierre<br \/>\n\u00b7 Rango de medici\u00f3n: 0.00 a 99.00 Kgf.cm<br \/>\n\u00b7 6 ciclos de medici\u00f3n:\u00a0<strong>\u00a0Cierre \/ Punto cero \/ Liberaci\u00f3n + rotura \/ Liberaci\u00f3n + rotura + sobre torque \/ Ensayo no destructivo \/ Ensayo para corcho<\/strong><br \/>\n\u00b7 Unidades: Kgf.cm \/ pulgada. Lbs \/ N.m<br \/>\n\u00b7 Angulo de rotaci\u00f3n y velocidad ajustable en algunos ciclos<br \/>\n\u00b7 Precisi\u00f3n: 0,5 % del alcance m\u00e1ximo<br \/>\n\u00b7 Memoria para 30 productos<br \/>\n\u00b7 10 niveles de umbral por producto<br \/>\n\u00b7 Memoria para 10 nombres de operadores<br \/>\n\u00b7 Modo de configuraci\u00f3n protegido por contrase\u00f1a<br \/>\n\u00b7 Almacena y transfiere a PC hasta 9999 medidas<br \/>\n\u00b7 Pantalla din\u00e1mica: estad\u00edstica \/ hora \/ fecha<br \/>\n\u00b7 Pantalla: nombre del producto \/ operador \/ n\u00famero de lote \/ n\u00famero de l\u00ednea<br \/>\n\u00b7 2 salidas: RS232 y mini USB para PC y Mini impresora<br \/>\n\u00b7 Idioma: Ingl\u00e9s<br \/>\n\u00b7 Entregado con el certificado de calibraci\u00f3n COFRAC<br \/>\n\u00b7 110\/230 V \u2013 50\/60 Hz<\/p>\n<p class=\" translation-block\"><strong><u>Automatizaci\u00f3n en:<\/u><\/strong><br \/>\n\u00b7 Puerta de seguridad<br \/>\n\u00b7 Cero autom\u00e1tico al inicio del ciclo<br \/>\n\u00b7 Regulaci\u00f3n de altura de columna en cada muestra<br \/>\n\u00b7 Selector de ciclos f\u00e1cil y r\u00e1pido<br \/>\n\u00b7 Regulaci\u00f3n de velocidad para roscado y desenroscado<br \/>\n\u00b7 Personalizaci\u00f3n de ciclos<br \/>\n\u00b7 Disponibilidad de mandril autom\u00e1tico<br \/>\n\u00b7 Sistema multi formato para botellas y preformas<br \/>\n\u00b7 Sistema dinamom\u00e9trico<\/p>\n<p class=\" translation-block\"><strong><u>Especificaciones Mec\u00e1nicas:<\/u><\/strong><br \/>\n\u00b7 Carcasa en acero inoxidable<br \/>\n\u00b7 Mandril elegible: Bebidas \/ cosm\u00e9tico \/ farmac\u00e9utico<br \/>\n\u00b7 Dimensiones : 610 x 570 x 1080 mm<br \/>\n\u00b7 Peso : 94 Kg.<\/p>\n<p class=\" translation-block\"><strong><u>Accesorios Opcionales:<\/u><\/strong><br \/>\n\u00b7 Mini impresora<br \/>\n\u00b7 QUALITORQ Software<br \/>\n\u00b7 Personalizaci\u00f3n de ciclos y pantalla<br \/>\n\u00b7 Kit de calibraci\u00f3n<br \/>\n\u00b7 Sistema dinamom\u00e9trico.<\/p>\n","protected":false},"excerpt":{"rendered":"<p>El comprobador de torque de botella fuera de l\u00ednea m\u00e1s avanzado y eficiente de AT2E. Con una elegante pantalla t\u00e1ctil para facilitar la entrada de par\u00e1metros, la m\u00e1quina elimina todos los errores de medici\u00f3n inducidos por el operador. Es capaz de almacenar m\u00faltiples par\u00e1metros de prueba personalizados, todos los cuales son f\u00e1cilmente accesibles a trav\u00e9s de la amigable interfaz de usuario.<\/p>\n","protected":false},"featured_media":9096,"comment_status":"open","ping_status":"closed","template":"","meta":[],"product_brand":[],"product_cat":[74],"product_tag":[],"class_list":{"0":"post-3311","1":"product","2":"type-product","3":"status-publish","4":"has-post-thumbnail","6":"product_cat-torque-es","8":"first","9":"instock","10":"shipping-taxable","11":"product-type-simple"},"_links":{"self":[{"href":"https:\/\/at2e-usa.com\/es\/wp-json\/wp\/v2\/product\/3311","targetHints":{"allow":["GET"]}}],"collection":[{"href":"https:\/\/at2e-usa.com\/es\/wp-json\/wp\/v2\/product"}],"about":[{"href":"https:\/\/at2e-usa.com\/es\/wp-json\/wp\/v2\/types\/product"}],"replies":[{"embeddable":true,"href":"https:\/\/at2e-usa.com\/es\/wp-json\/wp\/v2\/comments?post=3311"}],"version-history":[{"count":1,"href":"https:\/\/at2e-usa.com\/es\/wp-json\/wp\/v2\/product\/3311\/revisions"}],"predecessor-version":[{"id":10121,"href":"https:\/\/at2e-usa.com\/es\/wp-json\/wp\/v2\/product\/3311\/revisions\/10121"}],"wp:featuredmedia":[{"embeddable":true,"href":"https:\/\/at2e-usa.com\/es\/wp-json\/wp\/v2\/media\/9096"}],"wp:attachment":[{"href":"https:\/\/at2e-usa.com\/es\/wp-json\/wp\/v2\/media?parent=3311"}],"wp:term":[{"taxonomy":"product_brand","embeddable":true,"href":"https:\/\/at2e-usa.com\/es\/wp-json\/wp\/v2\/product_brand?post=3311"},{"taxonomy":"product_cat","embeddable":true,"href":"https:\/\/at2e-usa.com\/es\/wp-json\/wp\/v2\/product_cat?post=3311"},{"taxonomy":"product_tag","embeddable":true,"href":"https:\/\/at2e-usa.com\/es\/wp-json\/wp\/v2\/product_tag?post=3311"}],"curies":[{"name":"wp","href":"https:\/\/api.w.org\/{rel}","templated":true}]}}