{"id":3312,"date":"2023-12-02T21:42:18","date_gmt":"2023-12-03T03:42:18","guid":{"rendered":"https:\/\/at2e-usa.com\/product\/adatmv-eco-torquimetro-semi-automatico\/"},"modified":"2024-10-12T08:22:29","modified_gmt":"2024-10-12T13:22:29","slug":"adatmv-eco-torquimetro-semi-automatico","status":"publish","type":"product","link":"https:\/\/at2e-usa.com\/es\/producto\/adatmv-eco-torquimetro-semi-automatico\/","title":{"rendered":"ADATMV-ECO &#8211; Torqu\u00edmetro Semi-Autom\u00e1tico"},"content":{"rendered":"<p><strong><u>Especificaciones te\u0301cnicas:<\/u><\/strong><br \/>\n\u00b7 Operaci\u00f3n por pantalla t\u00e1ctil<br \/>\n\u00b7 Medici\u00f3n en apertura y cierre.<br \/>\n\u00b7 Rango de medici\u00f3n: 0.00 a 99.00 Kgf.cm<br \/>\n\u00b7 3 ciclos de medici\u00f3n (lectura constante, apertura o cierre, remoci\u00f3n + ruptura).<br \/>\n\u00b7 Unidades: Kgf.cm \/ Pulgada. Lbs \/ daN.cm \/ N.m \/ N.cm<br \/>\n\u00b7 Velocidad de rotaci\u00f3n ajustable<br \/>\n\u00b7 Precisi\u00f3n: \u00b1 0,5 % del alcance m\u00e1ximo<br \/>\n\u00b7 Memoria para 30 productos<br \/>\n\u00b7 10 niveles de umbral por producto<br \/>\n\u00b7 Memoria para 10 nombres de operadores<br \/>\n\u00b7 Modo de configuraci\u00f3n protegido por contrase\u00f1a<br \/>\n\u00b7 Almacena y transfiere a PC hasta 990 medidas<br \/>\n\u00b7 Pantalla din\u00e1mica: estad\u00edstica \/ hora \/ fecha<br \/>\n\u00b7 Pantalla: nombre del producto \/ operador \/ n\u00famero de lote \/ n\u00famero de l\u00ednea<br \/>\n\u00b7 2 salidas: RS232 y mini USB para PC y Mini impresora<br \/>\n\u00b7 Idioma: ingl\u00e9s<br \/>\n\u00b7 Entregado con el certificado de calibraci\u00f3n COFRAC<br \/>\n\u00b7 110 \/ 230 V \u2013 50\/60 Hz<\/p>\n<p><strong><u>Automatizaci\u00f3n en:<\/u><\/strong><br \/>\n\u00b7 Cero autom\u00e1tico al inicio de ciclo<br \/>\n\u00b7 Regulaci\u00f3n de altura de columna en cada muestra<br \/>\n\u00b7 Selector de ciclos f\u00e1cil y r\u00e1pido<br \/>\n\u00b7 Regulaci\u00f3n de velocidad para roscado y desenroscado.<\/p>\n<p><strong><u>Especificaciones Mec\u00e1nicas:<\/u><\/strong><br \/>\n\u00b7 Carcaza en acero inoxidable<br \/>\n\u00b7 Elecci\u00f3n de mordaza (al cuerpo o cuello)<br \/>\n\u00b7 Dimensiones: 350 x 590 x 950 mm<br \/>\n\u00b7 Peso: 50 kg<\/p>\n<p><strong><u>Accesorios opcionales:<\/u><\/strong><br \/>\n\u00b7 Mini impresora<br \/>\n\u00b7 QUALITORQ Software<br \/>\n\u00b7 Kit de calibraci\u00f3n<br \/>\n\u00b7 Sistema dinamom\u00e9trico<\/p>\n","protected":false},"excerpt":{"rendered":"<p>Un probador de torque de tapa de botella avanzado que funciona de forma semiautom\u00e1tica para tomar medidas con eficiencia y precisi\u00f3n. La pantalla t\u00e1ctil le permite al operador cambiar r\u00e1pidamente los par\u00e1metros y ofrece la operaci\u00f3n manos libres, a diferencia de una llave dinamom\u00e9trica, eliminando toda influencia del operador en la lectura.<\/p>\n","protected":false},"featured_media":9098,"comment_status":"open","ping_status":"closed","template":"","meta":[],"product_brand":[],"product_cat":[74],"product_tag":[],"class_list":{"0":"post-3312","1":"product","2":"type-product","3":"status-publish","4":"has-post-thumbnail","6":"product_cat-torque-es","8":"first","9":"instock","10":"shipping-taxable","11":"product-type-simple"},"_links":{"self":[{"href":"https:\/\/at2e-usa.com\/es\/wp-json\/wp\/v2\/product\/3312","targetHints":{"allow":["GET"]}}],"collection":[{"href":"https:\/\/at2e-usa.com\/es\/wp-json\/wp\/v2\/product"}],"about":[{"href":"https:\/\/at2e-usa.com\/es\/wp-json\/wp\/v2\/types\/product"}],"replies":[{"embeddable":true,"href":"https:\/\/at2e-usa.com\/es\/wp-json\/wp\/v2\/comments?post=3312"}],"version-history":[{"count":1,"href":"https:\/\/at2e-usa.com\/es\/wp-json\/wp\/v2\/product\/3312\/revisions"}],"predecessor-version":[{"id":10122,"href":"https:\/\/at2e-usa.com\/es\/wp-json\/wp\/v2\/product\/3312\/revisions\/10122"}],"wp:featuredmedia":[{"embeddable":true,"href":"https:\/\/at2e-usa.com\/es\/wp-json\/wp\/v2\/media\/9098"}],"wp:attachment":[{"href":"https:\/\/at2e-usa.com\/es\/wp-json\/wp\/v2\/media?parent=3312"}],"wp:term":[{"taxonomy":"product_brand","embeddable":true,"href":"https:\/\/at2e-usa.com\/es\/wp-json\/wp\/v2\/product_brand?post=3312"},{"taxonomy":"product_cat","embeddable":true,"href":"https:\/\/at2e-usa.com\/es\/wp-json\/wp\/v2\/product_cat?post=3312"},{"taxonomy":"product_tag","embeddable":true,"href":"https:\/\/at2e-usa.com\/es\/wp-json\/wp\/v2\/product_tag?post=3312"}],"curies":[{"name":"wp","href":"https:\/\/api.w.org\/{rel}","templated":true}]}}