{"id":3313,"date":"2023-12-02T21:39:58","date_gmt":"2023-12-03T03:39:58","guid":{"rendered":"https:\/\/at2e-usa.com\/product\/adaits-probador-integrado-automatizado-en-linea-para-bebidas-embotelladas\/"},"modified":"2024-10-12T08:22:53","modified_gmt":"2024-10-12T13:22:53","slug":"adaits-probador-integrado-automatizado-en-linea-para-bebidas-embotelladas","status":"publish","type":"product","link":"https:\/\/at2e-usa.com\/es\/producto\/adaits-probador-integrado-automatizado-en-linea-para-bebidas-embotelladas\/","title":{"rendered":"ADAITS | Probador Integrado Automatizado en l\u00ednea para bebidas embotelladas"},"content":{"rendered":"<p>El sistema <strong>ADAITS<\/strong> consta de varios m\u00f3dulos de prueba diferentes que se pueden integrar para probar el torque, el peso, el \u00e1ngulo de aplicaci\u00f3n, el rendimiento seguro del sello, la presi\u00f3n interna, la carga superior, etc. Los m\u00f3dulos de prueba se pueden agregar y combinar como necesario seg\u00fan los requisitos de la prueba. Las pruebas completamente autom\u00e1ticas proporcionan datos para un an\u00e1lisis instant\u00e1neo y todo el proceso de prueba est\u00e1 libre de intervenci\u00f3n humana, lo que elimina la influencia del operador y proporciona resultados precisos y reproducibles.<\/p>\n<p>El sistema puede instalarse en la l\u00ednea de producci\u00f3n con muestreo autom\u00e1tico o instalarse en el laboratorio como un sistema de control de calidad semiautom\u00e1tico, proporcionando soluciones flexibles para la gesti\u00f3n del control de calidad.<\/p>\n<p>&nbsp;<\/p>\n<div>\n<p><strong><u>Caracter\u00edsticas:<\/u><\/strong><\/p>\n<ul>\n<li>Estructura de acero inoxidable con dise\u00f1o de puerta de seguridad<\/li>\n<li>Pruebas en l\u00ednea, proceso de prueba desatendido, cancela todos los factores de influencia de los operadores durante el proceso de prueba, reproducibilidad mucho mayor<\/li>\n<li>Sistema de servocontrol y detecci\u00f3n autom\u00e1tica de muestras con PLC y control de pantalla t\u00e1ctil<\/li>\n<li>Pantallas de operaci\u00f3n personalizadas y m\u00faltiples ciclos de prueba<\/li>\n<li>Dise\u00f1o compatible con inserciones y abrazaderas que se adaptan a botellas de cambio r\u00e1pido para una variedad de diferentes tipos de botellas<\/li>\n<li>Autodefina hasta 30 informaci\u00f3n de producto, 30 grupos de umbrales (l\u00edmites) y 10 informaci\u00f3n de operadores. La informaci\u00f3n de la prueba se muestra en la pantalla, como el ciclo de prueba\/informaci\u00f3n del producto\/operador\/N\u00b0 de lote\/N\u00b0 de muestra, etc.<\/li>\n<li>Configuraci\u00f3n por contrase\u00f1a (administrador)<\/li>\n<li>Grabaci\u00f3n autom\u00e1tica de datos de medici\u00f3n durante el proceso de prueba (hasta 1000 grupos de registros), env\u00edo de datos o registros en tiempo real.<\/li>\n<li>Salida RS232C para impresora o sistema de adquisici\u00f3n de datos o software de gesti\u00f3n de datos AT2E. El software tiene funciones de an\u00e1lisis y estad\u00edsticas de datos, puede generar gr\u00e1ficos e informes especiales. El software cumple con CFR21-11 \/ FDA<\/li>\n<li>Idiomas: Ingl\u00e9s \/ Franc\u00e9s \/ Chino<\/li>\n<li>Modo autom\u00e1tico especial con n\u00famero de cabezal: almacenamiento de relleno<\/li>\n<li>Tres alertas de alarma diferentes: timbre, luz indicadora y alertas de texto en pantalla para notificar al operador en primer lugar en caso de cualquier situaci\u00f3n anormal<\/li>\n<\/ul>\n<\/div>\n<div>\n<p><strong><u>M\u00f3dulos de prueba opcionales:<\/u><\/strong><\/p>\n<ul>\n<li>M\u00f3dulo de prueba de torque (la prueba no destructiva preserva la banda a prueba de manipulaciones)<\/li>\n<li>M\u00f3dulo de control de pesaje<\/li>\n<li>M\u00f3dulo de control del \u00e1ngulo de aplicaci\u00f3n<\/li>\n<li>M\u00f3dulo de control de presi\u00f3n interna<\/li>\n<li>M\u00f3dulo de control del rendimiento del sello seguro<\/li>\n<li>M\u00f3dulo de control de rendimiento de carga superior<\/li>\n<li>Otros m\u00f3dulos de control personalizados<\/li>\n<\/ul>\n<p><strong><u>Especificaciones t\u00e9cnicas (M\u00f3dulos de Prueba):<\/u><\/strong><\/p>\n<ul>\n<li><strong><em>Control de par:<\/em><\/strong>\n<ul>\n<li>Rango de medidas: 00.00\u00a0 a 99.00 Kgf.cm<\/li>\n<li>Precisi\u00f3n: \u00b10,5% FS<\/li>\n<li>Resoluci\u00f3n: 0,01 kgf.cm<\/li>\n<li>Unidades: Kgf.cm \/ Pulgada.lbs \/ N.cm \/ N.m<\/li>\n<\/ul>\n<\/li>\n<li><strong><em>Control de pesaje:<\/em><\/strong>\n<ul>\n<li>Rango: 0 a 4000 g<\/li>\n<li>Resoluci\u00f3n: 0,1 g<\/li>\n<li>Unidad: g<\/li>\n<\/ul>\n<\/li>\n<li><strong><em>Medici\u00f3n del \u00e1ngulo de aplicaci\u00f3n:<\/em><\/strong>\n<ul>\n<li>Rango de medida: 0 &#8211; 360\u00b0<\/li>\n<li>Resoluci\u00f3n: 1\u00b0<\/li>\n<\/ul>\n<\/li>\n<li><strong><em>Control de presi\u00f3n interna (sujeto a m\u00f3dulos integrados):<\/em><\/strong>\n<ul>\n<li>Rango de medida:\n<ul>\n<li>Independiente: 0 a 6,00 bar<\/li>\n<li>Integrado: 0 a 16,00 bar<\/li>\n<\/ul>\n<\/li>\n<li>Precisi\u00f3n:\n<ul>\n<li>Independiente: \u00b10,05 bar<\/li>\n<li>Integrado: \u00b10,5% FS<\/li>\n<\/ul>\n<\/li>\n<li>Resoluci\u00f3n: 0,01 bar<\/li>\n<li>Unidad: barra<\/li>\n<\/ul>\n<\/li>\n<li><strong><em>Control seguro del rendimiento del sello:<\/em><\/strong>\n<ul>\n<li>Rango de medida: 0 a 16 bar<\/li>\n<li>Resoluci\u00f3n: 0,01 bares<\/li>\n<li>Precisi\u00f3n: \u00b10,5% FS<\/li>\n<\/ul>\n<\/li>\n<li><strong><em>Control de carga superior:<\/em><\/strong>\n<ul>\n<li>Rango de medida: 0-1500 N (otros rangos bajo pedido\/demanda)<\/li>\n<li>Resoluci\u00f3n: 1 N<\/li>\n<li>Precisi\u00f3n: \u00b10,5% FS<\/li>\n<\/ul>\n<\/li>\n<\/ul>\n<p><strong><u>Especificaciones t\u00e9cnicas (Generales):<\/u><\/strong><\/p>\n<ul>\n<li>Recorrido de la columna: 240 mm (otro bajo pedido\/demanda)<\/li>\n<li>Velocidad de la columna: 5 &#8211; 20 mm\/s (otros rangos bajo pedido\/demanda)<\/li>\n<li>Velocidad de la rueda estrella: 0,1 &#8211; 4 rpm (otros rangos bajo pedido\/demanda)<\/li>\n<li>Velocidad de rotaci\u00f3n del cabezal de medici\u00f3n: 0,01 &#8211; 10 rpm (otros rangos bajo pedido\/demanda)<\/li>\n<li>Suministro de aire: 5 &#8211; 8 bar (seg\u00fan los m\u00f3dulos integrados, m\u00e1x. 16 bar)<\/li>\n<li>Fuente de alimentaci\u00f3n: 110 V 60 Hz o 220 V 50 Hz<\/li>\n<li>Potencia nominal: 1800W<\/li>\n<li>Salida: puerto serie RS232 est\u00e1ndar, para PC o impresora<\/li>\n<\/ul>\n<\/div>\n","protected":false},"excerpt":{"rendered":"<p>El <strong>probador integrado automatizado en l\u00ednea ADITS para bebidas embotelladas<\/strong> de AT2E es un sistema de control de calidad totalmente autom\u00e1tico desarrollado especialmente para bebidas embotelladas. ADAITS es la culminaci\u00f3n de m\u00e1s de 35 a\u00f1os de experiencia en pruebas de torque en l\u00edneas de producci\u00f3n, respondiendo a los requisitos cada vez mayores de nuestros clientes.<\/p>\n","protected":false},"featured_media":2864,"comment_status":"open","ping_status":"closed","template":"","meta":[],"product_brand":[],"product_cat":[69,71,68,61,70,74],"product_tag":[],"class_list":{"0":"post-3313","1":"product","2":"type-product","3":"status-publish","4":"has-post-thumbnail","6":"product_cat-botella-de-vidrio","7":"product_cat-botellas-de-plastico-pet","8":"product_cat-fuerza-compresion","9":"product_cat-probador-automatizado-integrado","10":"product_cat-prueba-de-fugas-vacio-presion","11":"product_cat-torque-es","13":"first","14":"instock","15":"shipping-taxable","16":"product-type-simple"},"_links":{"self":[{"href":"https:\/\/at2e-usa.com\/es\/wp-json\/wp\/v2\/product\/3313","targetHints":{"allow":["GET"]}}],"collection":[{"href":"https:\/\/at2e-usa.com\/es\/wp-json\/wp\/v2\/product"}],"about":[{"href":"https:\/\/at2e-usa.com\/es\/wp-json\/wp\/v2\/types\/product"}],"replies":[{"embeddable":true,"href":"https:\/\/at2e-usa.com\/es\/wp-json\/wp\/v2\/comments?post=3313"}],"version-history":[{"count":1,"href":"https:\/\/at2e-usa.com\/es\/wp-json\/wp\/v2\/product\/3313\/revisions"}],"predecessor-version":[{"id":10123,"href":"https:\/\/at2e-usa.com\/es\/wp-json\/wp\/v2\/product\/3313\/revisions\/10123"}],"wp:featuredmedia":[{"embeddable":true,"href":"https:\/\/at2e-usa.com\/es\/wp-json\/wp\/v2\/media\/2864"}],"wp:attachment":[{"href":"https:\/\/at2e-usa.com\/es\/wp-json\/wp\/v2\/media?parent=3313"}],"wp:term":[{"taxonomy":"product_brand","embeddable":true,"href":"https:\/\/at2e-usa.com\/es\/wp-json\/wp\/v2\/product_brand?post=3313"},{"taxonomy":"product_cat","embeddable":true,"href":"https:\/\/at2e-usa.com\/es\/wp-json\/wp\/v2\/product_cat?post=3313"},{"taxonomy":"product_tag","embeddable":true,"href":"https:\/\/at2e-usa.com\/es\/wp-json\/wp\/v2\/product_tag?post=3313"}],"curies":[{"name":"wp","href":"https:\/\/api.w.org\/{rel}","templated":true}]}}