{"id":3314,"date":"2023-12-02T21:34:29","date_gmt":"2023-12-03T03:34:29","guid":{"rendered":"https:\/\/at2e-usa.com\/product\/acwd-a-dispositivo-automatico-de-pesaje-y-corte-de-botellas\/"},"modified":"2024-10-12T08:23:29","modified_gmt":"2024-10-12T13:23:29","slug":"acwd-a-dispositivo-automatico-de-pesaje-y-corte-de-botellas","status":"publish","type":"product","link":"https:\/\/at2e-usa.com\/es\/producto\/acwd-a-dispositivo-automatico-de-pesaje-y-corte-de-botellas\/","title":{"rendered":"\u200bACWD-A Dispositivo autom\u00e1tico de pesaje y corte de botellas"},"content":{"rendered":"<p><strong><u>Especificaciones te\u0301cnicas:<\/u><\/strong><\/p>\n<ul>\n<li>Rango de muestra:\n<ul>\n<li>Altura: hasta 370 mm<\/li>\n<li>Di\u00e1metro: 30 \u2013 115 mm<\/li>\n<li>Di\u00e1metro del cuello: 20 &#8211; 40 mm<\/li>\n<li>Longitud de la secci\u00f3n: 5 \u2013 140 mm<\/li>\n<\/ul>\n<\/li>\n<\/ul>\n<ul>\n<li>Rango de pesaje: 0 \u2013 500 g<\/li>\n<li>Resoluci\u00f3n de pesaje: 0,01 g<\/li>\n<li>Interfaz de datos: RS232<\/li>\n<li>Alimentaci\u00f3n principal: 120 V 60 Hz or 220 V \/ 50 Hz<\/li>\n<li>Suministro de aire: 5 &#8211; 8 Bar<\/li>\n<li>Overall size: 124\u2033 x 48\u2033 x 93\u2033 \/ 3150 x 1200 x 2355 mm (L x W x H)<\/li>\n<li>Net weight: 1060 lbs \/ 480 kg<\/li>\n<\/ul>\n<p><strong><u>Elementos opcionales:<\/u><\/strong><\/p>\n<ul>\n<li>Software de an\u00e1lisis y gesti\u00f3n de datos \u201cQUALIWEIGH\u201d<\/li>\n<li>Muestras de gran formato (bajo pedido)<\/li>\n<li>Soportes (barras\/pinzas) para otros tama\u00f1os de cuello<\/li>\n<\/ul>\n","protected":false},"excerpt":{"rendered":"<div class=\"paragraph\"><strong>Dispositivo Autom\u00e1tico de Corte y Pesaje de Botella para An\u00e1lisis de Control de Calidad<\/strong><\/div>\n<div>\n<div class=\"wsite-image wsite-image-border-none\">\n<div><\/div>\n<\/div>\n<\/div>\n<div class=\"paragraph translation-block\">El dispositivo autom\u00e1tico de corte y pesaje de botellas\u00a0AT2E<strong>\u00a0ACWD-50\u00a0<\/strong>ofrece una manera automatizada y econ\u00f3mica de cortar contenedores para el an\u00e1lisis del peso de secci\u00f3n.<br \/>\nEl corte y pesaje autom\u00e1tico, el control automatizado del proceso, aseguran la precisi\u00f3n y repetibilidad del corte, aumentan la precisi\u00f3n del an\u00e1lisis, proporcionan una mejor soluci\u00f3n para el an\u00e1lisis del peso de la secci\u00f3n de la botella y datos m\u00e1s confiables. Con\u00a0<strong>ACWD-50<\/strong>, una botella de PET podr\u00eda cortarse en 6 secciones predeterminadas y pesarse autom\u00e1ticamente en cada secci\u00f3n.\u200b<\/div>\n","protected":false},"featured_media":4194,"comment_status":"open","ping_status":"closed","template":"","meta":[],"product_brand":[],"product_cat":[71,77],"product_tag":[],"class_list":{"0":"post-3314","1":"product","2":"type-product","3":"status-publish","4":"has-post-thumbnail","6":"product_cat-botellas-de-plastico-pet","7":"product_cat-corte-de-envases","9":"first","10":"instock","11":"shipping-taxable","12":"product-type-simple"},"_links":{"self":[{"href":"https:\/\/at2e-usa.com\/es\/wp-json\/wp\/v2\/product\/3314","targetHints":{"allow":["GET"]}}],"collection":[{"href":"https:\/\/at2e-usa.com\/es\/wp-json\/wp\/v2\/product"}],"about":[{"href":"https:\/\/at2e-usa.com\/es\/wp-json\/wp\/v2\/types\/product"}],"replies":[{"embeddable":true,"href":"https:\/\/at2e-usa.com\/es\/wp-json\/wp\/v2\/comments?post=3314"}],"version-history":[{"count":1,"href":"https:\/\/at2e-usa.com\/es\/wp-json\/wp\/v2\/product\/3314\/revisions"}],"predecessor-version":[{"id":10124,"href":"https:\/\/at2e-usa.com\/es\/wp-json\/wp\/v2\/product\/3314\/revisions\/10124"}],"wp:featuredmedia":[{"embeddable":true,"href":"https:\/\/at2e-usa.com\/es\/wp-json\/wp\/v2\/media\/4194"}],"wp:attachment":[{"href":"https:\/\/at2e-usa.com\/es\/wp-json\/wp\/v2\/media?parent=3314"}],"wp:term":[{"taxonomy":"product_brand","embeddable":true,"href":"https:\/\/at2e-usa.com\/es\/wp-json\/wp\/v2\/product_brand?post=3314"},{"taxonomy":"product_cat","embeddable":true,"href":"https:\/\/at2e-usa.com\/es\/wp-json\/wp\/v2\/product_cat?post=3314"},{"taxonomy":"product_tag","embeddable":true,"href":"https:\/\/at2e-usa.com\/es\/wp-json\/wp\/v2\/product_tag?post=3314"}],"curies":[{"name":"wp","href":"https:\/\/api.w.org\/{rel}","templated":true}]}}