{"id":3316,"date":"2023-11-28T09:06:21","date_gmt":"2023-11-28T15:06:21","guid":{"rendered":"https:\/\/at2e-usa.com\/product\/dispositivo-automatico-de-corte-y-pesaje-de-botella-acwd-1\/"},"modified":"2024-10-12T08:23:59","modified_gmt":"2024-10-12T13:23:59","slug":"dispositivo-automatico-de-corte-y-pesaje-de-botella-acwd-1","status":"publish","type":"product","link":"https:\/\/at2e-usa.com\/es\/producto\/dispositivo-automatico-de-corte-y-pesaje-de-botella-acwd-1\/","title":{"rendered":"Dispositivo autom\u00e1tico de corte y pesaje de botella &#8211; ACWD-1"},"content":{"rendered":"<p class=\" translation-block\">Con\u00a0<strong>ACWD-1<\/strong>, una botella de PET podr\u00eda cortarse en 5 secciones predeterminadas y pesarse autom\u00e1ticamente en cada secci\u00f3n.\u200b<\/p>\n<p><strong><u>Caracter\u00edsticas:<\/u><\/strong><\/p>\n<ul>\n<li>Control autom\u00e1tico completo, posicionamiento autom\u00e1tico para un corte preciso;<\/li>\n<li>Corte y pesaje autom\u00e1tico de la secci\u00f3n;<\/li>\n<li>Los datos pueden ser revisados en la pantalla o a trav\u00e9s de software.<\/li>\n<\/ul>\n<p><strong><u>Especificaciones te\u0301cnicas:<\/u><\/strong><\/p>\n<ul>\n<li>Rango de muestra:<\/li>\n<\/ul>\n<p>\u2013 Altura: hasta 14.2\u201d \/ 360 mm<br \/>\n\u2013 Di\u00e1metro: hasta 1.2\u201d \u2013 4.5\u201d \/ 30 \u2013 115 mm<\/p>\n<ul>\n<li>Rango de pesaje: 0 \u2013 1.1 lbs \/ 0 \u2013 500 g<\/li>\n<li>Resoluci\u00f3n de pesaje: 0.00002 lbs \/ 0.01 g<\/li>\n<li>Velocidad del motor: 5 \u2013 50 rpm<\/li>\n<li>Suministro de aire: 120 V 60 Hz or 220 V \/ 50 Hz<\/li>\n<li>Interfaz de datos: RS232<\/li>\n<li>Alimentaci\u00f3n principal: 220 VAC \/ 50 Hz<\/li>\n<li>Tama\u00f1o total: 27.5\u201d x 23.6\u201d x 39.4\u201d \/ 700 x 600 x 1000 mm (L x W x H)<\/li>\n<li>Peso neto: 180 lbs \/80 kg<\/li>\n<\/ul>\n","protected":false},"excerpt":{"rendered":"<p><strong>Dispositivo Autom\u00e1tico de Corte y Pesaje de Botella para An\u00e1lisis de Control de Calidad<\/strong><\/p>\n<p class=\" translation-block\">El dispositivo autom\u00e1tico de corte y pesaje de botellas AT2E\u00a0<strong>ACWD-1\u00a0<\/strong>ofrece una manera automatizada y econ\u00f3mica de cortar contenedores para el an\u00e1lisis del peso de secci\u00f3n. El corte y pesaje autom\u00e1tico, el control automatizado del proceso, aseguran la precisi\u00f3n y repetibilidad del corte, aumentan la precisi\u00f3n del an\u00e1lisis, proporcionan una mejor soluci\u00f3n para el an\u00e1lisis del peso de la secci\u00f3n de la botella y datos m\u00e1s confiables.<\/p>\n","protected":false},"featured_media":9102,"comment_status":"open","ping_status":"closed","template":"","meta":[],"product_brand":[],"product_cat":[71,77],"product_tag":[],"class_list":{"0":"post-3316","1":"product","2":"type-product","3":"status-publish","4":"has-post-thumbnail","6":"product_cat-botellas-de-plastico-pet","7":"product_cat-corte-de-envases","9":"first","10":"instock","11":"shipping-taxable","12":"product-type-simple"},"_links":{"self":[{"href":"https:\/\/at2e-usa.com\/es\/wp-json\/wp\/v2\/product\/3316","targetHints":{"allow":["GET"]}}],"collection":[{"href":"https:\/\/at2e-usa.com\/es\/wp-json\/wp\/v2\/product"}],"about":[{"href":"https:\/\/at2e-usa.com\/es\/wp-json\/wp\/v2\/types\/product"}],"replies":[{"embeddable":true,"href":"https:\/\/at2e-usa.com\/es\/wp-json\/wp\/v2\/comments?post=3316"}],"version-history":[{"count":1,"href":"https:\/\/at2e-usa.com\/es\/wp-json\/wp\/v2\/product\/3316\/revisions"}],"predecessor-version":[{"id":10126,"href":"https:\/\/at2e-usa.com\/es\/wp-json\/wp\/v2\/product\/3316\/revisions\/10126"}],"wp:featuredmedia":[{"embeddable":true,"href":"https:\/\/at2e-usa.com\/es\/wp-json\/wp\/v2\/media\/9102"}],"wp:attachment":[{"href":"https:\/\/at2e-usa.com\/es\/wp-json\/wp\/v2\/media?parent=3316"}],"wp:term":[{"taxonomy":"product_brand","embeddable":true,"href":"https:\/\/at2e-usa.com\/es\/wp-json\/wp\/v2\/product_brand?post=3316"},{"taxonomy":"product_cat","embeddable":true,"href":"https:\/\/at2e-usa.com\/es\/wp-json\/wp\/v2\/product_cat?post=3316"},{"taxonomy":"product_tag","embeddable":true,"href":"https:\/\/at2e-usa.com\/es\/wp-json\/wp\/v2\/product_tag?post=3316"}],"curies":[{"name":"wp","href":"https:\/\/api.w.org\/{rel}","templated":true}]}}